{"id":30,"date":"2020-04-04T07:43:21","date_gmt":"2020-04-04T07:43:21","guid":{"rendered":"https:\/\/quintett.eu\/?page_id=30"},"modified":"2025-07-07T18:53:12","modified_gmt":"2025-07-07T16:53:12","slug":"termeni-si-conditii","status":"publish","type":"page","link":"https:\/\/quintett.eu\/?page_id=30","title":{"rendered":"Ochrana osobn\u00fdch \u00fadajov"},"content":{"rendered":"\n<p><\/p>\n\n\n\n<h1 class=\"wp-block-heading\">Inform\u00e1cie o spracovan\u00ed osobn\u00fdch \u00fadajov<\/h1>\n\n\n\n<h2 class=\"wp-block-heading\">I. Toto\u017enos\u0165 a kontaktn\u00e9 \u00fadaje prev\u00e1dzkovate\u013ea<\/h2>\n\n\n\n<p><strong>1.1<\/strong> Prev\u00e1dzkovate\u013eom va\u0161ich osobn\u00fdch \u00fadajov je obchodn\u00e1 spolo\u010dnos\u0165 AB TRADE GLOBAL sro., so s\u00eddlom Turen 319 , 90301, Senec , identifika\u010dn\u00e9 \u010d\u00edslo: 27114147, zap\u00edsan\u00e1 v obchodnom registri vedenom Okresnom sudom Bratislava I, oddiel B, vlo\u017eka 137135 (\u010falej len \u201e<strong>prev\u00e1dzkovate\u013e<\/strong>\u201c ).<\/p>\n\n\n\n<p><strong>1.2<\/strong> Kontaktn\u00e9 \u00fadaje prev\u00e1dzkovate\u013ea s\u00fa nasleduj\u00face: adresa pre doru\u010dovanie Turen 319 , 90301, Senec ,adresa elektronickej po\u0161ty abtradeoffice@gmail.com telef\u00f3n +<strong>421903366262<\/strong>.<\/p>\n\n\n\n<p><strong>1.3<\/strong> Prev\u00e1dzkovate\u013e nemenoval zodpovednou osobu pre ochranu osobn\u00fdch \u00fadajov.<\/p>\n\n\n\n<h2 class=\"wp-block-heading\">II. Z\u00e1konn\u00fd d\u00f4vod spracovania osobn\u00fdch \u00fadajov<\/h2>\n\n\n\n<p><strong>2.1<\/strong> Z\u00e1konn\u00fdm d\u00f4vodom spracovania va\u0161ich osobn\u00fdch \u00fadajov je skuto\u010dnos\u0165, \u017ee toto spracovanie je nevyhnutn\u00e9 pre splnenie zmluvy medzi vami a prev\u00e1dzkovate\u013eom, alebo pre vykonanie opatren\u00ed prev\u00e1dzkovate\u013eom pred uzatvoren\u00edm takej zmluvy v zmysle \u010dl. 6 ods. 1 p\u00edsm. b) Nariadenie Eur\u00f3pskeho parlamentu a Rady 2016\/679 o ochrane fyzick\u00fdch os\u00f4b v s\u00favislosti so spracovan\u00edm osobn\u00fdch \u00fadajov a o vo\u013enom pohybe t\u00fdchto \u00fadajov a o zru\u0161en\u00ed smernice 95\/46\/ES (v\u0161eobecn\u00e9 nariadenie o ochrane osobn\u00fdch \u00fadajov) (\u010falej len \u201e<strong>nariadenie<\/strong>\u201c).<\/p>\n\n\n\n<h2 class=\"wp-block-heading\">III. \u00da\u010del spracovania osobn\u00fdch \u00fadajov<\/h2>\n\n\n\n<p><strong>3.1<\/strong> \u00da\u010delom spracovania Va\u0161ich osobn\u00fdch \u00fadajov je plnenie zmluvy medzi Vami a prev\u00e1dzkovate\u013eom \u010di vykonanie opatren\u00ed prev\u00e1dzkovate\u013eom pred uzatvoren\u00edm takej zmluvy.<\/p>\n\n\n\n<p><strong>3.2<\/strong> Zo strany prev\u00e1dzkovate\u013ea doch\u00e1dza k automatick\u00e9mu individu\u00e1lnemu rozhodovaniu v zmysle \u010dl. 22 nariadenia. S tak\u00fdmto spracovan\u00edm ste poskytol\/a svoj v\u00fdslovn\u00fd s\u00fahlas.<\/p>\n\n\n\n<h2 class=\"wp-block-heading\">IV. Doba ulo\u017eenia osobn\u00fdch \u00fadajov<\/h2>\n\n\n\n<p><strong>4.1<\/strong> Va\u0161e osobn\u00e9 \u00fadaje bud\u00fa spracov\u00e1van\u00e9 po dobu trvania \u00fa\u010dinkov pr\u00e1v a povinnost\u00ed zo zmluvy, a \u010falej po dobu nutn\u00fa pre \u00fa\u010dely archivovania pod\u013ea pr\u00edslu\u0161n\u00fdch v\u0161eobecne z\u00e1v\u00e4zn\u00fdch pr\u00e1vnych predpisov, najdlh\u0161ie v\u0161ak po dobu stanoven\u00fa v\u0161eobecne z\u00e1v\u00e4zn\u00fdmi pr\u00e1vnymi predpismi.<\/p>\n\n\n\n<h2 class=\"wp-block-heading\">V. \u010eal\u0161\u00ed pr\u00edjemcovia osobn\u00fdch \u00fadajov<\/h2>\n\n\n\n<p><strong>5.1<\/strong> \u010eal\u0161\u00edmi pr\u00edjemcami va\u0161ich osobn\u00fdch \u00fadajov bud\u00fa zasielate\u013esk\u00e9 spolo\u010dnosti a in\u00e9 osoby podie\u013eaj\u00face sa na dodan\u00ed tovaru \u010di realiz\u00e1ci\u00ed platieb na z\u00e1klade k\u00fapnej zmluvy.<\/p>\n\n\n\n<p><strong>5.2<\/strong> Prev\u00e1dzkovate\u013e nem\u00e1 v \u00famysle odovzda\u0165 va\u0161e osobn\u00e9 \u00fadaje do tretej krajiny (do krajiny mimo EU) alebo medzin\u00e1rodnej organiz\u00e1ci\u00ed.<\/p>\n\n\n\n<h2 class=\"wp-block-heading\">VI. Pr\u00e1va subjektu \u00fadajov<\/h2>\n\n\n\n<p><strong>6.1<\/strong> Za podmienok stanoven\u00fdch v nariaden\u00ed m\u00e1te pr\u00e1vo po\u017eadova\u0165 od prev\u00e1dzkovate\u013ea pr\u00edstup k va\u0161im osobn\u00fdm \u00fadajom, pr\u00e1vo na opravu alebo vymazanie va\u0161ich osobn\u00fdch \u00fadajov, pr\u00edpadne obmedzenie ich spracovania, pr\u00e1vo vznies\u0165 n\u00e1mietku proti spracovaniu va\u0161ich osobn\u00fdch \u00fadajov, a \u010falej pr\u00e1vo na prenosite\u013enos\u0165 va\u0161ich osobn\u00fdch \u00fadajov.<\/p>\n\n\n\n<p><strong>6.2<\/strong> Pokia\u013e by ste sa domnievali, \u017ee spracovan\u00edm va\u0161ich osobn\u00fdch \u00fadajov bolo poru\u0161en\u00e9 \u010di je poru\u0161ovan\u00e9 nariadenie, m\u00e1te mimo in\u00e9ho pr\u00e1vo poda\u0165 s\u0165a\u017enos\u0165 u dozorn\u00e9ho \u00faradu.<\/p>\n\n\n\n<p><strong>6.3<\/strong> Nem\u00e1te povinnos\u0165 osobn\u00e9 \u00fadaje poskytn\u00fa\u0165. Poskytnutie va\u0161ich osobn\u00fdch \u00fadajov je nutnou po\u017eiadavkou pro uzatvorenie a plnenie zmluvy a bez poskytnutia va\u0161ich osobn\u00fdch \u00fadajov nie je mo\u017en\u00e9 zmluvu uzavrie\u0165 \u010di ju zo strany prev\u00e1dzkovate\u013ea splni\u0165.<\/p>\n","protected":false},"excerpt":{"rendered":"<p>Inform\u00e1cie o spracovan\u00ed osobn\u00fdch \u00fadajov I. Toto\u017enos\u0165 a kontaktn\u00e9 \u00fadaje prev\u00e1dzkovate\u013ea 1.1 Prev\u00e1dzkovate\u013eom va\u0161ich osobn\u00fdch \u00fadajov je obchodn\u00e1 spolo\u010dnos\u0165 AB TRADE GLOBAL sro., so s\u00eddlom Turen 319 , 90301, Senec , identifika\u010dn\u00e9 \u010d\u00edslo: 27114147, zap\u00edsan\u00e1 v obchodnom registri vedenom Okresnom sudom Bratislava I, oddiel B, vlo\u017eka 137135 (\u010falej len \u201eprev\u00e1dzkovate\u013e\u201c ). 1.2 Kontaktn\u00e9 \u00fadaje prev\u00e1dzkovate\u013ea<\/p>\n<div class=\"more-link\">\n             <a href=\"https:\/\/quintett.eu\/?page_id=30\" class=\"btn btn-theme\">Citi\u021bi mai multe text cu buton<i class=\"fa fa-fw fa-long-arrow-right\"><\/i><\/a>\n        <\/div>\n","protected":false},"author":1,"featured_media":0,"parent":0,"menu_order":0,"comment_status":"closed","ping_status":"closed","template":"","meta":{"footnotes":""},"class_list":["post-30","page","type-page","status-publish","hentry"],"wps_subtitle":"","jetpack_sharing_enabled":true,"_links":{"self":[{"href":"https:\/\/quintett.eu\/index.php?rest_route=\/wp\/v2\/pages\/30","targetHints":{"allow":["GET"]}}],"collection":[{"href":"https:\/\/quintett.eu\/index.php?rest_route=\/wp\/v2\/pages"}],"about":[{"href":"https:\/\/quintett.eu\/index.php?rest_route=\/wp\/v2\/types\/page"}],"author":[{"embeddable":true,"href":"https:\/\/quintett.eu\/index.php?rest_route=\/wp\/v2\/users\/1"}],"replies":[{"embeddable":true,"href":"https:\/\/quintett.eu\/index.php?rest_route=%2Fwp%2Fv2%2Fcomments&post=30"}],"version-history":[{"count":5,"href":"https:\/\/quintett.eu\/index.php?rest_route=\/wp\/v2\/pages\/30\/revisions"}],"predecessor-version":[{"id":13104,"href":"https:\/\/quintett.eu\/index.php?rest_route=\/wp\/v2\/pages\/30\/revisions\/13104"}],"wp:attachment":[{"href":"https:\/\/quintett.eu\/index.php?rest_route=%2Fwp%2Fv2%2Fmedia&parent=30"}],"curies":[{"name":"wp","href":"https:\/\/api.w.org\/{rel}","templated":true}]}}