{"id":41,"date":"2020-04-04T08:16:38","date_gmt":"2020-04-04T08:16:38","guid":{"rendered":"https:\/\/quintett.eu\/?page_id=41"},"modified":"2025-07-07T19:45:50","modified_gmt":"2025-07-07T17:45:50","slug":"utilizare-cookie","status":"publish","type":"page","link":"https:\/\/quintett.eu\/?page_id=41","title":{"rendered":"Cookie"},"content":{"rendered":"\n<p>Pou\u017e\u00edvanie s\u00faborov cookie<br>V spolo\u010dnosti ABTRADE GLOBAL S.R.O sa zav\u00e4zujeme chr\u00e1ni\u0165 s\u00fakromie a bezpe\u010dnos\u0165 na\u0161ich z\u00e1kazn\u00edkov a n\u00e1v\u0161tevn\u00edkov str\u00e1nok vr\u00e1tane v\u00e1s. \u010clenovia t\u00edmu ABTRADE GLOBAL S.R.O s\u00fa sami z\u00e1kazn\u00edkmi, a to ako spolo\u010dnosti ABTRADE GLOBAL S.R.O, tak aj in\u00fdch online obchodov. Preto si v\u00e1\u017eime a re\u0161pektujeme d\u00f4le\u017eitos\u0165 s\u00fakromia a bezpe\u010dnosti \u00fadajov na internete.<\/p>\n\n\n\n<p>Spolo\u010dnos\u0165 ABTRADE GLOBAL S.R.O  uchov\u00e1va a spracov\u00e1va osobn\u00e9 \u00fadaje v s\u00falade so z\u00e1konom o ochrane osobn\u00fdch \u00fadajov \u010d. 677\/2001 v znen\u00ed neskor\u0161\u00edch predpisov a doplnkov.<\/p>\n\n\n\n<p>\u010co s\u00fa z\u00e1sady pou\u017e\u00edvania s\u00faborov cookie?<\/p>\n\n\n\n<p>Tieto z\u00e1sady sa vz\u0165ahuj\u00fa na s\u00fabory cookie a webov\u00e9 str\u00e1nky prev\u00e1dzkovan\u00e9 spolo\u010dnos\u0165ou ABTRADE GLOBAL S.R.O so s\u00eddlom v Senci .<\/p>\n\n\n\n<p>\u010co s\u00fa s\u00fabory cookie?<\/p>\n\n\n\n<p>S\u00fabory cookie s\u00fa mal\u00e9 s\u00fabory pozost\u00e1vaj\u00face z p\u00edsmen a \u010d\u00edslic, ktor\u00e9 sa ukladaj\u00fa do po\u010d\u00edta\u010da, mobiln\u00e9ho termin\u00e1lu alebo in\u00e9ho zariadenia pou\u017e\u00edvate\u013ea, z ktor\u00e9ho sa pristupuje na internet. S\u00fabory cookie sa in\u0161taluj\u00fa na z\u00e1klade po\u017eiadavky vydanej webov\u00fdm serverom prehliada\u010du (napr. Internet Explorer, Chrome) a s\u00fa \u00faplne \u201epas\u00edvne\u201c (neobsahuj\u00fa softv\u00e9r, v\u00edrusy ani spyware a nem\u00f4\u017eu pristupova\u0165 k inform\u00e1ci\u00e1m na pevnom disku pou\u017e\u00edvate\u013ea).<\/p>\n\n\n\n<p>Na \u010do sa pou\u017e\u00edvaj\u00fa s\u00fabory cookie?<\/p>\n\n\n\n<p>S\u00fabory cookie m\u00f4\u017eu zabezpe\u010di\u0165 r\u00fdchlej\u0161iu a jednoduch\u0161iu interakciu medzi pou\u017e\u00edvate\u013emi a webov\u00fdmi str\u00e1nkami. Napr\u00edklad, ke\u010f sa pou\u017e\u00edvate\u013e over\u00ed na konkr\u00e9tnej webovej str\u00e1nke, overovacie \u00fadaje sa ulo\u017eia do s\u00faboru cookie; n\u00e1sledne m\u00f4\u017ee pou\u017e\u00edvate\u013e pristupova\u0165 na t\u00fato str\u00e1nku bez nutnosti op\u00e4tovn\u00e9ho overovania.<\/p>\n\n\n\n<p>V in\u00fdch pr\u00edpadoch sa s\u00fabory cookie m\u00f4\u017eu pou\u017ei\u0165 na ukladanie inform\u00e1ci\u00ed o aktivit\u00e1ch vykonan\u00fdch pou\u017e\u00edvate\u013eom na konkr\u00e9tnej webovej str\u00e1nke, aby pou\u017e\u00edvate\u013e mohol tieto aktivity jednoducho obnovi\u0165 pri neskor\u0161om pr\u00edstupe na str\u00e1nku. S\u00fabory cookie informuj\u00fa server o tom, ktor\u00e9 str\u00e1nky m\u00e1 pou\u017e\u00edvate\u013eovi zobrazi\u0165, tak\u017ee si ich pou\u017e\u00edvate\u013e nemus\u00ed pam\u00e4ta\u0165 ani prech\u00e1dza\u0165 celou str\u00e1nkou od za\u010diatku. S\u00fabory cookie mo\u017eno teda prirovna\u0165 k \u201ez\u00e1lo\u017ek\u00e1m\u201c, ktor\u00e9 pou\u017e\u00edvate\u013eovi presne povedia, kde na webovej str\u00e1nke prestal.<\/p>\n\n\n\n<p>Podobne s\u00fabory cookie m\u00f4\u017eu uklada\u0165 inform\u00e1cie o produktoch, ktor\u00e9 si pou\u017e\u00edvate\u013e objednal na str\u00e1nke elektronick\u00e9ho obchodu, \u010d\u00edm umo\u017e\u0148uj\u00fa koncept \u201en\u00e1kupn\u00e9ho ko\u0161\u00edka\u201c.<\/p>\n\n\n\n<p>Ak\u00e9 s\u00fabory cookie pou\u017e\u00edvame?<\/p>\n\n\n\n<p>Pou\u017e\u00edvame dva typy s\u00faborov cookie: rela\u010dn\u00e9 a trval\u00e9. Trval\u00e9 s\u00fabory cookie s\u00fa do\u010dasn\u00e9 s\u00fabory, ktor\u00e9 zost\u00e1vaj\u00fa na termin\u00e1li pou\u017e\u00edvate\u013ea, k\u00fdm sa neukon\u010d\u00ed rel\u00e1cia alebo k\u00fdm sa nezatvor\u00ed aplik\u00e1cia (webov\u00fd prehliada\u010d). Trval\u00e9 s\u00fabory cookie zost\u00e1vaj\u00fa v termin\u00e1li pou\u017e\u00edvate\u013ea ur\u010dit\u00fd \u010das pod\u013ea parametrov s\u00faboru cookie alebo k\u00fdm ich pou\u017e\u00edvate\u013e manu\u00e1lne neodstr\u00e1ni.<\/p>\n\n\n\n<p>Nevyhnutne potrebn\u00e9 s\u00fabory cookie v\u00e1m umo\u017e\u0148uj\u00fa navigova\u0165 na webovej str\u00e1nke a pou\u017e\u00edva\u0165 jej z\u00e1kladn\u00e9 funkcie. Zvy\u010dajne sa in\u0161taluj\u00fa iba v reakcii na va\u0161e akcie, ktor\u00e9 predstavuj\u00fa \u017eiados\u0165 o slu\u017eby. Tieto s\u00fabory cookie s\u00fa nevyhnutn\u00e9 pre pou\u017e\u00edvanie webov\u00fdch str\u00e1nok.<\/p>\n\n\n\n<p>Funk\u010dn\u00e9 s\u00fabory cookie sa pou\u017e\u00edvaj\u00fa na to, aby v\u00e1s rozpoznali, ke\u010f sa vr\u00e1tite na na\u0161u webov\u00fa str\u00e1nku, a umo\u017e\u0148uj\u00fa n\u00e1m poskytova\u0165 v\u00e1m vylep\u0161en\u00e9 a personalizovanej\u0161ie funkcie, ako je zapam\u00e4tanie si va\u0161ich preferenci\u00ed. Tieto s\u00fabory cookie zhroma\u017e\u010fuj\u00fa anonymn\u00e9 inform\u00e1cie a nem\u00f4\u017eu sledova\u0165 va\u0161e prehliadanie in\u00fdch webov\u00fdch str\u00e1nok.<\/p>\n\n\n\n<p>Analytick\u00e9 a v\u00fdkonnostn\u00e9 s\u00fabory cookie n\u00e1m umo\u017e\u0148uj\u00fa rozpozna\u0165 a po\u010d\u00edta\u0165 pou\u017e\u00edvate\u013eov a zhroma\u017e\u010fova\u0165 inform\u00e1cie o tom, ako sa webov\u00e1 str\u00e1nka pou\u017e\u00edva (napr\u00edklad str\u00e1nky, ktor\u00e9 pou\u017e\u00edvate\u013e otv\u00e1ra naj\u010dastej\u0161ie). To n\u00e1m pom\u00e1ha zlep\u0161i\u0165 sp\u00f4sob, ak\u00fdm na\u0161a webov\u00e1 str\u00e1nka funguje, napr\u00edklad t\u00fdm, \u017ee zabezpe\u010d\u00ed, aby ste mohli \u013eahko n\u00e1js\u0165 to, \u010do h\u013ead\u00e1te. Doba platnosti t\u00fdchto s\u00faborov cookie je maxim\u00e1lne 1 rok. V pr\u00edpade s\u00faborov cookie tret\u00edch str\u00e1n sa doba platnosti m\u00f4\u017ee l\u00ed\u0161i\u0165 a v niektor\u00fdch pr\u00edpadoch m\u00f4\u017ee presiahnu\u0165 2 roky.<\/p>\n\n\n\n<p>Webov\u00e1 str\u00e1nka QUINTETT pou\u017e\u00edva Google Analytics, slu\u017ebu webovej anal\u00fdzy poskytovan\u00fa spolo\u010dnos\u0165ou Google. Google Analytics pou\u017e\u00edva s\u00fabory cookie, ktor\u00e9 pom\u00e1haj\u00fa webovej str\u00e1nke analyzova\u0165, ako ju pou\u017e\u00edvate. Inform\u00e1cie generovan\u00e9 s\u00fabormi cookie o va\u0161om pou\u017e\u00edvan\u00ed webovej str\u00e1nky (vr\u00e1tane va\u0161ej IP adresy) bud\u00fa prenesen\u00e9 do spolo\u010dnosti Google a ulo\u017een\u00e9 na serveroch v E\u00da, EHP a\/alebo Spojen\u00fdch \u0161t\u00e1toch. Spolo\u010dnos\u0165 Google pou\u017eije tieto inform\u00e1cie na vyhodnotenie v\u00e1\u0161ho pou\u017e\u00edvania webovej str\u00e1nky, zostavenie spr\u00e1v o aktivite na webovej str\u00e1nke pre prev\u00e1dzkovate\u013eov webov\u00fdch str\u00e1nok a poskytovanie \u010fal\u0161\u00edch slu\u017eieb s\u00favisiacich s aktivitou na webovej str\u00e1nke a pou\u017e\u00edvan\u00edm internetu.<\/p>\n\n\n\n<p>Marketingov\u00e9 a cielen\u00e9 s\u00fabory cookie zaznamen\u00e1vaj\u00fa va\u0161u n\u00e1v\u0161tevu na\u0161ej webovej str\u00e1nky, str\u00e1nky, ktor\u00e9 ste nav\u0161t\u00edvili, a odkazy, na ktor\u00e9 ste klikli. Tieto inform\u00e1cie pou\u017eijeme na poskytovanie relevantnej\u0161ej reklamy.<\/p>\n\n\n\n<h4 class=\"wp-block-heading\"><strong>Confidentialitatea datelor si Politica de utilizare Cookie-uri<\/strong><\/h4>\n\n\n\n<p>La ABTRADE GLOBAL  ne angajam sa protejam confidentialitatea si securitatea clientilor nostri si vizitatorilor site-ului, inclusiv tie. Membrii echipei QUINTETT sunt chiar ei clienti, atat ai QUINTETT cat si ai altor magazine online. Prin urmare, apreciem si respectam importanta confidentialitatii si securitatii datelor de pe internet.<\/p>\n\n\n\n<p>FashionUP.ro stocheaza si prelucreaza datele cu caracter personal, in conformitate cu Legea privind protectia datelor cu caracter personal Nr. 677\/2001, cu modificarile si completarile ulterioare.<\/p>\n\n\n\n<h4 class=\"wp-block-heading\"><strong>Ce este politica de utilizare Cookie-uri?<\/strong><\/h4>\n\n\n\n<p>Aceasta politica serefera la cookie-urile si paginile web operate de FashionUP, cu sediul social in Bucure\u0219ti.<\/p>\n\n\n\n<h4 class=\"wp-block-heading\"><strong>Ce sunt Cookie-urile?<\/strong><\/h4>\n\n\n\n<p>Cookie-urile sunt fisierede mici dimensiuni, formate din litere si numere, care vor fi stocate pe computerul, terminalul mobil sau alte echipamente ale unui utilizator de pe care se acceseaza internetul. Cookie-urile sunt instalate prin solicitarea emisa de catre un web-server unui browser (ex: Internet Explorer, Chrome) si sunt complet \u201epasive\u201d (nu contin programe software, virusi sau spyware si nu pot accesa informatiile de pe hard driverul utilizatorului).<\/p>\n\n\n\n<h4 class=\"wp-block-heading\"><strong>La ce sunt folosite Cookie-urile?<\/strong><\/h4>\n\n\n\n<p>Cookie-urile pot asigura o interactiune mai rapida si mai usoara intre utilizatori si site-urile web. Spre exemplu, in momentul autentificarii unui utilizator pe un anumit site web, datele de autentificare sunt stocate intr-un cookie; ulterior, utilizatorul poate accesa respectivul site fara sa fie nevoie sa se autentifice din nou.<\/p>\n\n\n\n<p>In &nbsp;alte cazuri, cookie-urile pot fi utilizate pentru stocarea de informatii referitoare la activitatile desfasurate de utilizator pe o anumita pagina web, astfel incat acesta sa isi poata relua usor respectivele activitati la o accesare ulterioara a site-ului. Cookie-urile spun serverului ce pagini trebuie sa arate utilizatorului, astfel incat acesta sa nu fie nevoit sa isi aminteasca acest lucru sau sa navigheze intregul site de la inceput. Astfel, cookie-urile pot fi asimilate unor \u201esemne de carte\u201d care ii spun utilizatorului exact unde a ramas in cadrul unui site web.<\/p>\n\n\n\n<p>In mod similar, cookie-urile pot stoca informatii referitoare la produsele comandate de catre utilizator pe un site de comert electronic, facand astfel posibil conceptul de \u201ecos de cumparaturi\u201d.<\/p>\n\n\n\n<h4 class=\"wp-block-heading\"><strong>Ce Cookie-uri folosim?<\/strong><\/h4>\n\n\n\n<p>Folosim doua tipuri de Cookie-uri: per sesiune si fixe. Cookie-urile fixe sunt fisiere temporare ce raman in terminalul utilizatorului pana la terminarea sesiunii sau inchiderea aplicatiei (browser-ului web). Fisierele fixe raman pe terminalul utilizatorului pe o perioada in parametrii Cookie-ului sau pana sunt sterse manual de utilizator.<\/p>\n\n\n\n<ul class=\"wp-block-list\">\n<li>Fi\u0219iere de tip cookie absolut necesare&nbsp;v\u0103 permit s\u0103 naviga\u021bi pe Website \u0219i s\u0103 \u00eei utiliza\u021bi func\u021biile de baz\u0103. De obicei, acestea sunt instalate doar ca r\u0103spuns la ac\u021biunile efectuate de dvs. care echivaleaz\u0103 cu o cerere de servicii. Aceste fi\u0219iere de tip cookie sunt indispensabile pentru utilizarea Website-urilor.<\/li>\n\n\n\n<li>Fi\u0219iere de tip cookie privind func\u021bionalitatea&nbsp;sunt utilizate pentru a v\u0103 recunoa\u0219te atunci c\u00e2nd reveni\u021bi pe Website-ul nostru \u0219i ne permit s\u0103 v\u0103 oferim func\u021bii \u00eembun\u0103t\u0103\u021bite \u0219i mai personalizate, cum ar fi reamintirea preferin\u021belor dvs.&nbsp; Aceste fi\u0219iere de tip cookie colecteaz\u0103 informa\u021bii anonime \u0219i nu pot urm\u0103ri navig\u0103rile dvs. pe alte site-uri web.<\/li>\n\n\n\n<li>Fi\u0219iere de tip cookie analitice \u0219i privind performan\u021ba&nbsp;ne permit s\u0103 recunoa\u0219tem \u0219i s\u0103 num\u0103r\u0103m utilizatorii \u0219i s\u0103 colect\u0103m informa\u021bii despre modul \u00een care este utilizat Website-ul (de exemplu, paginile pe care un utilizator le deschide cel mai des). Aceasta ne ajut\u0103 s\u0103 \u00eembun\u0103t\u0103\u021bim modul \u00een care func\u021bioneaz\u0103 Website-ul nostru, de exemplu, asigur\u00e2nd c\u0103 pute\u021bi g\u0103si u\u0219or ceea ce c\u0103uta\u021bi. Perioada de expirare a acestor fi\u0219iere de tip cookie este de maximum 1 ani.&nbsp;\u00cen ceea ce prive\u015fte third-party cookies, perioada de expirare poate s\u0103 varieze \u015fi \u00een unele cazuri poate dep\u0103\u015fi 2 ani.<\/li>\n\n\n\n<li>Website-ul FashionUP utilizeaz\u0103 Google Analytics, un serviciu pentru analiza web, furnizat de Google. Google Analytics utilizeaz\u0103 fi\u0219iere de tip cookie pentru a ajuta un anumit Website s\u0103 analizeze modul \u00een care utiliza\u021bi respectivul Website. Informa\u021biile generate de fi\u0219ierele de tip cookie cu privire la utilizarea de c\u0103tre dvs. a Website-ului (inclusiv adresa dvs. IP)&nbsp; vor fi transmise \u0219i stocate de Google pe servere care pot fi localizate \u00een UE, SEE \u015fi\/sau Statele Unite. Google va utiliza aceste informa\u021bii \u00een scopul evalu\u0103rii utiliz\u0103rii de c\u0103tre dvs. a Website-ului, elabor\u00e2nd rapoarte cu privire la activitatea Website-ului pentru operatorii Website-ului \u0219i furniz\u00e2nd alte servicii referitoare la activitatea Website-ului \u0219i la utilizarea internetului.<\/li>\n<\/ul>\n\n\n\n<ul class=\"wp-block-list\">\n<li>Fi\u0219iere de tip cookie privind marketing \u0219i identificarea publicului \u021bint\u0103&nbsp;\u00eenregistreaz\u0103 vizita dvs. pe Website-ul nostru, paginile pe care le-a\u021bi vizitat \u0219i link-urile pe care le-a\u021bi accesat. Vom utiliza aceste informa\u021bii pentru a oferi reclame mai relevante pentru dvs. \u0219i interesele dvs. De asemenea, acestea sunt utilizate pentru a limita frecven\u021ba cu care pute\u021bi vedea o reclam\u0103 \u0219i pentru a ajuta la m\u0103surarea eficien\u021bei campaniilor publicitare. De asemenea, putem \u00eemp\u0103rt\u0103\u0219i aceste informa\u021bii cu ter\u021be-p\u0103r\u021bi (cum ar fi agen\u021bii de publicitate) \u00een acest scop. Perioada de expirare a acestor fi\u0219iere de tip cookie este de maximum 2 ani.&nbsp;\u00cen ceea ce prive\u015fte third-party cookies, perioada de expirare poate s\u0103 varieze \u015fi \u00een unele cazuri poate dep\u0103\u015fi 2 ani.<\/li>\n\n\n\n<li>Fi\u0219iere de tip cookie privind re\u021belele sociale&nbsp;v\u0103 permit s\u0103 \u00eemp\u0103rt\u0103\u0219i\u021bi pe site-ul web activitatea dvs. pe re\u021bele sociale, cum ar fi Facebook.<\/li>\n<\/ul>\n\n\n\n<h4 class=\"wp-block-heading\"><strong>Contin Cookie-urile date personale?<\/strong><\/h4>\n\n\n\n<p>Cookie-urile in sine nu solicita informatii cu caracter personal pentru a putea fi utilizate si, in cele mai multe cazuri, nu identifica personal utilizatorii de internet. Datele personale colectate prin utilizarea Cookie-urilor pot fi colectate doar pentrua facilita anumite functionalitati pentru utilizator. Aceste date sunt criptate intr-un mod care face imposibil accesul persoanelor neautorizate la ele.<\/p>\n\n\n\n<h4 class=\"wp-block-heading\"><strong>Stergerea Cookie-urilor<\/strong><\/h4>\n\n\n\n<p>Limitarea folosirii Cookie-urilor sau \u0219tergerea lor poate afecta anumite functionalitati ale paginii web. Daca totusi doresti sa le stergi, sectiunea \u201eHelp\u201d din browser-ul pe care il folosesti, ar trebui s\u0103 ofere instructiuni cu privire la modul de a localiza fisierul sau directorul care stocheaza cookie-uri.<\/p>\n\n\n\n<p>V\u0103 pute\u021bi retrage consim\u021b\u0103m\u00e2ntul privind fi\u0219ierele de tip cookie \u00een orice moment.<\/p>\n\n\n\n<p>\u00cen cazul \u00een care dori\u021bi s\u0103 elimina\u021bi fi\u0219ierele de tip cookie stocate pe dispozitivele dvs. \u0219i s\u0103 configura\u021bi browserul dvs. web astfel \u00eenc\u00e2t s\u0103 refuze fi\u0219iere de tip cookie, pute\u021bi s\u0103 utiliza\u021bi set\u0103rile privind preferin\u021bele din browser-ul dvs. web. De&nbsp; obicei, pute\u021bi g\u0103si set\u0103rile de navigare referitoare la fi\u0219iere de tip cookie \u00een meniurile \u201eOp\u021biuni\u201d, \u201eInstrumente\u201d sau \u201ePreferin\u021be\u201d din browserul web pe&nbsp; care \u00eel utiliza\u021bi pentru a accesa Website-urile noastre. \u00cen func\u021bie de browserele web existente, pot fi utilizate mijloace diverse pentru a dezactiva fi\u0219ierele de tip cookie. Pentru a ob\u021bine mai multe informa\u021bii, v\u0103 rug\u0103m s\u0103 vizita\u021bi website-ul browserelor dvs.:<\/p>\n\n\n\n<ul class=\"wp-block-list\">\n<li>Set\u0103ri cookie \u00een Internet Explorer \u2013&nbsp;<a href=\"https:\/\/support.microsoft.com\/en-us\/help\/17442\/windows-internet-explorer-delete-manage-cookies#ie=ie-11\">Internet Explorer<\/a>;<\/li>\n\n\n\n<li>Set\u0103ri cookie \u00een Firefox \u2013&nbsp;<a href=\"https:\/\/support.mozilla.org\/en-US\/kb\/enable-and-disable-cookies-website-preferences\">Firefox<\/a>;<\/li>\n\n\n\n<li>Set\u0103ri cookie \u00een Chrome \u2013&nbsp;<a href=\"https:\/\/support.google.com\/chrome\/answer\/95647?hl=en&amp;hlrm=en\">Chrome<\/a>;<\/li>\n\n\n\n<li>Set\u0103ri cookie \u00een Safari \u2013&nbsp;<a href=\"https:\/\/support.apple.com\/guide\/safari\/manage-cookies-and-website-data-sfri11471\/mac\">Safari<\/a>;<\/li>\n\n\n\n<li>Set\u0103ri cookie \u00een Edge \u2013&nbsp;<a href=\"https:\/\/privacy.microsoft.com\/en-us\/windows-10-microsoft-edge-and-privacy\">Edge<\/a>;<\/li>\n\n\n\n<li>Set\u0103ri cookie \u00een Opera \u2013&nbsp;<a href=\"https:\/\/www.opera.com\/help\/tutorials\/security\/privacy\/\">Opera<\/a>.<\/li>\n<\/ul>\n\n\n\n<p>Te rugam sa retii ca prin stergerea sau dezactivarea cookie-urile viitoare, experienta ta de utilizator poate fi afectata si s-ar putea sa nu fii in masura sa profiti de anumite functii ale site-ului nostru.<\/p>\n\n\n\n<p>Mai multe detalii desprecookies po\u021bi afla de aici: http:\/\/www.allaboutcookies.org\/.<\/p>\n","protected":false},"excerpt":{"rendered":"<p>Pou\u017e\u00edvanie s\u00faborov cookieV spolo\u010dnosti ABTRADE GLOBAL S.R.O sa zav\u00e4zujeme chr\u00e1ni\u0165 s\u00fakromie a bezpe\u010dnos\u0165 na\u0161ich z\u00e1kazn\u00edkov a n\u00e1v\u0161tevn\u00edkov str\u00e1nok vr\u00e1tane v\u00e1s. \u010clenovia t\u00edmu ABTRADE GLOBAL S.R.O s\u00fa sami z\u00e1kazn\u00edkmi, a to ako spolo\u010dnosti ABTRADE GLOBAL S.R.O, tak aj in\u00fdch online obchodov. Preto si v\u00e1\u017eime a re\u0161pektujeme d\u00f4le\u017eitos\u0165 s\u00fakromia a bezpe\u010dnosti \u00fadajov na internete. Spolo\u010dnos\u0165 ABTRADE GLOBAL<\/p>\n<div class=\"more-link\">\n             <a href=\"https:\/\/quintett.eu\/?page_id=41\" class=\"btn btn-theme\">Citi\u021bi mai multe text cu buton<i class=\"fa fa-fw fa-long-arrow-right\"><\/i><\/a>\n        <\/div>\n","protected":false},"author":1,"featured_media":0,"parent":0,"menu_order":0,"comment_status":"closed","ping_status":"closed","template":"","meta":{"footnotes":""},"class_list":["post-41","page","type-page","status-publish","hentry"],"wps_subtitle":"","jetpack_sharing_enabled":true,"_links":{"self":[{"href":"https:\/\/quintett.eu\/index.php?rest_route=\/wp\/v2\/pages\/41","targetHints":{"allow":["GET"]}}],"collection":[{"href":"https:\/\/quintett.eu\/index.php?rest_route=\/wp\/v2\/pages"}],"about":[{"href":"https:\/\/quintett.eu\/index.php?rest_route=\/wp\/v2\/types\/page"}],"author":[{"embeddable":true,"href":"https:\/\/quintett.eu\/index.php?rest_route=\/wp\/v2\/users\/1"}],"replies":[{"embeddable":true,"href":"https:\/\/quintett.eu\/index.php?rest_route=%2Fwp%2Fv2%2Fcomments&post=41"}],"version-history":[{"count":7,"href":"https:\/\/quintett.eu\/index.php?rest_route=\/wp\/v2\/pages\/41\/revisions"}],"predecessor-version":[{"id":13115,"href":"https:\/\/quintett.eu\/index.php?rest_route=\/wp\/v2\/pages\/41\/revisions\/13115"}],"wp:attachment":[{"href":"https:\/\/quintett.eu\/index.php?rest_route=%2Fwp%2Fv2%2Fmedia&parent=41"}],"curies":[{"name":"wp","href":"https:\/\/api.w.org\/{rel}","templated":true}]}}