{"id":10105,"date":"2024-03-08T18:27:19","date_gmt":"2024-03-08T16:27:19","guid":{"rendered":"https:\/\/quintett.eu\/?product=kali-audio-in-ufn"},"modified":"2025-07-04T11:08:48","modified_gmt":"2025-07-04T09:08:48","slug":"kali-audio-in-ufn","status":"publish","type":"product","link":"https:\/\/quintett.eu\/?product=kali-audio-in-ufn","title":{"rendered":"Kali Audio IN UFN"},"content":{"rendered":"<p>Sistem de monitoare studio Kali Audio In UFN<\/p>\n<ul>\n<li>Sistem monitoare de studio active<\/li>\n<li>Amplificator: clasa D<\/li>\n<li>DSP integrat<\/li>\n<li>Configurare putere: 2 canale, fiecare bi-amplificat (LF+MR\/HF)<\/li>\n<li>Putere medie\/HF pe canal: 60 W (continuu)<\/li>\n<li>Putere LF pe canal: 100 W (continuu)<\/li>\n<li>Driver HF: Tweeter cu dom textil de 1\u201d<\/li>\n<li>Driver de medii: h\u00e2rtie de profil optimizat\u0103 de 4\u201d<\/li>\n<li>Driver LF: Woofer de 4,5\u201d<\/li>\n<li>R\u0103spuns \u00een frecven\u021b\u0103 (-10 dB): 39 Hz &#8211; 25 kHz<\/li>\n<li>Gama de frecven\u021be (\u00b13 dB): 47 Hz &#8211; 21 kHz<\/li>\n<li>Distan\u021ba de ascultare recomandat\u0103: 0,8 metri<\/li>\n<li>SPL maxim: (peek la 1M) 103 dB<\/li>\n<li>THD sistem: (85dB SPL la 8M) &lt;3% de la 80 Hz la 1,7 kHz &lt;2% peste 1,7 kHz<\/li>\n<li>Intr\u0103ri stereo:\n<ul>\n<li>Jack de 3.5 mm (nebalansat, -10dBV)<\/li>\n<li>Optic\u0103 (digital\u0103)<\/li>\n<li>USB-C (digital)<\/li>\n<li>TRS (balansat, +4dBu)<\/li>\n<\/ul>\n<\/li>\n<li>Conversie: 24-bit\/48kHz<\/li>\n<li>Trimuri: LF, MR, HF +\/-2dB, LF +4dB<\/li>\n<li>Dimensiuni:\n<ul>\n<li>\u00cen\u0103l\u021bime:\u00a029.4 cm\u00a0(unitate de bass)<\/li>\n<li>L\u0103\u021bime: 49.4 cm (unitate de bass),\u00a015.8 cm (diametru boxe satelit)<\/li>\n<li>Ad\u00e2ncime:\u00a013.3 cm\u00a0(unitate de bass)<\/li>\n<\/ul>\n<\/li>\n<li>Greutate: 11.2 kg<\/li>\n<\/ul>\n","protected":false},"excerpt":{"rendered":"<p>Sistem de monitoare studio Kali Audio In UFN creat special pentru a fi utilizat \u00een spa\u021bii de dimensiuni mai mici, ce ofer\u0103 o reproducere excelent\u0103 a sunetului, ultra-transparent\u0103, permi\u021b\u00e2nd s\u0103 auzi\u021bi fiecare detaliu al mix-ului. Sistemul audio In UFN este compus din dou\u0103 boxe satelit \u0219i o unitate de bass.<\/p>\n<p>Unitatea de bass g\u0103zduie\u0219te dou\u0103 woofer-uri de 4.5\u201d pozi\u021bionate pe orizontal\u0103, astfel \u00eenc\u00e2t nicio vibra\u021bie nu este transferat\u0103 pe suprafa\u021ba pe care este a\u0219ezat\u0103 unitatea.<\/p>\n<p>Boxele audio satelit sunt montate pe un suport de silicon ce permite reglarea \u00een unghiul dorit.<\/p>\n<p>Un alt avantaj al sistemului este ca pute\u021bi controla nivelul drivere-lor de frecven\u021b\u0103 joas\u0103, medie \u0219i frecven\u021b\u0103 \u00eenalt\u0103 cu ajutorul comenzilor de reglare de +\/- 2 dB, iar dac\u0103 dori\u021bi, pute\u021bi cre\u0219te bass-ul cu +4 dB.<\/p>\n<p>Datorit\u0103 Switch-urilor DIP, Kali Audio IN-UNF poate fi amplasat oriunde este biroul dvs., fie c\u0103 este l\u00e2ng\u0103 perete, \u00een mijlocul camerei, \u00eentr-un col\u021b sau chiar \u00eentr-un spa\u021biu \u00eengust, cu pere\u021bi pe ambele p\u0103r\u021bi<\/p>\n","protected":false},"featured_media":10177,"comment_status":"open","ping_status":"closed","template":"","meta":[],"product_brand":[],"product_cat":[961],"product_tag":[410,305,301,957],"class_list":{"0":"post-10105","1":"product","2":"type-product","3":"status-publish","4":"has-post-thumbnail","6":"product_cat-kali-audio","7":"product_tag-boxe-active","8":"product_tag-boxe-studio","9":"product_tag-kali-audio","10":"product_tag-kali-audio-in-ufn","12":"first","13":"instock","14":"purchasable","15":"product-type-simple"},"jetpack_sharing_enabled":true,"_links":{"self":[{"href":"https:\/\/quintett.eu\/index.php?rest_route=\/wp\/v2\/product\/10105","targetHints":{"allow":["GET"]}}],"collection":[{"href":"https:\/\/quintett.eu\/index.php?rest_route=\/wp\/v2\/product"}],"about":[{"href":"https:\/\/quintett.eu\/index.php?rest_route=\/wp\/v2\/types\/product"}],"replies":[{"embeddable":true,"href":"https:\/\/quintett.eu\/index.php?rest_route=%2Fwp%2Fv2%2Fcomments&post=10105"}],"wp:featuredmedia":[{"embeddable":true,"href":"https:\/\/quintett.eu\/index.php?rest_route=\/wp\/v2\/media\/10177"}],"wp:attachment":[{"href":"https:\/\/quintett.eu\/index.php?rest_route=%2Fwp%2Fv2%2Fmedia&parent=10105"}],"wp:term":[{"taxonomy":"product_brand","embeddable":true,"href":"https:\/\/quintett.eu\/index.php?rest_route=%2Fwp%2Fv2%2Fproduct_brand&post=10105"},{"taxonomy":"product_cat","embeddable":true,"href":"https:\/\/quintett.eu\/index.php?rest_route=%2Fwp%2Fv2%2Fproduct_cat&post=10105"},{"taxonomy":"product_tag","embeddable":true,"href":"https:\/\/quintett.eu\/index.php?rest_route=%2Fwp%2Fv2%2Fproduct_tag&post=10105"}],"curies":[{"name":"wp","href":"https:\/\/api.w.org\/{rel}","templated":true}]}}