{"id":10117,"date":"2024-03-13T11:16:02","date_gmt":"2024-03-13T09:16:02","guid":{"rendered":"https:\/\/quintett.eu\/?post_type=product&#038;p=10117"},"modified":"2024-03-29T14:51:56","modified_gmt":"2024-03-29T12:51:56","slug":"kurzweil-m70-wh-pian-digital","status":"publish","type":"product","link":"https:\/\/quintett.eu\/?product=kurzweil-m70-wh-pian-digital","title":{"rendered":"KURZWEIL M70 WH &#8211; Pian digital"},"content":{"rendered":"<p>Specificatii:<\/p>\n<p style=\"text-align: left;\">Num\u0103r de taste: 88<\/p>\n<p style=\"text-align: left;\">Set audio cu 2 difuzoare<br \/>\nCuloare alb\u0103<br \/>\nTastatur\u0103: Ac\u021biune cu ciocanul<br \/>\nTip tastatur\u0103: grea<br \/>\nSuprafa\u021ba tastaturii: neted\u0103<br \/>\nAcompaniamente automate: Da<br \/>\nSistem de predare: DaNum\u0103r de sunete: 16<br \/>\nIntr\u0103ri: MIDI IN, USB<br \/>\nIe\u0219iri: 3x pedal\u0103<br \/>\nPolifonie: 64<br \/>\nUSB la dispozitiv: Nu<br \/>\nUSB midi: da<br \/>\nLatime: 1620 mm<br \/>\nAd\u00e2ncime: 440 mm<br \/>\nInaltime: 535 mm<br \/>\nTara de productie: China<\/p>\n<p><span class=\"HwtZe\" lang=\"ro\">\u00a0<\/span><\/p>\n","protected":false},"excerpt":{"rendered":"<p><span class=\"HwtZe\" lang=\"ro\"><span class=\"jCAhz ChMk0b\"><span class=\"ryNqvb\">M70 de la cunoscutul produc\u0103tor Kurzweil este un pian de \u00eenalt\u0103 calitate \u0219i accesibil.<\/span><\/span> <span class=\"jCAhz ChMk0b\"><span class=\"ryNqvb\">Tastatura echilibrat\u0103 cu 88 de taste, care simuleaz\u0103 perfect mecanismul clasic de ciocan, garanteaz\u0103 sunetul potrivit \u0219i senza\u021bia potrivit\u0103 de joc.<\/span><\/span> <span class=\"jCAhz ChMk0b\"><span class=\"ryNqvb\">\u00cencep\u0103torii vor aprecia sistemul tutorial, metronomul \u0219i acompaniamentele automate pentru a v\u0103 ajuta s\u0103 v\u0103 \u00eembun\u0103t\u0103\u021bi\u021bi jocul.<\/span><\/span> <span class=\"jCAhz ChMk0b\"><span class=\"ryNqvb\">Un bonus frumos este capacitatea de a conecta MIDI In \u0219i un recorder MIDI.<\/span><\/span> <span class=\"jCAhz ChMk0b\"><span class=\"ryNqvb\">Pachetul include si un scaun nereglabil.<\/span><\/span><\/span><\/p>\n","protected":false},"featured_media":10167,"comment_status":"open","ping_status":"closed","template":"","meta":[],"product_brand":[],"product_cat":[391],"product_tag":[962,963,964,65],"class_list":{"0":"post-10117","1":"product","2":"type-product","3":"status-publish","4":"has-post-thumbnail","6":"product_cat-thomann","7":"product_tag-kurzweil","8":"product_tag-kurzweil-m70-wh","9":"product_tag-kurzweil-m70-wh-pian-digital","10":"product_tag-pian-digital","12":"first","13":"instock","14":"sale","15":"purchasable","16":"product-type-simple"},"jetpack_sharing_enabled":true,"_links":{"self":[{"href":"https:\/\/quintett.eu\/index.php?rest_route=\/wp\/v2\/product\/10117","targetHints":{"allow":["GET"]}}],"collection":[{"href":"https:\/\/quintett.eu\/index.php?rest_route=\/wp\/v2\/product"}],"about":[{"href":"https:\/\/quintett.eu\/index.php?rest_route=\/wp\/v2\/types\/product"}],"replies":[{"embeddable":true,"href":"https:\/\/quintett.eu\/index.php?rest_route=%2Fwp%2Fv2%2Fcomments&post=10117"}],"wp:featuredmedia":[{"embeddable":true,"href":"https:\/\/quintett.eu\/index.php?rest_route=\/wp\/v2\/media\/10167"}],"wp:attachment":[{"href":"https:\/\/quintett.eu\/index.php?rest_route=%2Fwp%2Fv2%2Fmedia&parent=10117"}],"wp:term":[{"taxonomy":"product_brand","embeddable":true,"href":"https:\/\/quintett.eu\/index.php?rest_route=%2Fwp%2Fv2%2Fproduct_brand&post=10117"},{"taxonomy":"product_cat","embeddable":true,"href":"https:\/\/quintett.eu\/index.php?rest_route=%2Fwp%2Fv2%2Fproduct_cat&post=10117"},{"taxonomy":"product_tag","embeddable":true,"href":"https:\/\/quintett.eu\/index.php?rest_route=%2Fwp%2Fv2%2Fproduct_tag&post=10117"}],"curies":[{"name":"wp","href":"https:\/\/api.w.org\/{rel}","templated":true}]}}