{"id":10132,"date":"2024-03-26T17:22:44","date_gmt":"2024-03-26T15:22:44","guid":{"rendered":"https:\/\/quintett.eu\/?post_type=product&#038;p=10132"},"modified":"2024-03-29T14:35:08","modified_gmt":"2024-03-29T12:35:08","slug":"10132","status":"publish","type":"product","link":"https:\/\/quintett.eu\/?product=10132","title":{"rendered":"LightShark LS-1"},"content":{"rendered":"<div class=\"text-original js-prod-text-original\">\n<h4 class=\"fx-product-headline product-title__title\">LightShark LS-1<\/h4>\n<p>Consol\u0103 de control al luminii bazat\u0103 pe browser web hibrid<br \/>\nConsola independent\u0103 de lumin\u0103 poate fi controlat\u0103 prin browser web prin orice tablet\u0103, smartphone sau PC<br \/>\n4 ro\u021bi codificatoare<br \/>\n10 Fadere de redare<br \/>\nFader Grand Master<br \/>\nAfi\u0219aj color \u0219i taste func\u021bionale<br \/>\nInterfa\u021b\u0103 de utilizator u\u0219or de utilizat \u0219i intuitiv\u0103 cu func\u021bie Multi-Touch<br \/>\nServer web intern cu punct de acces wireless<br \/>\nSuport\u0103 DMX, ArtNet, ACN, MIDI, UDP, OSC \u0219i HTTP<br \/>\nGenerator de efecte \u00eencorporat cu efecte modificabile<br \/>\nDimensiune \u0219i vitez\u0103 FX reglabile<br \/>\nFanning<br \/>\nNum\u0103r nelimitat de preset\u0103ri de utilizator<br \/>\nFereastra Executor definibil\u0103 de utilizator<br \/>\nFade manual\u0103 \u00eencruci\u0219at\u0103 pentru aplica\u021bii de teatru<br \/>\nP\u00e2n\u0103 la 4 universuri DMX prin ArtNet \/ P\u00e2n\u0103 la 8 universuri\u00a0 DMX prin sACN E1.3.1<br \/>\nBibliotec\u0103 extins\u0103 de dispozitive \u0219i editor intern de dispozitive<br \/>\nP\u00e2n\u0103 la 1200 de semnale<br \/>\nP\u00e2n\u0103 la 30 de red\u0103ri virtuale<br \/>\nSelector de culori RGB \u0219i CMY<br \/>\nCablu de alimentare inclus<br \/>\nCase potrivit: art. 500973 (nu este inclus)<\/p>\n<p>Not\u0103: Tableta nu este inclus\u0103<\/p>\n<p>Date tehnice<\/p>\n<p>2 iesiri DMX fiecare XLR 5 pini si 3 pini<br \/>\nIe\u0219ire din re\u021bea<br \/>\n2x USB<br \/>\nPutere introdus\u0103 prin Power Twist TR1<br \/>\nConexiune pentru lamp\u0103 de birou: XLR 3pin, 5 V<br \/>\nAlimentare intern\u0103<br \/>\nAlimentare: 90 &#8211; 250 V la 50\/60 Hz<br \/>\nConsum de energie: 1,1 A la 230 V<br \/>\nDimensiuni: 430 x 334 x 94 mm<br \/>\nGreutate. 3,6 kg<\/p>\n<\/div>\n","protected":false},"excerpt":{"rendered":"<p>LightShark LS 1, este un controller DMX ce reuneste cele mai bune caracteristici ale software-ului LightShark impreuna cu o suprafata de control intuitiva si ergonimica.<\/p>\n<p>4 codificatoare, 10 fadere si un afisaj color integrat, combinate cu un set de butoare RGB, ofera utilizatorilor o platforma completa capabila sa gestioneze spectacole incredibile. Datorita dimensiunilor reduse, poate fi transportat ca bagaj de mana. Are, pe spate, un suport pentru dispozitive precum tablete, precum si o intrare de incarcare USB situata pe panoul din spate, care permite incarcarea in orice moment a dispozitivelor asociate.<\/p>\n","protected":false},"featured_media":10139,"comment_status":"open","ping_status":"closed","template":"","meta":[],"product_brand":[],"product_cat":[971,42],"product_tag":[970,544,967,968,969],"class_list":{"0":"post-10132","1":"product","2":"type-product","3":"status-publish","4":"has-post-thumbnail","6":"product_cat-lightshark","7":"product_cat-promotii","8":"product_tag-consola-dmx","9":"product_tag-dmx","10":"product_tag-lightshark","11":"product_tag-lightshark-ls1","12":"product_tag-ls1","14":"first","15":"instock","16":"sale","17":"purchasable","18":"product-type-simple"},"jetpack_sharing_enabled":true,"_links":{"self":[{"href":"https:\/\/quintett.eu\/index.php?rest_route=\/wp\/v2\/product\/10132","targetHints":{"allow":["GET"]}}],"collection":[{"href":"https:\/\/quintett.eu\/index.php?rest_route=\/wp\/v2\/product"}],"about":[{"href":"https:\/\/quintett.eu\/index.php?rest_route=\/wp\/v2\/types\/product"}],"replies":[{"embeddable":true,"href":"https:\/\/quintett.eu\/index.php?rest_route=%2Fwp%2Fv2%2Fcomments&post=10132"}],"wp:featuredmedia":[{"embeddable":true,"href":"https:\/\/quintett.eu\/index.php?rest_route=\/wp\/v2\/media\/10139"}],"wp:attachment":[{"href":"https:\/\/quintett.eu\/index.php?rest_route=%2Fwp%2Fv2%2Fmedia&parent=10132"}],"wp:term":[{"taxonomy":"product_brand","embeddable":true,"href":"https:\/\/quintett.eu\/index.php?rest_route=%2Fwp%2Fv2%2Fproduct_brand&post=10132"},{"taxonomy":"product_cat","embeddable":true,"href":"https:\/\/quintett.eu\/index.php?rest_route=%2Fwp%2Fv2%2Fproduct_cat&post=10132"},{"taxonomy":"product_tag","embeddable":true,"href":"https:\/\/quintett.eu\/index.php?rest_route=%2Fwp%2Fv2%2Fproduct_tag&post=10132"}],"curies":[{"name":"wp","href":"https:\/\/api.w.org\/{rel}","templated":true}]}}