{"id":10140,"date":"2024-03-27T21:29:24","date_gmt":"2024-03-27T19:29:24","guid":{"rendered":"https:\/\/quintett.eu\/?post_type=product&#038;p=10140"},"modified":"2024-03-27T21:36:53","modified_gmt":"2024-03-27T19:36:53","slug":"lightshark-ls-core","status":"publish","type":"product","link":"https:\/\/quintett.eu\/?product=lightshark-ls-core","title":{"rendered":"LightShark LS-Core"},"content":{"rendered":"<h4 class=\"fx-product-headline product-title__title\">LightShark LS-Core<\/h4>\n<p>Control complet al luminii bazat pe browser web<br \/>\nControlul independent al luminii poate fi controlat prin browser web prin orice tablet\u0103, smartphone \u0219i PC<br \/>\nInterfa\u021b\u0103 utilizator intuitiv\u0103 \u0219i u\u0219or de utilizat, cu func\u021bie multi-touch<br \/>\nServer web integrat cu punct de acces wireless<br \/>\nSuport\u0103 DMX, ArtNet, ACN, MIDI, UDP, OSC \u0219i HTTP<br \/>\nGenerator de efecte \u00eencorporat cu efecte modificabile<br \/>\nDimensiune \u0219i vitez\u0103 FX reglabile<br \/>\nFanning<br \/>\nNum\u0103r nelimitat de preset\u0103ri de utilizator<br \/>\nFereastra executor definibil\u0103 de utilizator<br \/>\nFade \u00eencruci\u0219are manual\u0103 pentru utilizare \u00een teatru<br \/>\nP\u00e2n\u0103 la 4 linii DMX prin ArtNet \/ P\u00e2n\u0103 la 8 linii DMX prin sACN E1.3.1<br \/>\nBibliotec\u0103 extins\u0103 de dispozitive \u0219i editor de dispozitive integrat<br \/>\nP\u00e2n\u0103 la 1200 de semnale<br \/>\nP\u00e2n\u0103 la 30 de red\u0103ri virtuale<br \/>\nSelector de culori RGB \u0219i CMY<br \/>\n2x ie\u0219ire DMX (XLR 5 pini)<br \/>\nInclude unitate de alimentare extern\u0103<\/p>\n<p>Date tehnice:<\/p>\n<p>2 x ie\u0219ire DMX (XLR 5 pini)<br \/>\nIe\u0219ire din re\u021bea<br \/>\n1 x USB<br \/>\nAlimentare: 90 &#8211; 250 V la 50~60 Hz<br \/>\nConsum de energie: 1,1 A la 230 V<br \/>\nDimensiuni: 108 x 40 x 142 mm<\/p>\n<p>&nbsp;<\/p>\n","protected":false},"excerpt":{"rendered":"<p>LightShark LS Core, este cea mai mica consola de lumini cu 8 universuri de pe piata, incorporand LightShark si toate caracteristicile sale. Are o intrare USB pentru conectarea unei console MIDI, permitand astfel utilizatorilor sa aiba acces la butoanele fizice si fadere.<\/p>\n","protected":false},"featured_media":10142,"comment_status":"open","ping_status":"closed","template":"","meta":[],"product_brand":[],"product_cat":[971],"product_tag":[970,973,544,972,974,975],"class_list":{"0":"post-10140","1":"product","2":"type-product","3":"status-publish","4":"has-post-thumbnail","6":"product_cat-lightshark","7":"product_tag-consola-dmx","8":"product_tag-controler-dmx","9":"product_tag-dmx","10":"product_tag-interfata-dmx","11":"product_tag-lightshark-ls-core","12":"product_tag-ls-core","14":"first","15":"instock","16":"sale","17":"purchasable","18":"product-type-simple"},"jetpack_sharing_enabled":true,"_links":{"self":[{"href":"https:\/\/quintett.eu\/index.php?rest_route=\/wp\/v2\/product\/10140","targetHints":{"allow":["GET"]}}],"collection":[{"href":"https:\/\/quintett.eu\/index.php?rest_route=\/wp\/v2\/product"}],"about":[{"href":"https:\/\/quintett.eu\/index.php?rest_route=\/wp\/v2\/types\/product"}],"replies":[{"embeddable":true,"href":"https:\/\/quintett.eu\/index.php?rest_route=%2Fwp%2Fv2%2Fcomments&post=10140"}],"wp:featuredmedia":[{"embeddable":true,"href":"https:\/\/quintett.eu\/index.php?rest_route=\/wp\/v2\/media\/10142"}],"wp:attachment":[{"href":"https:\/\/quintett.eu\/index.php?rest_route=%2Fwp%2Fv2%2Fmedia&parent=10140"}],"wp:term":[{"taxonomy":"product_brand","embeddable":true,"href":"https:\/\/quintett.eu\/index.php?rest_route=%2Fwp%2Fv2%2Fproduct_brand&post=10140"},{"taxonomy":"product_cat","embeddable":true,"href":"https:\/\/quintett.eu\/index.php?rest_route=%2Fwp%2Fv2%2Fproduct_cat&post=10140"},{"taxonomy":"product_tag","embeddable":true,"href":"https:\/\/quintett.eu\/index.php?rest_route=%2Fwp%2Fv2%2Fproduct_tag&post=10140"}],"curies":[{"name":"wp","href":"https:\/\/api.w.org\/{rel}","templated":true}]}}