{"id":10201,"date":"2024-03-30T10:56:06","date_gmt":"2024-03-30T08:56:06","guid":{"rendered":"https:\/\/quintett.eu\/?post_type=product&#038;p=10201"},"modified":"2024-03-30T11:48:41","modified_gmt":"2024-03-30T09:48:41","slug":"di-box-klark-teknik-dn200-v2","status":"publish","type":"product","link":"https:\/\/quintett.eu\/?product=di-box-klark-teknik-dn200-v2","title":{"rendered":"DI Box Klark Teknik DN200 V2"},"content":{"rendered":"<div id=\"moreInfo\" class=\"descriere\">\n<h3>DI Box Klark Teknik DN200 V2<\/h3>\n<p>&nbsp;<\/p>\n<p>Cutie DI activ\u0103 cu dou\u0103 canale<\/p>\n<p>Conectori combo Neutrik XLR\/jack cu intrare HiZ<br \/>\nIntrare mini jack stereo<br \/>\nAlimentarea fantom\u0103 poate fi comutat\u0103 separat pentru fiecare canal<br \/>\nComutatorul de sum\u0103 direc\u021bioneaz\u0103 ambele intr\u0103ri c\u0103tre ambele ie\u0219iri<br \/>\nComutatorul divizat direc\u021bioneaz\u0103 intrarea st\u00e2ng\u0103 c\u0103tre ambele ie\u0219iri<br \/>\nPad de intrare de 20 dB \u0219i ground lift comutabile<br \/>\nDimensiuni (L x A x A): 118 x 63 x 142 mm<br \/>\nGreutate: 0,65 kg<\/p>\n<p>&nbsp;<\/p>\n<\/div>\n","protected":false},"excerpt":{"rendered":"<ul>\n<li>\n<div id=\"short_description_content\" class=\"rte align_justify\">\n<ul>\n<li>DI box activ cu 2 canale<\/li>\n<li>+48 V phantom power pentru o banda dinamica extinsa<\/li>\n<li>Optiuni sum si splitpentru rutare semnal<\/li>\n<li>Asigura separare electrica intre echipamentele PA si de scena<\/li>\n<li>Intrare linie balansata Neutrik Combo XLR si Jack 1\/4&#8243; TRS<\/li>\n<\/ul>\n<\/div>\n<\/li>\n<\/ul>\n","protected":false},"featured_media":10203,"comment_status":"open","ping_status":"closed","template":"","meta":[],"product_brand":[],"product_cat":[447],"product_tag":[318,319,618,982,612,617],"class_list":{"0":"post-10201","1":"product","2":"type-product","3":"status-publish","4":"has-post-thumbnail","6":"product_cat-midas","7":"product_tag-di","8":"product_tag-di-box","9":"product_tag-dn100-v2","10":"product_tag-dn200-v2","11":"product_tag-klark-teknik","12":"product_tag-klark-teknik-dn100-v2-di-box","14":"first","15":"instock","16":"purchasable","17":"product-type-simple"},"jetpack_sharing_enabled":true,"_links":{"self":[{"href":"https:\/\/quintett.eu\/index.php?rest_route=\/wp\/v2\/product\/10201","targetHints":{"allow":["GET"]}}],"collection":[{"href":"https:\/\/quintett.eu\/index.php?rest_route=\/wp\/v2\/product"}],"about":[{"href":"https:\/\/quintett.eu\/index.php?rest_route=\/wp\/v2\/types\/product"}],"replies":[{"embeddable":true,"href":"https:\/\/quintett.eu\/index.php?rest_route=%2Fwp%2Fv2%2Fcomments&post=10201"}],"wp:featuredmedia":[{"embeddable":true,"href":"https:\/\/quintett.eu\/index.php?rest_route=\/wp\/v2\/media\/10203"}],"wp:attachment":[{"href":"https:\/\/quintett.eu\/index.php?rest_route=%2Fwp%2Fv2%2Fmedia&parent=10201"}],"wp:term":[{"taxonomy":"product_brand","embeddable":true,"href":"https:\/\/quintett.eu\/index.php?rest_route=%2Fwp%2Fv2%2Fproduct_brand&post=10201"},{"taxonomy":"product_cat","embeddable":true,"href":"https:\/\/quintett.eu\/index.php?rest_route=%2Fwp%2Fv2%2Fproduct_cat&post=10201"},{"taxonomy":"product_tag","embeddable":true,"href":"https:\/\/quintett.eu\/index.php?rest_route=%2Fwp%2Fv2%2Fproduct_tag&post=10201"}],"curies":[{"name":"wp","href":"https:\/\/api.w.org\/{rel}","templated":true}]}}