{"id":10290,"date":"2024-04-03T20:31:41","date_gmt":"2024-04-03T18:31:41","guid":{"rendered":"https:\/\/quintett.eu\/?post_type=product&#038;p=10290"},"modified":"2024-04-03T20:35:43","modified_gmt":"2024-04-03T18:35:43","slug":"zoom-podtrak-p4","status":"publish","type":"product","link":"https:\/\/quintett.eu\/?product=zoom-podtrak-p4","title":{"rendered":"ZOOM PODTRAK P4"},"content":{"rendered":"<div class=\"bold m-t-2 m-b-half\">Specifica\u021bii:<\/div>\n<table class=\"table table-striped table-sm m-b-half\">\n<tbody>\n<tr>\n<td>Canale preamp microfon:<\/td>\n<td>4<\/td>\n<\/tr>\n<tr>\n<td>Rezolutie maxima:<\/td>\n<td>16 bit \/ 44.1 kHz<\/td>\n<\/tr>\n<tr>\n<td>Tensiune fantoma 48V:<\/td>\n<td>da<\/td>\n<\/tr>\n<\/tbody>\n<\/table>\n<ul>\n<li>4x intr\u0103ri XLR de microfon cu phantom power comutabil<\/li>\n<li>4x ie\u0219iri pentru c\u0103\u0219ti cu reglaj individual de volum<\/li>\n<li>Butoane de mute \u0219i control de gain aflate pe fiecare canal<\/li>\n<li>Func\u021bia Mix minus suprim\u0103 automat feedback-ul apelurilor primite<\/li>\n<li>Conectarea cu un telefon prin muf\u0103 TRRS<\/li>\n<li>Integrare wireless a telefoanelor cu ajutorul receiver-ului Bluetooth Zoom BTA-2 (nu este inclus)<\/li>\n<li>4 pad-uri de sunet asignabile (11 preset\u0103ri de sunet)<\/li>\n<li>Posibilitatea de \u00eenregistrare toate intr\u0103rile pe track-uri separate<\/li>\n<li>Suport\u0103 carduri SD, SDHC \u0219i SDXC cu p\u00e2n\u0103 la 512 GB<\/li>\n<li>Interfa\u021b\u0103 audio USB cu 2 intr\u0103ri \u0219i 2 ie\u0219iri (16 bi\u021bi \/ 44,1 kHz)<\/li>\n<li>Compatibilitate iOS prin modul class-compliant<\/li>\n<li>Durat\u0103 de func\u021bionare de p\u00e2n\u0103 la 4 ore cu dou\u0103 baterii de tip AA<\/li>\n<li>Alimentare prin portul USB-C sau o surs\u0103 de alimentare extern\u0103 Zoom AD-17<\/li>\n<li>Dimensiuni: 112 x 155 x 47 mm<\/li>\n<li>Greutate: 290 g<\/li>\n<li>Inclus \u00een pachet: 2x baterii AA, manual de utilizare<\/li>\n<\/ul>\n","protected":false},"excerpt":{"rendered":"<p><strong>Zoom PodTrak P4 &#8211;\u00a0<\/strong>Recorder, mixer, interfa\u021b\u0103 audio pentru podcast-uri,\u00a0compact, accesibil \u0219i \u00eenc\u0103rcat cu func\u021bii noi, PodTrak P4 v\u0103 permite s\u0103 captura\u021bi cu u\u0219urin\u021b\u0103 un sunet de calitate profesional\u0103 indiferent de <span class=\"word\" data-words=\"loca\u021bia,locatia\">loca\u021bia<\/span> \u00eenregistr\u0103rii interviurilor.<\/p>\n","protected":false},"featured_media":10304,"comment_status":"open","ping_status":"closed","template":"","meta":[],"product_brand":[],"product_cat":[391],"product_tag":[1001,1000,999,998],"class_list":{"0":"post-10290","1":"product","2":"type-product","3":"status-publish","4":"has-post-thumbnail","6":"product_cat-thomann","7":"product_tag-podcasting","8":"product_tag-recording","9":"product_tag-zoom","10":"product_tag-zoom-podtrak-p4","12":"first","13":"instock","14":"purchasable","15":"product-type-simple"},"jetpack_sharing_enabled":true,"_links":{"self":[{"href":"https:\/\/quintett.eu\/index.php?rest_route=\/wp\/v2\/product\/10290","targetHints":{"allow":["GET"]}}],"collection":[{"href":"https:\/\/quintett.eu\/index.php?rest_route=\/wp\/v2\/product"}],"about":[{"href":"https:\/\/quintett.eu\/index.php?rest_route=\/wp\/v2\/types\/product"}],"replies":[{"embeddable":true,"href":"https:\/\/quintett.eu\/index.php?rest_route=%2Fwp%2Fv2%2Fcomments&post=10290"}],"wp:featuredmedia":[{"embeddable":true,"href":"https:\/\/quintett.eu\/index.php?rest_route=\/wp\/v2\/media\/10304"}],"wp:attachment":[{"href":"https:\/\/quintett.eu\/index.php?rest_route=%2Fwp%2Fv2%2Fmedia&parent=10290"}],"wp:term":[{"taxonomy":"product_brand","embeddable":true,"href":"https:\/\/quintett.eu\/index.php?rest_route=%2Fwp%2Fv2%2Fproduct_brand&post=10290"},{"taxonomy":"product_cat","embeddable":true,"href":"https:\/\/quintett.eu\/index.php?rest_route=%2Fwp%2Fv2%2Fproduct_cat&post=10290"},{"taxonomy":"product_tag","embeddable":true,"href":"https:\/\/quintett.eu\/index.php?rest_route=%2Fwp%2Fv2%2Fproduct_tag&post=10290"}],"curies":[{"name":"wp","href":"https:\/\/api.w.org\/{rel}","templated":true}]}}