{"id":10367,"date":"2024-04-04T10:59:21","date_gmt":"2024-04-04T08:59:21","guid":{"rendered":"https:\/\/quintett.eu\/?post_type=product&#038;p=10367"},"modified":"2024-10-20T07:25:54","modified_gmt":"2024-10-20T05:25:54","slug":"vmb-tp-20-als","status":"publish","type":"product","link":"https:\/\/quintett.eu\/?product=vmb-tp-20-als","title":{"rendered":"VMB TP-20 ALS"},"content":{"rendered":"<p>TP-20 recomandat pentru podele plane, precum scene, terase si aplicatii interioare. Conceput pentru a men\u021bine un echilibru perfect \u00eentre u\u0219urin\u021b\u0103 \u0219i rezisten\u021b\u0103, c\u00e2nt\u0103rind doar 15 kg, acest lift poate \u00eenc\u0103rca 100 kg p\u00e2n\u0103 la o \u00een\u0103l\u021bime de 3 m. U\u0219or de asamblat \u0219i transportat, poate \u00eenc\u0103pea \u00een portbagajul unei ma\u0219ini. Este compus din profile de aluminiu cu cablu de otel rezistent, anti-torsionare si ghidat prin scripeti ranforsati. O gam\u0103 larg\u0103 de accesorii sunt disponibile pentru acest ridic\u0103tor telescopic compact. La fel ca toate stativele de ridicare, siguran\u021ba este garantat\u0103 cu \u00eencuietorile noastre automate ALS, patentate \u0219i exclusive pentru VMB Prolifts.<\/p>\n<p>&nbsp;<\/p>\n<p>Max. \u00een\u0103l\u021bime 3 m (9,84\u2032)<br \/>\nMax. Sarcina 100 kg (220 lb)<br \/>\nSiguran\u021b\u0103 ALS (Securitate blocare automat\u0103)<br \/>\nSuprafata de lucru 1,36 x 1,57 m (4,46 x 5,15\u2032)<br \/>\n\u00cen\u0103l\u021bime pliat\u0103 1,42 m (4,66\u2032)<br \/>\nTroliu 450 kg (990 lb)<br \/>\nAdaptor 35 mm (PSU-034\/ PSU-06 \/ PSA-01)<br \/>\nGreutate 15 kg (33 lb)<\/p>\n","protected":false},"excerpt":{"rendered":"<p>STATIV TELESCOPIC\u00a0 &#8211; VMB TP-20 B<\/p>\n<p>Inaltime maxima: 3 m, sarcina maxima: 100kg, suprafata folosita: 1.36 x 1.57 m.<\/p>\n","protected":false},"featured_media":10370,"comment_status":"open","ping_status":"closed","template":"","meta":[],"product_brand":[],"product_cat":[180],"product_tag":[566,564,563,565,1017],"class_list":{"0":"post-10367","1":"product","2":"type-product","3":"status-publish","4":"has-post-thumbnail","6":"product_cat-scripeti-schele-tower","7":"product_tag-macara","8":"product_tag-stativ-cu-scripete","9":"product_tag-vmb","10":"product_tag-vmb-te-046b","11":"product_tag-vmb-tp-20","13":"first","14":"instock","15":"sale","16":"purchasable","17":"product-type-simple"},"jetpack_sharing_enabled":true,"_links":{"self":[{"href":"https:\/\/quintett.eu\/index.php?rest_route=\/wp\/v2\/product\/10367","targetHints":{"allow":["GET"]}}],"collection":[{"href":"https:\/\/quintett.eu\/index.php?rest_route=\/wp\/v2\/product"}],"about":[{"href":"https:\/\/quintett.eu\/index.php?rest_route=\/wp\/v2\/types\/product"}],"replies":[{"embeddable":true,"href":"https:\/\/quintett.eu\/index.php?rest_route=%2Fwp%2Fv2%2Fcomments&post=10367"}],"wp:featuredmedia":[{"embeddable":true,"href":"https:\/\/quintett.eu\/index.php?rest_route=\/wp\/v2\/media\/10370"}],"wp:attachment":[{"href":"https:\/\/quintett.eu\/index.php?rest_route=%2Fwp%2Fv2%2Fmedia&parent=10367"}],"wp:term":[{"taxonomy":"product_brand","embeddable":true,"href":"https:\/\/quintett.eu\/index.php?rest_route=%2Fwp%2Fv2%2Fproduct_brand&post=10367"},{"taxonomy":"product_cat","embeddable":true,"href":"https:\/\/quintett.eu\/index.php?rest_route=%2Fwp%2Fv2%2Fproduct_cat&post=10367"},{"taxonomy":"product_tag","embeddable":true,"href":"https:\/\/quintett.eu\/index.php?rest_route=%2Fwp%2Fv2%2Fproduct_tag&post=10367"}],"curies":[{"name":"wp","href":"https:\/\/api.w.org\/{rel}","templated":true}]}}