{"id":10394,"date":"2024-04-06T14:02:05","date_gmt":"2024-04-06T12:02:05","guid":{"rendered":"https:\/\/quintett.eu\/?post_type=product&#038;p=10394"},"modified":"2025-06-27T09:29:53","modified_gmt":"2025-06-27T07:29:53","slug":"boomtone-dj-heavy-fog-fluid-5l","status":"publish","type":"product","link":"https:\/\/quintett.eu\/?product=boomtone-dj-heavy-fog-fluid-5l","title":{"rendered":"BoomTone DJ &#8211; Heavy Fog Fluid 5L"},"content":{"rendered":"<p>Caracteristici:<br \/>\nBoomToneDJ Heavy Fog Fluid 5L<br \/>\nCanistra de lichid pentru ma\u0219ina de fum greu<br \/>\nPuritate chimic\u0103 ridicat\u0103<br \/>\nProduce fum foarte alb Ideal pentru toate ma\u0219inile grele de fum<br \/>\nRespect\u0103 standardele NF \u0219i CE<br \/>\nContainer reciclabil<br \/>\nFabricat \u00een Fran\u021ba<br \/>\nGreutate: 5,5 kg<\/p>\n","protected":false},"excerpt":{"rendered":"<p>Lichid 5L de cea\u021b\u0103 grea BoomToneDJ Heavy Fog Fluid 5L, produce fum alb care se disipeaz\u0103 odat\u0103 ce p\u0103r\u0103se\u0219te p\u0103m\u00e2ntul, respect\u0103 standardele NF \u0219i CE. Redare excelent\u0103, v\u0103 eviden\u021biaz\u0103 performan\u021bele, ideal pentru serile dvs.<\/p>\n","protected":false},"featured_media":10395,"comment_status":"open","ping_status":"closed","template":"","meta":[],"product_brand":[],"product_cat":[517],"product_tag":[1027,509,663,1028,1025,1026],"class_list":{"0":"post-10394","1":"product","2":"type-product","3":"status-publish","4":"has-post-thumbnail","6":"product_cat-boomtone","7":"product_tag-co2","8":"product_tag-fum-greu","9":"product_tag-hazer","10":"product_tag-lichid-co2","11":"product_tag-lichid-de-fum","12":"product_tag-lichid-hazer-5l","14":"first","15":"instock","16":"sale","17":"purchasable","18":"product-type-simple"},"jetpack_sharing_enabled":true,"_links":{"self":[{"href":"https:\/\/quintett.eu\/index.php?rest_route=\/wp\/v2\/product\/10394","targetHints":{"allow":["GET"]}}],"collection":[{"href":"https:\/\/quintett.eu\/index.php?rest_route=\/wp\/v2\/product"}],"about":[{"href":"https:\/\/quintett.eu\/index.php?rest_route=\/wp\/v2\/types\/product"}],"replies":[{"embeddable":true,"href":"https:\/\/quintett.eu\/index.php?rest_route=%2Fwp%2Fv2%2Fcomments&post=10394"}],"wp:featuredmedia":[{"embeddable":true,"href":"https:\/\/quintett.eu\/index.php?rest_route=\/wp\/v2\/media\/10395"}],"wp:attachment":[{"href":"https:\/\/quintett.eu\/index.php?rest_route=%2Fwp%2Fv2%2Fmedia&parent=10394"}],"wp:term":[{"taxonomy":"product_brand","embeddable":true,"href":"https:\/\/quintett.eu\/index.php?rest_route=%2Fwp%2Fv2%2Fproduct_brand&post=10394"},{"taxonomy":"product_cat","embeddable":true,"href":"https:\/\/quintett.eu\/index.php?rest_route=%2Fwp%2Fv2%2Fproduct_cat&post=10394"},{"taxonomy":"product_tag","embeddable":true,"href":"https:\/\/quintett.eu\/index.php?rest_route=%2Fwp%2Fv2%2Fproduct_tag&post=10394"}],"curies":[{"name":"wp","href":"https:\/\/api.w.org\/{rel}","templated":true}]}}