{"id":10409,"date":"2024-04-06T14:30:44","date_gmt":"2024-04-06T12:30:44","guid":{"rendered":"https:\/\/quintett.eu\/?post_type=product&#038;p=10409"},"modified":"2024-04-06T14:36:42","modified_gmt":"2024-04-06T12:36:42","slug":"boomtone-dj-hazer-fluid-high-tech-5l","status":"publish","type":"product","link":"https:\/\/quintett.eu\/?product=boomtone-dj-hazer-fluid-high-tech-5l","title":{"rendered":"BoomTone DJ &#8211; Hazer Fluid High Tech 5L"},"content":{"rendered":"<p>Caracteristici:<br \/>\nBoomToneDJ Hazer Fluid High Tech 5L<br \/>\nCanistra cu lichid de cea\u021b\u0103 (hazer)<br \/>\nFunc\u021bioneaz\u0103 cu ma\u0219ini de cea\u021b\u0103 de \u00eenc\u0103lzire a corpului Lichid concentrat \u0219i deosebit de eficient<br \/>\nCompozi\u021bie pe baz\u0103 de ap\u0103<br \/>\nR\u0103sp\u00e2ndire lent\u0103<br \/>\nParticule mai fine<br \/>\nCea\u021b\u0103 alb\u0103 cremoas\u0103<br \/>\nOfer\u0103 o atmosfer\u0103 precum cea\u021ba londoneza sau buline pure!<br \/>\nRespect\u0103 standardele NF \u0219i CE<br \/>\nFabricat \u00een Fran\u021ba<br \/>\nGreutate: 5 kg<\/p>\n","protected":false},"excerpt":{"rendered":"<p>Cutie de 5L cu lichid fin de cea\u021b\u0103 alb\u0103 BoomToneDJ Hazer Fluid High Tech 5L, \u00een conformitate cu standardele NF \u0219i CE. Pentru o cea\u021b\u0103 alb\u0103, clar\u0103, dispersie lent\u0103, foarte bun\u0103 pentru a v\u0103 eviden\u021bia efectele de lumin\u0103!<\/p>\n","protected":false},"featured_media":10410,"comment_status":"open","ping_status":"closed","template":"","meta":[],"product_brand":[],"product_cat":[517],"product_tag":[1027,509,663,1028,1025,1026],"class_list":{"0":"post-10409","1":"product","2":"type-product","3":"status-publish","4":"has-post-thumbnail","6":"product_cat-boomtone","7":"product_tag-co2","8":"product_tag-fum-greu","9":"product_tag-hazer","10":"product_tag-lichid-co2","11":"product_tag-lichid-de-fum","12":"product_tag-lichid-hazer-5l","14":"first","15":"instock","16":"purchasable","17":"product-type-simple"},"jetpack_sharing_enabled":true,"_links":{"self":[{"href":"https:\/\/quintett.eu\/index.php?rest_route=\/wp\/v2\/product\/10409","targetHints":{"allow":["GET"]}}],"collection":[{"href":"https:\/\/quintett.eu\/index.php?rest_route=\/wp\/v2\/product"}],"about":[{"href":"https:\/\/quintett.eu\/index.php?rest_route=\/wp\/v2\/types\/product"}],"replies":[{"embeddable":true,"href":"https:\/\/quintett.eu\/index.php?rest_route=%2Fwp%2Fv2%2Fcomments&post=10409"}],"wp:featuredmedia":[{"embeddable":true,"href":"https:\/\/quintett.eu\/index.php?rest_route=\/wp\/v2\/media\/10410"}],"wp:attachment":[{"href":"https:\/\/quintett.eu\/index.php?rest_route=%2Fwp%2Fv2%2Fmedia&parent=10409"}],"wp:term":[{"taxonomy":"product_brand","embeddable":true,"href":"https:\/\/quintett.eu\/index.php?rest_route=%2Fwp%2Fv2%2Fproduct_brand&post=10409"},{"taxonomy":"product_cat","embeddable":true,"href":"https:\/\/quintett.eu\/index.php?rest_route=%2Fwp%2Fv2%2Fproduct_cat&post=10409"},{"taxonomy":"product_tag","embeddable":true,"href":"https:\/\/quintett.eu\/index.php?rest_route=%2Fwp%2Fv2%2Fproduct_tag&post=10409"}],"curies":[{"name":"wp","href":"https:\/\/api.w.org\/{rel}","templated":true}]}}