{"id":10418,"date":"2024-04-06T14:37:05","date_gmt":"2024-04-06T12:37:05","guid":{"rendered":"https:\/\/quintett.eu\/?post_type=product&#038;p=10418"},"modified":"2025-06-27T09:28:05","modified_gmt":"2025-06-27T07:28:05","slug":"boomtone-dj-fog-fluid-co2-effect-5l","status":"publish","type":"product","link":"https:\/\/quintett.eu\/?product=boomtone-dj-fog-fluid-co2-effect-5l","title":{"rendered":"BoomTone DJ &#8211; Fog Fluid CO2 Effect 5L"},"content":{"rendered":"<p>Caracteristici:<br \/>\nFluid de cea\u021b\u0103 BoomToneDJ Standard 5L<br \/>\nBidon cu efect de CO2 lichid de fum pentru \u00eenc\u0103lzirea ma\u0219inii de fum corporal\u0103 format 5 litri<br \/>\nPuritate chimic\u0103 ridicat\u0103<br \/>\nProduce fum care se disperseaz\u0103 dup\u0103 10 secunde<br \/>\nIdeal pentru toate aparatele de fum<br \/>\nRespect\u0103 standardele NF \u0219i CE<br \/>\nFabricat \u00een Fran\u021ba<br \/>\nGreutate: 5,5 kg<br \/>\nF\u0103r\u0103 \u00eendoial\u0103 unul dintre cele mai bune lichide de pe pia\u021b\u0103.<\/p>\n","protected":false},"excerpt":{"rendered":"<p>Cutie de 5L de lichid de fum cu efect CO2 BoomToneDJ Fog Fluid CO2 Effect 5L, produce fum care se disperseaz\u0103 dup\u0103 10 secunde, respect\u0103 standardele NF \u0219i CE. Raport calitate-pret foarte bun, ideal pentru ma\u0219inile dvs<\/p>\n","protected":false},"featured_media":10422,"comment_status":"open","ping_status":"closed","template":"","meta":[],"product_brand":[],"product_cat":[517],"product_tag":[1027,509,663,1028,1025,1026],"class_list":{"0":"post-10418","1":"product","2":"type-product","3":"status-publish","4":"has-post-thumbnail","6":"product_cat-boomtone","7":"product_tag-co2","8":"product_tag-fum-greu","9":"product_tag-hazer","10":"product_tag-lichid-co2","11":"product_tag-lichid-de-fum","12":"product_tag-lichid-hazer-5l","14":"first","15":"instock","16":"purchasable","17":"product-type-simple"},"jetpack_sharing_enabled":true,"_links":{"self":[{"href":"https:\/\/quintett.eu\/index.php?rest_route=\/wp\/v2\/product\/10418","targetHints":{"allow":["GET"]}}],"collection":[{"href":"https:\/\/quintett.eu\/index.php?rest_route=\/wp\/v2\/product"}],"about":[{"href":"https:\/\/quintett.eu\/index.php?rest_route=\/wp\/v2\/types\/product"}],"replies":[{"embeddable":true,"href":"https:\/\/quintett.eu\/index.php?rest_route=%2Fwp%2Fv2%2Fcomments&post=10418"}],"wp:featuredmedia":[{"embeddable":true,"href":"https:\/\/quintett.eu\/index.php?rest_route=\/wp\/v2\/media\/10422"}],"wp:attachment":[{"href":"https:\/\/quintett.eu\/index.php?rest_route=%2Fwp%2Fv2%2Fmedia&parent=10418"}],"wp:term":[{"taxonomy":"product_brand","embeddable":true,"href":"https:\/\/quintett.eu\/index.php?rest_route=%2Fwp%2Fv2%2Fproduct_brand&post=10418"},{"taxonomy":"product_cat","embeddable":true,"href":"https:\/\/quintett.eu\/index.php?rest_route=%2Fwp%2Fv2%2Fproduct_cat&post=10418"},{"taxonomy":"product_tag","embeddable":true,"href":"https:\/\/quintett.eu\/index.php?rest_route=%2Fwp%2Fv2%2Fproduct_tag&post=10418"}],"curies":[{"name":"wp","href":"https:\/\/api.w.org\/{rel}","templated":true}]}}