{"id":10430,"date":"2024-04-11T16:16:44","date_gmt":"2024-04-11T14:16:44","guid":{"rendered":"https:\/\/quintett.eu\/?post_type=product&#038;p=10430"},"modified":"2024-04-11T16:32:36","modified_gmt":"2024-04-11T14:32:36","slug":"leyard-ln-ecran-led-5x3m-3-9-outdoor","status":"publish","type":"product","link":"https:\/\/quintett.eu\/?product=leyard-ln-ecran-led-5x3m-3-9-outdoor","title":{"rendered":"LEYARD LN  &#8211; Ecran Led 5x3m 3.9 Outdoor"},"content":{"rendered":"<p>SERIA LN &#8211; RENTAL INDOOR , OUTDOOR<\/p>\n<p>Ideal pentru evenimente \u0219i aplica\u021bii temporare<br \/>\nSunt disponibile at\u00e2t modele pentru interior c\u00e2t \u0219i pentru exterior<br \/>\nDimensiuni de pixeli pentru modelele de interior: 1,9, 2,6, 2,9 \u0219i 3,9 mm<br \/>\nDimensiuni pixeli pentru modelele de exterior: 2,9, 3,9 \u0219i 4,8 mm<br \/>\nDimensiuni de module: 500 mm x 500 mm<br \/>\nU\u0219oare \u0219i portabile<br \/>\nUnghi larg de vizualizare<br \/>\nConsum eficient de energie<br \/>\nU\u0219or de instalat, demontat \u0219i \u00eentre\u021binut<br \/>\nAluminiu robust turnat sub presiune, protec\u021bie pentru margini \u0219i dulapuri multifunc\u021bionale<br \/>\nMontaj \u00een picioare sau ag\u0103\u021bat<br \/>\nPosibile configura\u021bii curbate \u0219i la 90\u00b0<br \/>\nProcesor MCTRL660<\/p>\n<p>https:\/\/www.planar.com\/products\/video-walls\/calculator\/<\/p>\n<h2 class=\"ce_headline\">Specifications<\/h2>\n<div class=\"tableContainer\">\n<table class=\"vergleich block\">\n<thead>\n<tr>\n<th data-model=\"null\"><\/th>\n<th data-model=\"LN1.9\">LN1.9<\/th>\n<th data-model=\"LN2.6\">LN2.6<\/th>\n<th data-model=\"LN2.9\">LN2.9<\/th>\n<th data-model=\"LN3.9\">LN3.9<\/th>\n<th data-model=\"LN2.9S\">LN2.9S<\/th>\n<th data-model=\"LN3.9S\">LN3.9S<\/th>\n<th data-model=\"LN4.8S\">LN4.8S<\/th>\n<\/tr>\n<\/thead>\n<tbody>\n<tr class=\"optional\">\n<th data-model=\"null\">Module Dimension (WxH, mm)<\/th>\n<td data-model=\"LN1.9\">250&#215;250<\/td>\n<td data-model=\"LN2.6\">250&#215;250<\/td>\n<td data-model=\"LN2.9\">250&#215;250<\/td>\n<td data-model=\"LN3.9\">250&#215;250<\/td>\n<td data-model=\"LN2.9S\">250&#215;250<\/td>\n<td data-model=\"LN3.9S\">250&#215;250<\/td>\n<td data-model=\"LN4.8S\">250&#215;250<\/td>\n<\/tr>\n<tr class=\"important\">\n<th data-model=\"null\">Cabinet Resolution (WxH)<\/th>\n<td data-model=\"LN1.9\">256&#215;256<\/td>\n<td data-model=\"LN2.6\">192&#215;192<\/td>\n<td data-model=\"LN2.9\">168&#215;168 or 168&#215;336<\/td>\n<td data-model=\"LN3.9\">128&#215;128 or 128&#215;256<\/td>\n<td data-model=\"LN2.9S\">168&#215;168 or 168&#215;336<\/td>\n<td data-model=\"LN3.9S\">128&#215;128 or 125&#215;256<\/td>\n<td data-model=\"LN4.8S\">104&#215;104 or 104&#215;208<\/td>\n<\/tr>\n<tr class=\"important\">\n<th data-model=\"null\">Cabinet Size (WxHxD)<\/th>\n<td data-model=\"LN1.9\">500x500x79mm<\/td>\n<td data-model=\"LN2.6\">500x500x79mm<\/td>\n<td data-model=\"LN2.9\">500x500x79mm or 500x1000x79mm<\/td>\n<td data-model=\"LN3.9\">500x500x79mm or 500x1000x79mm<\/td>\n<td data-model=\"LN2.9S\">500x500x79mm or 500x1000x79mm<\/td>\n<td data-model=\"LN3.9S\">500x500x79mm or 500x1000x79mm<\/td>\n<td data-model=\"LN4.8S\">500x500x79mm or 500x1000x79mm<\/td>\n<\/tr>\n<tr class=\"important\">\n<th data-model=\"null\">Cabinet Area (m\u00b2)<\/th>\n<td data-model=\"LN1.9\">0.25<\/td>\n<td data-model=\"LN2.6\">0.25<\/td>\n<td data-model=\"LN2.9\">0.25 or 0.5<\/td>\n<td data-model=\"LN3.9\">0.25 or 0.5<\/td>\n<td data-model=\"LN2.9S\">0.25 or 0.5<\/td>\n<td data-model=\"LN3.9S\">0.25 or 0.5<\/td>\n<td data-model=\"LN4.8S\">0.25 or 0.5<\/td>\n<\/tr>\n<tr class=\"optional\">\n<th data-model=\"null\">Cabinet Weight (kg)<\/th>\n<td data-model=\"LN1.9\">7.2<\/td>\n<td data-model=\"LN2.6\">7.2<\/td>\n<td data-model=\"LN2.9\">7.2 or 12.6<\/td>\n<td data-model=\"LN3.9\">7.2 or 12.6<\/td>\n<td data-model=\"LN2.9S\">7.5 or 13.2<\/td>\n<td data-model=\"LN3.9S\">7.5 or 13.2<\/td>\n<td data-model=\"LN4.8S\">7.5 or 12.8<\/td>\n<\/tr>\n<tr class=\"optional\">\n<th data-model=\"null\">Cabinet Weight per m\u00b2 (kg)<\/th>\n<td data-model=\"LN1.9\">28.8<\/td>\n<td data-model=\"LN2.6\">28.8<\/td>\n<td data-model=\"LN2.9\">28.8 or 25.2<\/td>\n<td data-model=\"LN3.9\">28.8 or 25.2<\/td>\n<td data-model=\"LN2.9S\">30 or 26.4<\/td>\n<td data-model=\"LN3.9S\">30 or 26.4<\/td>\n<td data-model=\"LN4.8S\">30 or 25.6<\/td>\n<\/tr>\n<tr class=\"optional\">\n<th data-model=\"null\">Brightness, max. (cd\/m\u00b2)<\/th>\n<td data-model=\"LN1.9\">1000<\/td>\n<td data-model=\"LN2.6\">1000<\/td>\n<td data-model=\"LN2.9\">1000<\/td>\n<td data-model=\"LN3.9\">1000<\/td>\n<td data-model=\"LN2.9S\">4000<\/td>\n<td data-model=\"LN3.9S\">4000<\/td>\n<td data-model=\"LN4.8S\">4000<\/td>\n<\/tr>\n<tr class=\"optional\">\n<th data-model=\"null\">Power Consumption, max. (W\/m\u00b2)<\/th>\n<td data-model=\"LN1.9\">600<\/td>\n<td data-model=\"LN2.6\">600<\/td>\n<td data-model=\"LN2.9\">600<\/td>\n<td data-model=\"LN3.9\">600<\/td>\n<td data-model=\"LN2.9S\">600<\/td>\n<td data-model=\"LN3.9S\">600<\/td>\n<td data-model=\"LN4.8S\">600<\/td>\n<\/tr>\n<tr class=\"optional\">\n<th data-model=\"null\">Power Consumption, typ. (W\/m\u00b2)<\/th>\n<td data-model=\"LN1.9\">200<\/td>\n<td data-model=\"LN2.6\">200<\/td>\n<td data-model=\"LN2.9\">200<\/td>\n<td data-model=\"LN3.9\">200<\/td>\n<td data-model=\"LN2.9S\">200<\/td>\n<td data-model=\"LN3.9S\">200<\/td>\n<td data-model=\"LN4.8S\">200<\/td>\n<\/tr>\n<tr class=\"optional\">\n<th data-model=\"null\">Refresh Rate (Hz)<\/th>\n<td data-model=\"LN1.9\">&gt;3840<\/td>\n<td data-model=\"LN2.6\">&gt;3840<\/td>\n<td data-model=\"LN2.9\">&gt;3840<\/td>\n<td data-model=\"LN3.9\">&gt;3840<\/td>\n<td data-model=\"LN2.9S\">&gt;3840<\/td>\n<td data-model=\"LN3.9S\">&gt;3840<\/td>\n<td data-model=\"LN4.8S\">&gt;3840<\/td>\n<\/tr>\n<tr class=\"optional\">\n<th data-model=\"null\">Module Mounting<\/th>\n<td data-model=\"LN1.9\">Front &amp; Rear<\/td>\n<td data-model=\"LN2.6\">Front &amp; Rear<\/td>\n<td data-model=\"LN2.9\">Front &amp; Rear<\/td>\n<td data-model=\"LN3.9\">Front &amp; Rear<\/td>\n<td data-model=\"LN2.9S\">Rear<\/td>\n<td data-model=\"LN3.9S\">Rear<\/td>\n<td data-model=\"LN4.8S\">Rear<\/td>\n<\/tr>\n<tr class=\"optional\">\n<th data-model=\"null\">PSU &amp; Others Maintenance<\/th>\n<td data-model=\"LN1.9\">Rear<\/td>\n<td data-model=\"LN2.6\">Rear<\/td>\n<td data-model=\"LN2.9\">Rear<\/td>\n<td data-model=\"LN3.9\">Rear<\/td>\n<td data-model=\"LN2.9S\">Rear<\/td>\n<td data-model=\"LN3.9S\">Rear<\/td>\n<td data-model=\"LN4.8S\">Rear<\/td>\n<\/tr>\n<tr class=\"optional\">\n<th data-model=\"null\">Panel Mount<\/th>\n<td data-model=\"LN1.9\">Stacking &amp; Hanging<\/td>\n<td data-model=\"LN2.6\">Stacking &amp; Hanging<\/td>\n<td data-model=\"LN2.9\">Stacking &amp; Hanging<\/td>\n<td data-model=\"LN3.9\">Stacking &amp; Hanging<\/td>\n<td data-model=\"LN2.9S\">Stacking &amp; Hanging<\/td>\n<td data-model=\"LN3.9S\">Stacking &amp; Hanging<\/td>\n<td data-model=\"LN4.8S\">Stacking &amp; Hanging<\/td>\n<\/tr>\n<tr class=\"important\">\n<th data-model=\"null\">LED Type<\/th>\n<td data-model=\"LN1.9\">SMD 3in1<\/td>\n<td data-model=\"LN2.6\">SMD 3in1<\/td>\n<td data-model=\"LN2.9\">SMD 3in1<\/td>\n<td data-model=\"LN3.9\">SMD 3in1<\/td>\n<td data-model=\"LN2.9S\">SMD 3in1<\/td>\n<td data-model=\"LN3.9S\">SMD 3in1<\/td>\n<td data-model=\"LN4.8S\">SMD 3in1<\/td>\n<\/tr>\n<tr class=\"important\">\n<th data-model=\"null\">Pixel Pitch (mm)<\/th>\n<td data-model=\"LN1.9\">1.953<\/td>\n<td data-model=\"LN2.6\">2.604<\/td>\n<td data-model=\"LN2.9\">2.976<\/td>\n<td data-model=\"LN3.9\">3.906<\/td>\n<td data-model=\"LN2.9S\">2.976<\/td>\n<td data-model=\"LN3.9S\">3.906<\/td>\n<td data-model=\"LN4.8S\">4.808<\/td>\n<\/tr>\n<tr class=\"important\">\n<th data-model=\"null\">Module Resolution (WxH)<\/th>\n<td data-model=\"LN1.9\">128&#215;128<\/td>\n<td data-model=\"LN2.6\">96&#215;96<\/td>\n<td data-model=\"LN2.9\">84&#215;84<\/td>\n<td data-model=\"LN3.9\">64&#215;64<\/td>\n<td data-model=\"LN2.9S\">84&#215;84<\/td>\n<td data-model=\"LN3.9S\">64&#215;64<\/td>\n<td data-model=\"LN4.8S\">52&#215;52<\/td>\n<\/tr>\n<tr class=\"important\">\n<th data-model=\"null\">Module Composition (WxH)<\/th>\n<td data-model=\"LN1.9\">2&#215;2<\/td>\n<td data-model=\"LN2.6\">2&#215;2<\/td>\n<td data-model=\"LN2.9\">2&#215;2 or 2&#215;4<\/td>\n<td data-model=\"LN3.9\">2&#215;2 or 2&#215;4<\/td>\n<td data-model=\"LN2.9S\">2&#215;2 or 2&#215;4<\/td>\n<td data-model=\"LN3.9S\">2&#215;2 or 2&#215;4<\/td>\n<td data-model=\"LN4.8S\">2&#215;2 or 2&#215;4<\/td>\n<\/tr>\n<tr class=\"optional\">\n<th data-model=\"null\">Pixel Density (pixel\/m\u00b2)<\/th>\n<td data-model=\"LN1.9\">262144<\/td>\n<td data-model=\"LN2.6\">147456<\/td>\n<td data-model=\"LN2.9\">112896<\/td>\n<td data-model=\"LN3.9\">65536<\/td>\n<td data-model=\"LN2.9S\">112896<\/td>\n<td data-model=\"LN3.9S\">65536<\/td>\n<td data-model=\"LN4.8S\">43264<\/td>\n<\/tr>\n<tr class=\"important\">\n<th data-model=\"null\">IP Level<\/th>\n<td data-model=\"LN1.9\">IP30<\/td>\n<td data-model=\"LN2.6\">IP30<\/td>\n<td data-model=\"LN2.9\">IP30<\/td>\n<td data-model=\"LN3.9\">IP30<\/td>\n<td data-model=\"LN2.9S\">IP65<\/td>\n<td data-model=\"LN3.9S\">IP65<\/td>\n<td data-model=\"LN4.8S\">IP65<\/td>\n<\/tr>\n<tr class=\"optional\">\n<th data-model=\"null\">Power Supply<\/th>\n<td data-model=\"LN1.9\">AC100 to 240V (50\/60Hz)<\/td>\n<td data-model=\"LN2.6\">AC100 to 240V (50\/60Hz)<\/td>\n<td data-model=\"LN2.9\">AC100 to 240V (50\/60Hz)<\/td>\n<td data-model=\"LN3.9\">AC100 to 240V (50\/60Hz)<\/td>\n<td data-model=\"LN2.9S\">AC100 to 240V (50\/60Hz)<\/td>\n<td data-model=\"LN3.9S\">AC100 to 240V (50\/60Hz)<\/td>\n<td data-model=\"LN4.8S\">AC100 to 240V (50\/60Hz)<\/td>\n<\/tr>\n<tr class=\"optional\">\n<th data-model=\"null\">Frame Rate (Hz)<\/th>\n<td data-model=\"LN1.9\">50&amp;60<\/td>\n<td data-model=\"LN2.6\">50&amp;60<\/td>\n<td data-model=\"LN2.9\">50&amp;60<\/td>\n<td data-model=\"LN3.9\">50&amp;60<\/td>\n<td data-model=\"LN2.9S\">50&amp;60<\/td>\n<td data-model=\"LN3.9S\">50&amp;60<\/td>\n<td data-model=\"LN4.8S\">50&amp;60<\/td>\n<\/tr>\n<tr class=\"optional\">\n<th data-model=\"null\">Operation Temperature (\u00b0C)<\/th>\n<td data-model=\"LN1.9\">-20 to 40<\/td>\n<td data-model=\"LN2.6\">-20 to 40<\/td>\n<td data-model=\"LN2.9\">-20 to 40<\/td>\n<td data-model=\"LN3.9\">-20 to 40<\/td>\n<td data-model=\"LN2.9S\">-20 to 50<\/td>\n<td data-model=\"LN3.9S\">-20 to 50<\/td>\n<td data-model=\"LN4.8S\">-20 to 50<\/td>\n<\/tr>\n<tr class=\"optional\">\n<th data-model=\"null\">Storage Temperature (\u00b0C)<\/th>\n<td data-model=\"LN1.9\">-40 to 60<\/td>\n<td data-model=\"LN2.6\">-40 to 60<\/td>\n<td data-model=\"LN2.9\">-40 to 60<\/td>\n<td data-model=\"LN3.9\">-40 to 60<\/td>\n<td data-model=\"LN2.9S\">-40 to 60<\/td>\n<td data-model=\"LN3.9S\">-40 to 60<\/td>\n<td data-model=\"LN4.8S\">-40 to 60<\/td>\n<\/tr>\n<tr class=\"optional\">\n<th data-model=\"null\">Operation Humidity (RH)<\/th>\n<td data-model=\"LN1.9\">10 to 80% no condensation<\/td>\n<td data-model=\"LN2.6\">10 to 80% no condensation<\/td>\n<td data-model=\"LN2.9\">10 to 80% no condensation<\/td>\n<td data-model=\"LN3.9\">10 to 80% no condensation<\/td>\n<td data-model=\"LN2.9S\">\/<\/td>\n<td data-model=\"LN3.9S\">\/<\/td>\n<td data-model=\"LN4.8S\">\/<\/td>\n<\/tr>\n<tr class=\"optional\">\n<th data-model=\"null\">Storage Humidity (RH)<\/th>\n<td data-model=\"LN1.9\">10 to 85% no condensation<\/td>\n<td data-model=\"LN2.6\">10 to 85% no condensation<\/td>\n<td data-model=\"LN2.9\">10 to 85% no condensation<\/td>\n<td data-model=\"LN3.9\">10 to 85% no condensation<\/td>\n<td data-model=\"LN2.9S\">10 to 85% no condensation<\/td>\n<td data-model=\"LN3.9S\">10 to 85% no condensation<\/td>\n<td data-model=\"LN4.8S\">10 to 85% no condensation<\/td>\n<\/tr>\n<tr class=\"optional\">\n<th data-model=\"null\">Contrast Ratio<\/th>\n<td data-model=\"LN1.9\">4000:1<\/td>\n<td data-model=\"LN2.6\">4000:1<\/td>\n<td data-model=\"LN2.9\">4000:1<\/td>\n<td data-model=\"LN3.9\">4000:1<\/td>\n<td data-model=\"LN2.9S\">4000:1<\/td>\n<td data-model=\"LN3.9S\">4000:1<\/td>\n<td data-model=\"LN4.8S\">4000:1<\/td>\n<\/tr>\n<tr class=\"optional\">\n<th data-model=\"null\">Deviation of LED Luminance Center<\/th>\n<td data-model=\"LN1.9\">&lt;3%<\/td>\n<td data-model=\"LN2.6\">&lt;3%<\/td>\n<td data-model=\"LN2.9\">&lt;3%<\/td>\n<td data-model=\"LN3.9\">&lt;3%<\/td>\n<td data-model=\"LN2.9S\">&lt;3%<\/td>\n<td data-model=\"LN3.9S\">&lt;3%<\/td>\n<td data-model=\"LN4.8S\">&lt;3%<\/td>\n<\/tr>\n<tr class=\"optional\">\n<th data-model=\"null\"><\/th>\n<td data-model=\"LN1.9\">3000 to 10000 Adjustable<\/td>\n<td data-model=\"LN2.6\">3000 to 10000 Adjustable<\/td>\n<td data-model=\"LN2.9\">3000 to 10000 Adjustable<\/td>\n<td data-model=\"LN3.9\">3000 to 10000 Adjustable<\/td>\n<td data-model=\"LN2.9S\">3000 to 10000 Adjustable<\/td>\n<td data-model=\"LN3.9S\">3000 to 10000 Adjustable<\/td>\n<td data-model=\"LN4.8S\">3000 to 10000 Adjustable<\/td>\n<\/tr>\n<tr class=\"optional\">\n<th data-model=\"null\"><\/th>\n<td data-model=\"LN1.9\">160<\/td>\n<td data-model=\"LN2.6\">160<\/td>\n<td data-model=\"LN2.9\">160<\/td>\n<td data-model=\"LN3.9\">160<\/td>\n<td data-model=\"LN2.9S\">160<\/td>\n<td data-model=\"LN3.9S\">160<\/td>\n<td data-model=\"LN4.8S\">160<\/td>\n<\/tr>\n<tr class=\"optional\">\n<th data-model=\"null\"><\/th>\n<td data-model=\"LN1.9\">140<\/td>\n<td data-model=\"LN2.6\">140<\/td>\n<td data-model=\"LN2.9\">140<\/td>\n<td data-model=\"LN3.9\">140<\/td>\n<td data-model=\"LN2.9S\">140<\/td>\n<td data-model=\"LN3.9S\">140<\/td>\n<td data-model=\"LN4.8S\">140<\/td>\n<\/tr>\n<\/tbody>\n<\/table>\n<\/div>\n","protected":false},"excerpt":{"rendered":"<p>Ecranele LED din seria Leyard LN sunt solu\u021bia perfect\u0103 pentru evenimente \u0219i ocazii temporare. Caracteristicile afi\u0219ajului sunt special concepute pentru a r\u0103spunde nevoilor exigente de vizualizare a con\u021binutului robust, dar flexibil, la expozi\u021bii, concerte, conferin\u021be, evenimente sportive \u0219i alte activit\u0103\u021bi comerciale, pentru a oferi efecte vizuale \u0219i informa\u021bii de \u00eenalt\u0103 calitate.<\/p>\n<p>Cu structura lor modular\u0103 \u0219i u\u0219oar\u0103, afi\u0219ajele LED din seria LN de la Leyard sunt u\u0219or de asamblat \u0219i dezasamblat. De asemenea, au un design u\u0219or de utilizat, \u00eentre\u021binere u\u0219oar\u0103 \u0219i configurare rapid\u0103. Aceast\u0103 structur\u0103 convenabil\u0103 \u00eel face u\u0219or de transportat \u0219i configurat pentru diverse evenimente \u0219i loca\u021bii.<\/p>\n<p>Ecranele pot fi, de asemenea, personalizate pentru a sus\u021bine cerin\u021be specifice aplica\u021biei \u0219i integrate cu alte echipamente \u0219i sisteme pentru a oferi func\u021bionalit\u0103\u021bi \u0219i efecte suplimentare.<\/p>\n<p>Afi\u0219ajele LED din seria LN de la Leyard sunt disponibile \u00eentr-o varietate de dimensiuni, forme \u0219i rezolu\u021bii \u0219i sunt potrivite at\u00e2t pentru evenimente \u00een interior, c\u00e2t \u0219i \u00een aer liber.<\/p>\n","protected":false},"featured_media":9695,"comment_status":"open","ping_status":"closed","template":"","meta":[],"product_brand":[],"product_cat":[895],"product_tag":[382,898,896,900,897,899,901,902],"class_list":{"0":"post-10430","1":"product","2":"type-product","3":"status-publish","4":"has-post-thumbnail","6":"product_cat-leyard-led","7":"product_tag-ecran-led","8":"product_tag-ecran-led-1-9","9":"product_tag-ecran-led-2-6","10":"product_tag-ecran-led-2-9","11":"product_tag-ecran-led-3-9","12":"product_tag-ecran-led-4-8","13":"product_tag-led-screen","14":"product_tag-leyard","16":"first","17":"onbackorder","18":"purchasable","19":"product-type-simple"},"jetpack_sharing_enabled":true,"_links":{"self":[{"href":"https:\/\/quintett.eu\/index.php?rest_route=\/wp\/v2\/product\/10430","targetHints":{"allow":["GET"]}}],"collection":[{"href":"https:\/\/quintett.eu\/index.php?rest_route=\/wp\/v2\/product"}],"about":[{"href":"https:\/\/quintett.eu\/index.php?rest_route=\/wp\/v2\/types\/product"}],"replies":[{"embeddable":true,"href":"https:\/\/quintett.eu\/index.php?rest_route=%2Fwp%2Fv2%2Fcomments&post=10430"}],"wp:featuredmedia":[{"embeddable":true,"href":"https:\/\/quintett.eu\/index.php?rest_route=\/wp\/v2\/media\/9695"}],"wp:attachment":[{"href":"https:\/\/quintett.eu\/index.php?rest_route=%2Fwp%2Fv2%2Fmedia&parent=10430"}],"wp:term":[{"taxonomy":"product_brand","embeddable":true,"href":"https:\/\/quintett.eu\/index.php?rest_route=%2Fwp%2Fv2%2Fproduct_brand&post=10430"},{"taxonomy":"product_cat","embeddable":true,"href":"https:\/\/quintett.eu\/index.php?rest_route=%2Fwp%2Fv2%2Fproduct_cat&post=10430"},{"taxonomy":"product_tag","embeddable":true,"href":"https:\/\/quintett.eu\/index.php?rest_route=%2Fwp%2Fv2%2Fproduct_tag&post=10430"}],"curies":[{"name":"wp","href":"https:\/\/api.w.org\/{rel}","templated":true}]}}