{"id":10539,"date":"2024-04-25T16:40:51","date_gmt":"2024-04-25T14:40:51","guid":{"rendered":"https:\/\/quintett.eu\/?post_type=product&#038;p=10539"},"modified":"2025-08-18T14:10:34","modified_gmt":"2025-08-18T12:10:34","slug":"klotz-cat5-rcbeew","status":"publish","type":"product","link":"https:\/\/quintett.eu\/?product=klotz-cat5-rcbeew","title":{"rendered":"KLOTZ CAT5 RCBEEW050"},"content":{"rendered":"<p>RamCAT 50m flexibiln\u00fd, dvojito tienen\u00fd sie\u0165ov\u00fd k\u00e1bel s pln\u00fdm vodi\u010dom AWG24 na bubne<br \/>\nCAT5e (SF\/UTP) \/ etherCON &#8211; etherCON<\/p>\n<p>SF\/UTP (celkov\u00e9 f\u00f3liov\u00e9 + opleten\u00e9 tienenie)<br \/>\nrobustn\u00fd PUR pl\u00e1\u0161\u0165<br \/>\nEtherSound\u2122 testovan\u00e9 spolo\u010dnos\u0165ou Digigram a\u017e do 120 m<br \/>\nMADI testovan\u00e9 spolo\u010dnos\u0165ami Soundcraft \/ Studer a\u017e do 120 m, vr\u00e1tane dvoch odde\u013eovac\u00edch panelov a bezpe\u010dnostnej rezervy<br \/>\nGLD a iLive ACE\/dSnake testovan\u00e9 spolo\u010dnos\u0165ami Allen&#038;Heath a\u017e do 120 m<br \/>\nDante\u2122 testovan\u00e9 spolo\u010dnos\u0165ou YAMAHA UK a\u017e do 120 m, odpor\u00fa\u010dan\u00e9 do 100 m &#8211; vr\u00e1tane roz\u0161\u00edrenej bezpe\u010dnostnej rezervy pri 1 Gbit\/s<br \/>\ns prieh\u013eadn\u00fdm zmr\u0161\u0165ovac\u00edm kr\u00fa\u017ekom pre bezplatn\u00e9 ozna\u010dovanie<\/p>\n","protected":false},"excerpt":{"rendered":"<p>KLOTZ RamCAT sie\u0165ov\u00fd k\u00e1bel na cievke flexibiln\u00fd, dvojito tienen\u00fd, s pln\u00fdm vodi\u010dom AWG24<br \/>\nCAT5e (SF\/UTP) \/ etherCON &#8211; etherCON &#8211; 50 m<\/p>\n","protected":false},"featured_media":10540,"comment_status":"open","ping_status":"closed","template":"","meta":[],"product_brand":[],"product_cat":[37],"product_tag":[1008,58,1461,1043,1462,1040,1463,1464,1038],"class_list":{"0":"post-10539","1":"product","2":"type-product","3":"status-publish","4":"has-post-thumbnail","6":"product_cat-cabluri-la-metru","7":"product_tag-cablu-cat5","8":"product_tag-klotz","9":"product_tag-klotz-cat5","10":"product_tag-klotz-cat7","11":"product_tag-multikabel-cat5","12":"product_tag-rcbeew050","13":"product_tag-sietovy-kabel","14":"product_tag-sietovy-kabel-cat5","15":"product_tag-tambur-50m-cat5","17":"first","18":"instock","19":"sale","20":"purchasable","21":"product-type-simple"},"jetpack_sharing_enabled":true,"_links":{"self":[{"href":"https:\/\/quintett.eu\/index.php?rest_route=\/wp\/v2\/product\/10539","targetHints":{"allow":["GET"]}}],"collection":[{"href":"https:\/\/quintett.eu\/index.php?rest_route=\/wp\/v2\/product"}],"about":[{"href":"https:\/\/quintett.eu\/index.php?rest_route=\/wp\/v2\/types\/product"}],"replies":[{"embeddable":true,"href":"https:\/\/quintett.eu\/index.php?rest_route=%2Fwp%2Fv2%2Fcomments&post=10539"}],"wp:featuredmedia":[{"embeddable":true,"href":"https:\/\/quintett.eu\/index.php?rest_route=\/wp\/v2\/media\/10540"}],"wp:attachment":[{"href":"https:\/\/quintett.eu\/index.php?rest_route=%2Fwp%2Fv2%2Fmedia&parent=10539"}],"wp:term":[{"taxonomy":"product_brand","embeddable":true,"href":"https:\/\/quintett.eu\/index.php?rest_route=%2Fwp%2Fv2%2Fproduct_brand&post=10539"},{"taxonomy":"product_cat","embeddable":true,"href":"https:\/\/quintett.eu\/index.php?rest_route=%2Fwp%2Fv2%2Fproduct_cat&post=10539"},{"taxonomy":"product_tag","embeddable":true,"href":"https:\/\/quintett.eu\/index.php?rest_route=%2Fwp%2Fv2%2Fproduct_tag&post=10539"}],"curies":[{"name":"wp","href":"https:\/\/api.w.org\/{rel}","templated":true}]}}