{"id":10545,"date":"2024-04-25T16:43:16","date_gmt":"2024-04-25T14:43:16","guid":{"rendered":"https:\/\/quintett.eu\/?post_type=product&#038;p=10545"},"modified":"2025-03-31T13:14:09","modified_gmt":"2025-03-31T11:14:09","slug":"klotz-cat","status":"publish","type":"product","link":"https:\/\/quintett.eu\/?product=klotz-cat","title":{"rendered":"KLOTZ CAT7 Cablu patch pro flexibil cu manta din PVC 30m"},"content":{"rendered":"<p>CP6 este un cablu patch flexibil \u0219i robust, care este flexibil la temperaturi sc\u0103zute de p\u00e2n\u0103 la -40\u00b0C, rezistent la substan\u021be chimice \u0219i foarte rezistent la abraziune \u00een versiunea PUR. Este potrivit pentru transmiterea semnalelor analogice \u0219i digitale \u00een gama de frecven\u021be de p\u00e2n\u0103 la 600 MHz. Materialul cablului este cablul nostru dovedit C7P06, care \u00eendepline\u0219te cerin\u021bele ISO\/IEC 61156-6 categoria 7. Sunt utiliza\u021bi conectori CAT6A de \u00eenalt\u0103 calitate de la Hirose, de asemenea \u00een combina\u021bie cu carcasa Neutrik etherCON. Cablurile asamblate sunt disponibile \u00een lungimi de p\u00e2n\u0103 la 50 m, cu l\u0103\u021bimi de band\u0103 de p\u00e2n\u0103 la 10 Gbit\/s. KLOTZ este un cablu patch de calitate superioar\u0103 pentru aplica\u021bii de clas\u0103 D, E, EA \u0219i F, cum ar fi 10Base-T, 100Base-T, 1000Base-T, 10GBase-T, Token Ring, FDDI, ISDN, ATM, re\u021bele de voce, cum ar fi Ethersound&#x2122; \u0219i controale de iluminat DMX.<\/p>\n<p>Caracteristicile produsului:<br \/>\n&#8211; Cablu de date flexibil<br \/>\n&#8211; Interval de frecven\u021b\u0103 de p\u00e2n\u0103 la 600 MHz<br \/>\n&#8211; 600 MHz p\u00e2n\u0103 la 600 MHz pentru utilizare \u00een aplica\u021bii de clas\u0103 D, E, EA \u0219i F, cum ar fi 10Base-T, 100Base-T, 1000Base-T, 10GBase-T, token ring, FDDI, ISDN, ATM, re\u021bele audio cum ar fi Ethersound&#x2122; \u0219i controale de iluminat DMX.<br \/>\n&#8211; pentru o gam\u0103 larg\u0103 de aplica\u021bii, cum ar fi conectivitatea dispozitivelor, cablu patch sau de leg\u0103tur\u0103<br \/>\n&#8211; CAT6a cu conectori RJ45<br \/>\n&#8211; cu tubulatur\u0103 de contrac\u021bie transparent\u0103 pentru etichetare gratuit\u0103<\/p>\n<p>Specifica\u021bii:<br \/>\n&#8211; Cod: CP6EE1YW30<br \/>\n&#8211; Conectori: etherCON &#8211; etherCON<br \/>\n&#8211; carcas\u0103\/man\u0219on: negru<br \/>\n&#8211; culoare cablu: negru<br \/>\n&#8211; \u00eenveli\u0219ul cablului: PVC<br \/>\n&#8211; tambur de cablu: GT235<br \/>\n&#8211; Tub retractabil: 2 x transparent<br \/>\n&#8211; lungime: 30 m<\/p>\n","protected":false},"excerpt":{"rendered":"<p>CP6 este un cablu patch flexibil \u0219i robust, care este flexibil la temperaturi sc\u0103zute de p\u00e2n\u0103 la -40\u00b0C, rezistent la substan\u021be chimice \u0219i foarte rezistent la abraziune \u00een versiunea PUR. Este potrivit pentru transmiterea semnalelor analogice \u0219i digitale \u00een gama de frecven\u021be de p\u00e2n\u0103 la 600 MHz. Materialul cablului este cablul nostru dovedit C7P06, care \u00eendepline\u0219te cerin\u021bele ISO\/IEC 61156-6 categoria 7. Sunt utiliza\u021bi conectori CAT6A de \u00eenalt\u0103 calitate de la Hirose, de asemenea \u00een combina\u021bie cu carcasa Neutrik etherCON. Cablurile asamblate sunt disponibile \u00een lungimi de p\u00e2n\u0103 la 50 m, cu l\u0103\u021bimi de band\u0103 de p\u00e2n\u0103 la 10 Gbit\/s. KLOTZ este un cablu patch de calitate superioar\u0103 pentru aplica\u021bii de clas\u0103 D, E, EA \u0219i F, cum ar fi 10Base-T, 100Base-T, 1000Base-T, 10GBase-T, Token Ring, FDDI, ISDN, ATM, re\u021bele de voce, cum ar fi Ethersound&#x2122; \u0219i controale de iluminat DMX.<\/p>\n","protected":false},"featured_media":10546,"comment_status":"open","ping_status":"closed","template":"","meta":[],"product_brand":[],"product_cat":[37],"product_tag":[1008,1042,1409,1041,1039,58,1043,1040,1038],"class_list":{"0":"post-10545","1":"product","2":"type-product","3":"status-publish","4":"has-post-thumbnail","6":"product_cat-cabluri-la-metru","7":"product_tag-cablu-cat5","8":"product_tag-cablu-cat7","9":"product_tag-cablu-retea-cat7","10":"product_tag-cat7","11":"product_tag-klotaz-cat5","12":"product_tag-klotz","13":"product_tag-klotz-cat7","14":"product_tag-rcbeew050","15":"product_tag-tambur-50m-cat5","17":"first","18":"instock","19":"purchasable","20":"product-type-simple"},"jetpack_sharing_enabled":true,"_links":{"self":[{"href":"https:\/\/quintett.eu\/index.php?rest_route=\/wp\/v2\/product\/10545","targetHints":{"allow":["GET"]}}],"collection":[{"href":"https:\/\/quintett.eu\/index.php?rest_route=\/wp\/v2\/product"}],"about":[{"href":"https:\/\/quintett.eu\/index.php?rest_route=\/wp\/v2\/types\/product"}],"replies":[{"embeddable":true,"href":"https:\/\/quintett.eu\/index.php?rest_route=%2Fwp%2Fv2%2Fcomments&post=10545"}],"wp:featuredmedia":[{"embeddable":true,"href":"https:\/\/quintett.eu\/index.php?rest_route=\/wp\/v2\/media\/10546"}],"wp:attachment":[{"href":"https:\/\/quintett.eu\/index.php?rest_route=%2Fwp%2Fv2%2Fmedia&parent=10545"}],"wp:term":[{"taxonomy":"product_brand","embeddable":true,"href":"https:\/\/quintett.eu\/index.php?rest_route=%2Fwp%2Fv2%2Fproduct_brand&post=10545"},{"taxonomy":"product_cat","embeddable":true,"href":"https:\/\/quintett.eu\/index.php?rest_route=%2Fwp%2Fv2%2Fproduct_cat&post=10545"},{"taxonomy":"product_tag","embeddable":true,"href":"https:\/\/quintett.eu\/index.php?rest_route=%2Fwp%2Fv2%2Fproduct_tag&post=10545"}],"curies":[{"name":"wp","href":"https:\/\/api.w.org\/{rel}","templated":true}]}}