{"id":10584,"date":"2024-06-06T15:23:51","date_gmt":"2024-06-06T13:23:51","guid":{"rendered":"https:\/\/quintett.eu\/?post_type=product&#038;p=10584"},"modified":"2024-06-06T15:28:44","modified_gmt":"2024-06-06T13:28:44","slug":"austrian-audio-hi-x60-hxhc-toc-pentru-casti-gratis","status":"publish","type":"product","link":"https:\/\/quintett.eu\/?product=austrian-audio-hi-x60-hxhc-toc-pentru-casti-gratis","title":{"rendered":"Austrian Audio Hi-X60 + HXHC Toc pentru casti &#8211; GRATIS !!!"},"content":{"rendered":"<p>Casti studio\u00a0Austrian Audio Hi-X60 +<br \/>\nAustrian Audio HXHC Toc pentru casti &#8211; GRATIS !!!<\/p>\n<ul>\n<li>C\u0103\u0219ti de studio\u00a0cu design inchis (close back)<\/li>\n<li>Circumaural<\/li>\n<li>Toate balamalele \u0219i arcurile sunt metalice pentru o durabilitate maxim\u0103<\/li>\n<li>Construc\u021bie pliabil\u0103 pentru transport u\u0219or<\/li>\n<li>Raspuns frecven\u021b\u0103: 5Hz p\u00e2n\u0103 la 28kHz<\/li>\n<li>Sensibilitate: 110 dBspl \/ V; THD (@ 1kHz): &lt;0,1%<\/li>\n<li>Impedan\u021b\u0103: 25 Ohmi<\/li>\n<li>Putere nominala: 150 mW<\/li>\n<li>Incl. cabluri deta\u0219abile (3 m \u0219i 1,2 m)<\/li>\n<li>Conector: jack mic 3,5 mm (incl. adaptor la 6,3 mm)<\/li>\n<li>Dimensiuni: 200 x 170 x 85 mm<\/li>\n<li>Greutate (f\u0103r\u0103 cablu): 320 g<\/li>\n<\/ul>\n<p>&nbsp;<\/p>\n<p>&nbsp;<\/p>\n","protected":false},"excerpt":{"rendered":"<p>C\u0103\u0219tile Hi-X60 inchise \u00een spate, au fost create special pentru mixaj si masterizare . Acestea sunt construite pentru a satisface nevoia de ascultare atent\u0103 \u0219i precis\u0103 \u00een aceste etape critice ale procesului de produc\u021bie audio.<\/p>\n<p>Acelea\u0219i calit\u0103\u021bi care le fac grozave pentru produc\u021bia audio profesional\u0103 le fac, de asemenea, perfecte pentru audiofilii care apreciaz\u0103 s\u0103 aud\u0103 fiecare nuan\u021b\u0103 \u00een muzica pe care o iubesc.<\/p>\n<p>High Precision \u00eent\u00e2lne\u0219te pl\u0103cerea pur\u0103.<\/p>\n<p>C\u0103\u0219tile Hi-X60 ofer\u0103 o perspectiv\u0103 auditiv\u0103 precis\u0103 , de \u00eenalt\u0103 calitate \u0219i un nou instrument critic pentru mixare \u0219i masterizare profesional\u0103.<\/p>\n<p>Austrian Audio HXHC Toc pentru casti &#8211; GRATIS !!!<\/p>\n","protected":false},"featured_media":10585,"comment_status":"open","ping_status":"closed","template":"","meta":[],"product_brand":[],"product_cat":[306,42],"product_tag":[307,356,125,419],"class_list":{"0":"post-10584","1":"product","2":"type-product","3":"status-publish","4":"has-post-thumbnail","6":"product_cat-austrian-audio","7":"product_cat-promotii","8":"product_tag-austrian-audio","9":"product_tag-casca-profesioanala","10":"product_tag-casti-studio","11":"product_tag-hi-x60","13":"first","14":"instock","15":"sale","16":"purchasable","17":"product-type-simple"},"jetpack_sharing_enabled":true,"_links":{"self":[{"href":"https:\/\/quintett.eu\/index.php?rest_route=\/wp\/v2\/product\/10584","targetHints":{"allow":["GET"]}}],"collection":[{"href":"https:\/\/quintett.eu\/index.php?rest_route=\/wp\/v2\/product"}],"about":[{"href":"https:\/\/quintett.eu\/index.php?rest_route=\/wp\/v2\/types\/product"}],"replies":[{"embeddable":true,"href":"https:\/\/quintett.eu\/index.php?rest_route=%2Fwp%2Fv2%2Fcomments&post=10584"}],"wp:featuredmedia":[{"embeddable":true,"href":"https:\/\/quintett.eu\/index.php?rest_route=\/wp\/v2\/media\/10585"}],"wp:attachment":[{"href":"https:\/\/quintett.eu\/index.php?rest_route=%2Fwp%2Fv2%2Fmedia&parent=10584"}],"wp:term":[{"taxonomy":"product_brand","embeddable":true,"href":"https:\/\/quintett.eu\/index.php?rest_route=%2Fwp%2Fv2%2Fproduct_brand&post=10584"},{"taxonomy":"product_cat","embeddable":true,"href":"https:\/\/quintett.eu\/index.php?rest_route=%2Fwp%2Fv2%2Fproduct_cat&post=10584"},{"taxonomy":"product_tag","embeddable":true,"href":"https:\/\/quintett.eu\/index.php?rest_route=%2Fwp%2Fv2%2Fproduct_tag&post=10584"}],"curies":[{"name":"wp","href":"https:\/\/api.w.org\/{rel}","templated":true}]}}