{"id":10588,"date":"2024-06-06T15:32:31","date_gmt":"2024-06-06T13:32:31","guid":{"rendered":"https:\/\/quintett.eu\/?post_type=product&#038;p=10588"},"modified":"2024-06-06T15:36:56","modified_gmt":"2024-06-06T13:36:56","slug":"austrian-audio-oc818-studio-set-hi-x55-casti-gratis","status":"publish","type":"product","link":"https:\/\/quintett.eu\/?product=austrian-audio-oc818-studio-set-hi-x55-casti-gratis","title":{"rendered":"Austrian Audio OC818 STUDIO SET + Hi-X55 Casti -GRATIS !!!"},"content":{"rendered":"<p>Microfon studio Austrian Audio OC818 &#8211; Casti Hi-X55 &#8211; GRATIS !!!<\/p>\n<p>Caracteristici direc\u021bionale comutabile: omni, cardioid, hipercardioid, figura opt<br \/>\nModel polar configurabil \u00een mod gratuit prin plug-in-ul PolarDesigner pentru Win \u0219i Mac<br \/>\nModelare polar\u0103 \u00een timp real prin dongle OCR8 Bluetooth (nu este inclus) \u0219i aplica\u021bia PolarPilot pentru Android \u0219i iOS<br \/>\nCapsul\u0103 ceramic\u0103 manual\u0103 CKR12 bazat\u0103 pe capsula CK12<br \/>\nGama de frecven\u021b\u0103: 20 &#8211; 20.000 Hz<br \/>\nSensibilitate: 13 mV \/ Pa<br \/>\nImpedan\u021b\u0103 de ie\u0219ire: 2 x 275 ohmi (echilibrat)<br \/>\nImpedan\u021b\u0103 de intrare: 1 kOhm<br \/>\nMax. SPL: 148 dB \/ 158 dB (cu tampon)<br \/>\nZgomot: &lt;10 dB SPL Raport semnal-zgomot:&gt; 84 dB<br \/>\nNecesit\u0103 Phantom power de 48 V<br \/>\nFiltru Low Cut: 40, 80 \u0219i 160 Hz<br \/>\nTampon: -10 dB \u0219i -20 dB<br \/>\nInclude shock mount, nuca pentru microfon, burete, adaptor mini XLR \u0219i case de protectie<br \/>\nDimensiuni: 157 x 63 x 35 mm<br \/>\nGreutate: 0,36 kg<\/p>\n<p>Casti studio Austrian Audio Hi-X55<\/p>\n<p>C\u0103\u0219ti de studio cu spatele inchis<br \/>\nCircumaurale<br \/>\nComponente metalice pentru o durabilitate maxim\u0103<br \/>\nPliabile pentru transport u\u0219or<br \/>\nGama de frecven\u021b\u0103: 5 p\u00e2n\u0103 la 28.000 Hz<br \/>\nSensibilitate: 118 dB SPL \/ V<br \/>\nDistorsiunea armonic\u0103 total\u0103 (@ 1 kHz): <0,1%\nImpedan\u021b\u0103: 25 ohmi\nCablu deta\u0219abil, lungime 3 m\nConector: Jack 3,5 mm, inclusiv adaptorul la Jack 6,3 mm\nDimensiuni: 300 x 170 x 85 mm\nGreutate (f\u0103r\u0103 cablu): 305 g\nFabricate manual in Viena\n<\/p>\n","protected":false},"excerpt":{"rendered":"<p>Microfon studio Austrian Audio OC818 cu caracteristici direc\u021bionale comutabile: omni, cardioid, hipercardioid, figura opt.<br \/>\nCasti Austrian Audio Hi-X55 &#8211; GRATIS !!!<\/p>\n","protected":false},"featured_media":10589,"comment_status":"open","ping_status":"closed","template":"","meta":[],"product_brand":[],"product_cat":[306,42],"product_tag":[307,312,311],"class_list":{"0":"post-10588","1":"product","2":"type-product","3":"status-publish","4":"has-post-thumbnail","6":"product_cat-austrian-audio","7":"product_cat-promotii","8":"product_tag-austrian-audio","9":"product_tag-diafragma-mare","10":"product_tag-microfoane-studio","12":"first","13":"instock","14":"sale","15":"purchasable","16":"product-type-simple"},"jetpack_sharing_enabled":true,"_links":{"self":[{"href":"https:\/\/quintett.eu\/index.php?rest_route=\/wp\/v2\/product\/10588","targetHints":{"allow":["GET"]}}],"collection":[{"href":"https:\/\/quintett.eu\/index.php?rest_route=\/wp\/v2\/product"}],"about":[{"href":"https:\/\/quintett.eu\/index.php?rest_route=\/wp\/v2\/types\/product"}],"replies":[{"embeddable":true,"href":"https:\/\/quintett.eu\/index.php?rest_route=%2Fwp%2Fv2%2Fcomments&post=10588"}],"wp:featuredmedia":[{"embeddable":true,"href":"https:\/\/quintett.eu\/index.php?rest_route=\/wp\/v2\/media\/10589"}],"wp:attachment":[{"href":"https:\/\/quintett.eu\/index.php?rest_route=%2Fwp%2Fv2%2Fmedia&parent=10588"}],"wp:term":[{"taxonomy":"product_brand","embeddable":true,"href":"https:\/\/quintett.eu\/index.php?rest_route=%2Fwp%2Fv2%2Fproduct_brand&post=10588"},{"taxonomy":"product_cat","embeddable":true,"href":"https:\/\/quintett.eu\/index.php?rest_route=%2Fwp%2Fv2%2Fproduct_cat&post=10588"},{"taxonomy":"product_tag","embeddable":true,"href":"https:\/\/quintett.eu\/index.php?rest_route=%2Fwp%2Fv2%2Fproduct_tag&post=10588"}],"curies":[{"name":"wp","href":"https:\/\/api.w.org\/{rel}","templated":true}]}}