{"id":10599,"date":"2024-06-10T09:30:00","date_gmt":"2024-06-10T07:30:00","guid":{"rendered":"https:\/\/quintett.eu\/?post_type=product&#038;p=10599"},"modified":"2024-07-15T18:16:47","modified_gmt":"2024-07-15T16:16:47","slug":"global-truss-selflock-812hookeasy-mini","status":"publish","type":"product","link":"https:\/\/quintett.eu\/?product=global-truss-selflock-812hookeasy-mini","title":{"rendered":"Global Truss Selflock 812HookEasy Mini"},"content":{"rendered":"<p>Global Truss Selflock Hook Mini Easy 48-51\/30\/100kg; Cupla 812 cu design sub\u021bire, asociata cu op\u021biunea de ag\u0103\u021bare u\u0219oar\u0103, ca un c\u00e2rlig clasic; Compatibil: tub de 48-51 mm; Latime: 30 mm; Sarcina : maxim 100 kg; Garnituri: \u00cenchiz\u0103toare: piuli\u021b\u0103 cu fluture M8; Ie\u0219ire: piuli\u021b\u0103 cu fluture M10, inel elastic, \u0219aib\u0103; Culoare: aluminiu;<\/p>\n","protected":false},"excerpt":{"rendered":"<p>Global Truss Selflock Hook Mini Easy 48-51\/30\/100kg; Cupla 812 cu design sub\u021bire, asociata cu op\u021biunea de ag\u0103\u021bare u\u0219oar\u0103, ca un c\u00e2rlig clasic; Compatibil: tub de 48-51 mm; Latime: 30 mm; Sarcina : maxim 100 kg; Garnituri: \u00cenchiz\u0103toare: piuli\u021b\u0103 cu fluture M8; Ie\u0219ire: piuli\u021b\u0103 cu fluture M10, inel elastic, \u0219aib\u0103; Culoare: aluminiu;<\/p>\n","protected":false},"featured_media":10600,"comment_status":"open","ping_status":"closed","template":"","meta":[],"product_brand":[],"product_cat":[183],"product_tag":[546,708,1048,1049],"class_list":{"0":"post-10599","1":"product","2":"type-product","3":"status-publish","4":"has-post-thumbnail","6":"product_cat-traverse-truss","7":"product_tag-global-truss","8":"product_tag-global-truss-812","9":"product_tag-global-truss-selflock-812-hook-easy","10":"product_tag-selflock-812","12":"first","13":"instock","14":"purchasable","15":"product-type-simple"},"jetpack_sharing_enabled":true,"_links":{"self":[{"href":"https:\/\/quintett.eu\/index.php?rest_route=\/wp\/v2\/product\/10599","targetHints":{"allow":["GET"]}}],"collection":[{"href":"https:\/\/quintett.eu\/index.php?rest_route=\/wp\/v2\/product"}],"about":[{"href":"https:\/\/quintett.eu\/index.php?rest_route=\/wp\/v2\/types\/product"}],"replies":[{"embeddable":true,"href":"https:\/\/quintett.eu\/index.php?rest_route=%2Fwp%2Fv2%2Fcomments&post=10599"}],"wp:featuredmedia":[{"embeddable":true,"href":"https:\/\/quintett.eu\/index.php?rest_route=\/wp\/v2\/media\/10600"}],"wp:attachment":[{"href":"https:\/\/quintett.eu\/index.php?rest_route=%2Fwp%2Fv2%2Fmedia&parent=10599"}],"wp:term":[{"taxonomy":"product_brand","embeddable":true,"href":"https:\/\/quintett.eu\/index.php?rest_route=%2Fwp%2Fv2%2Fproduct_brand&post=10599"},{"taxonomy":"product_cat","embeddable":true,"href":"https:\/\/quintett.eu\/index.php?rest_route=%2Fwp%2Fv2%2Fproduct_cat&post=10599"},{"taxonomy":"product_tag","embeddable":true,"href":"https:\/\/quintett.eu\/index.php?rest_route=%2Fwp%2Fv2%2Fproduct_tag&post=10599"}],"curies":[{"name":"wp","href":"https:\/\/api.w.org\/{rel}","templated":true}]}}