{"id":10637,"date":"2024-06-20T20:57:18","date_gmt":"2024-06-20T18:57:18","guid":{"rendered":"https:\/\/quintett.eu\/?post_type=product&#038;p=10637"},"modified":"2024-12-01T00:00:08","modified_gmt":"2024-11-30T22:00:08","slug":"laserworld-cs-8000rgb-fx-mk2","status":"publish","type":"product","link":"https:\/\/quintett.eu\/?product=laserworld-cs-8000rgb-fx-mk2","title":{"rendered":"Laserworld CS-8000RGB FX MK2"},"content":{"rendered":"<p>Laserworld CS-8000RGB FX, este un laser cu diod\u0103 pur semi-profesional puternic, capabil de efecte laser standard intense, cum ar fi fascicule, valuri \u0219i tuneluri, dar \u0219i grafic\u0103 de baz\u0103, toate care se pot combina cu cele 2 efecte de re\u021bea \u00eencorporate pentru a deveni o adev\u0103rat\u0103 umplere a \u00eenc\u0103perii. Acest laser are moduri plug and play u\u0219or, sound-to-light \u0219i stand-alone, control DMX, astfel \u00eenc\u00e2t poate fi controlat cu restul luminii, dar are \u0219i un port ILDA pentru controlul computerului. Perfect pentru instala\u021bii de cluburi de noapte de dimensiuni medii p\u00e2n\u0103 la mari, evenimente interioare \u0219i mici \u00een aer liber.<\/p>\n<p>Specificatii tehnice:<\/p>\n<p>    Putere total\u0103: 8000 mW<br \/>\n    Putere garantata: 7300 mW<br \/>\n    Putere Ro\u0219u: 1800 mW \/ 638 nm<br \/>\n    Power Green: 1&#8217;800 mW \/ 520 nm<br \/>\n    Power Blue: 3&#8217;700 mW \/ 450 nm<br \/>\n    Specifica\u021bii fascicul: 5 mm \/ 1,4 mrad<br \/>\n    Scanner: 28kpps @ 8\u00b0 ILDA, sistem galvo, roat\u0103 de grilaj cu efecte comutabile<br \/>\n    Max. Unghi de scanare: 40\u00b0, p\u00e2n\u0103 la 90\u00b0 cu grilaje de efecte<br \/>\n    Sursa laser: Diode Laser Clasa 4<br \/>\n    Mod de operare: auto, sound, DMX, ILDA, master-slave<br \/>\n    Model de baz\u0103: sca. 130 (straturi, tuneluri, garduri, valuri etc.), grilaje de efecte<br \/>\n    Accesorii: cablu de alimentare, manual, interblocare, cheie<br \/>\n    Alimentare: 85V &#8211; 250 V AC<br \/>\n    Consum de energie: 111 W<br \/>\n    Dimensiuni: 285 x 180 x 190 mm<\/p>\n","protected":false},"excerpt":{"rendered":"<p>Laserworld CS-8000RGB FX, este un laser cu diod\u0103 pur semi-profesional puternic, capabil de efecte laser standard intense, cum ar fi fascicule, valuri \u0219i tuneluri, dar \u0219i grafic\u0103 de baz\u0103, toate care se pot combina cu cele 2 efecte de re\u021bea \u00eencorporate pentru a deveni o adev\u0103rat\u0103 umplere a \u00eenc\u0103perii. Acest laser are moduri plug and play u\u0219or, sound-to-light \u0219i stand-alone, control DMX, astfel \u00eenc\u00e2t poate fi controlat cu restul luminii, dar are \u0219i un port ILDA pentru controlul computerului. Perfect pentru instala\u021bii de cluburi de noapte de dimensiuni medii p\u00e2n\u0103 la mari, evenimente interioare \u0219i mici \u00een aer liber.<\/p>\n","protected":false},"featured_media":10640,"comment_status":"open","ping_status":"closed","template":"","meta":[],"product_brand":[],"product_cat":[768,391],"product_tag":[1273,1272,1274,1068,1067],"class_list":{"0":"post-10637","1":"product","2":"type-product","3":"status-publish","4":"has-post-thumbnail","6":"product_cat-20-years","7":"product_cat-thomann","8":"product_tag-cs-8000rgb","9":"product_tag-laser-cs-8000rgb-fx","10":"product_tag-laser-dansul-mirilor","11":"product_tag-laser-rgb","12":"product_tag-laserworld","14":"first","15":"instock","16":"purchasable","17":"product-type-simple"},"jetpack_sharing_enabled":true,"_links":{"self":[{"href":"https:\/\/quintett.eu\/index.php?rest_route=\/wp\/v2\/product\/10637","targetHints":{"allow":["GET"]}}],"collection":[{"href":"https:\/\/quintett.eu\/index.php?rest_route=\/wp\/v2\/product"}],"about":[{"href":"https:\/\/quintett.eu\/index.php?rest_route=\/wp\/v2\/types\/product"}],"replies":[{"embeddable":true,"href":"https:\/\/quintett.eu\/index.php?rest_route=%2Fwp%2Fv2%2Fcomments&post=10637"}],"wp:featuredmedia":[{"embeddable":true,"href":"https:\/\/quintett.eu\/index.php?rest_route=\/wp\/v2\/media\/10640"}],"wp:attachment":[{"href":"https:\/\/quintett.eu\/index.php?rest_route=%2Fwp%2Fv2%2Fmedia&parent=10637"}],"wp:term":[{"taxonomy":"product_brand","embeddable":true,"href":"https:\/\/quintett.eu\/index.php?rest_route=%2Fwp%2Fv2%2Fproduct_brand&post=10637"},{"taxonomy":"product_cat","embeddable":true,"href":"https:\/\/quintett.eu\/index.php?rest_route=%2Fwp%2Fv2%2Fproduct_cat&post=10637"},{"taxonomy":"product_tag","embeddable":true,"href":"https:\/\/quintett.eu\/index.php?rest_route=%2Fwp%2Fv2%2Fproduct_tag&post=10637"}],"curies":[{"name":"wp","href":"https:\/\/api.w.org\/{rel}","templated":true}]}}