{"id":10920,"date":"2024-07-22T20:09:11","date_gmt":"2024-07-22T18:09:11","guid":{"rendered":"https:\/\/quintett.eu\/?post_type=product&#038;p=10920"},"modified":"2025-04-17T18:30:36","modified_gmt":"2025-04-17T16:30:36","slug":"pls-rush-beam-250w","status":"publish","type":"product","link":"https:\/\/quintett.eu\/?product=pls-rush-beam-250w","title":{"rendered":"PLS RUSH BEAM 250W"},"content":{"rendered":"<p>SPECIFICA\u021aII:<br \/>\nSursa de lumina: PHILIPS PLATINUM 11R 250W<br \/>\nDurata de viata: 2.000 h<br \/>\nZoom electronic Interval: 2,5\u00b0 Temperatura culorii: 7800K<br \/>\nCRI:80Ra<br \/>\nDimmer: variator electronic liniar 0-100%.<br \/>\nStrobe: Stroboscop lent: 1 bli\u021b\/sec<br \/>\nStrobe rapid: 25 flash\/sec<br \/>\nRoata de culori: 14 culori + deschis, rotatie cu directie variabila si<br \/>\nvitez\u0103<br \/>\nRoata gobo: 17 gobo + deschis<br \/>\nEfect declan\u0219ator electronic: efect stroboscopic, efecte puls, deschidere instantanee<br \/>\n\u0219i blackout<br \/>\nPrism\u0103: 8-fa\u021bete circulare+16-fa\u021bete circulare<br \/>\nFocalizare: control motorizat, grosier \u0219i fin pe 16 bi\u021bi<br \/>\nMiscare Pan: 540\u00b0 \u00a0Mi\u0219care Tilt: 270\u00b0 .Vitez\u0103 de pan \u0219i tilt: Ajustabil\u0103 prin intermediul integrat<br \/>\npanou de control \u0219i DMX<br \/>\nDimming: 0-100%, control grosier \u0219i fin Frost<br \/>\nCanale DMX: 16CH\/20CH<br \/>\nModuri de func\u021bionare: DMX, Master\/Slave, automat \u0219i sunet\/activ<\/p>\n","protected":false},"excerpt":{"rendered":"<p>RUSH BEAM 250W este un fascicul de lumin\u0103 cu cap mobil cu cel mai mic volum \u0219i cea mai u\u0219oar\u0103 greutate, dar fluxul luminos poate ajunge la 12000LM. Datorit\u0103 sursei de lumin\u0103 de 250 W a lui PHILIPS MSD 11R, \u00eel poate face s\u0103 arate diferit. Ie\u0219ire de luminozitate la 10 metri mai mult de 550000Lux. Suficient pentru a \u00eenlocui orice lumin\u0103 cu cap mobil cu fascicul YODN, seria OSRAM. \u0218i pentru c\u0103 c\u00e2nt\u0103re\u0219te doar 12Kg. Este foarte potrivit pentru companiile de \u00eenchirieri s\u0103 instaleze \u0219i s\u0103 demonteze la diferite evenimente mobile. \u0218i p\u0103streaz\u0103 toate func\u021biile SHARPIY BEAM 7R. Cu 17 Gobo + 14 culori, 8 prisme circulare \u0219i efect Frost.<\/p>\n","protected":false},"featured_media":10923,"comment_status":"open","ping_status":"closed","template":"","meta":[],"product_brand":[],"product_cat":[768,798],"product_tag":[1116,504,796,1115,797,1110,501,1109,190,795,505,834],"class_list":{"0":"post-10920","1":"product","2":"type-product","3":"status-publish","4":"has-post-thumbnail","6":"product_cat-20-years","7":"product_cat-pls","8":"product_tag-11-r","9":"product_tag-7r","10":"product_tag-beam-230w","11":"product_tag-beam-250w","12":"product_tag-beam-r7","13":"product_tag-claypaky","14":"product_tag-lumini-inteligente","15":"product_tag-mini-7r","16":"product_tag-moving-head","17":"product_tag-moving-head-230w","18":"product_tag-moving-head-7r","19":"product_tag-sharpy-7r","21":"first","22":"instock","23":"sale","24":"purchasable","25":"product-type-simple"},"jetpack_sharing_enabled":true,"_links":{"self":[{"href":"https:\/\/quintett.eu\/index.php?rest_route=\/wp\/v2\/product\/10920","targetHints":{"allow":["GET"]}}],"collection":[{"href":"https:\/\/quintett.eu\/index.php?rest_route=\/wp\/v2\/product"}],"about":[{"href":"https:\/\/quintett.eu\/index.php?rest_route=\/wp\/v2\/types\/product"}],"replies":[{"embeddable":true,"href":"https:\/\/quintett.eu\/index.php?rest_route=%2Fwp%2Fv2%2Fcomments&post=10920"}],"wp:featuredmedia":[{"embeddable":true,"href":"https:\/\/quintett.eu\/index.php?rest_route=\/wp\/v2\/media\/10923"}],"wp:attachment":[{"href":"https:\/\/quintett.eu\/index.php?rest_route=%2Fwp%2Fv2%2Fmedia&parent=10920"}],"wp:term":[{"taxonomy":"product_brand","embeddable":true,"href":"https:\/\/quintett.eu\/index.php?rest_route=%2Fwp%2Fv2%2Fproduct_brand&post=10920"},{"taxonomy":"product_cat","embeddable":true,"href":"https:\/\/quintett.eu\/index.php?rest_route=%2Fwp%2Fv2%2Fproduct_cat&post=10920"},{"taxonomy":"product_tag","embeddable":true,"href":"https:\/\/quintett.eu\/index.php?rest_route=%2Fwp%2Fv2%2Fproduct_tag&post=10920"}],"curies":[{"name":"wp","href":"https:\/\/api.w.org\/{rel}","templated":true}]}}