{"id":10931,"date":"2024-07-22T20:34:48","date_gmt":"2024-07-22T18:34:48","guid":{"rendered":"https:\/\/quintett.eu\/?post_type=product&#038;p=10931"},"modified":"2025-04-17T10:50:04","modified_gmt":"2025-04-17T08:50:04","slug":"frenel-ellipsoidal-200w-led-fresnel-light","status":"publish","type":"product","link":"https:\/\/quintett.eu\/?product=frenel-ellipsoidal-200w-led-fresnel-light","title":{"rendered":"FRENEL Ellipsoidal 250W LED FRESNEL LIGHT"},"content":{"rendered":"<div class=\"lRu31\" dir=\"ltr\"><span class=\"HwtZe\" lang=\"ro\"><span class=\"jCAhz ChMk0b\"><span class=\"ryNqvb\">LED COB de 250 W (alb cald 3200K\/alb rece 8000K)\u00a0<\/span><\/span><\/span><\/div>\n<div class=\"lRu31\" dir=\"ltr\"><span class=\"HwtZe\" lang=\"ro\"><span class=\"jCAhz ChMk0b\"><span class=\"ryNqvb\">Durat\u0103 de via\u021b\u0103 de 50.000 de ore \u0219i consum redus de energie <\/span><\/span><\/span><\/div>\n<div class=\"lRu31\" dir=\"ltr\"><span class=\"HwtZe\" lang=\"ro\"><span class=\"jCAhz ChMk0b\"><span class=\"ryNqvb\">Indicele de redare a culorii (CRI): Ra\u226590 <\/span><\/span><\/span><\/div>\n<div class=\"lRu31\" dir=\"ltr\"><span class=\"HwtZe\" lang=\"ro\"><span class=\"jCAhz ChMk0b\"><span class=\"ryNqvb\">Lentila Fresnel de inalta eficienta <\/span><\/span><\/span><\/div>\n<div class=\"lRu31\" dir=\"ltr\"><span class=\"HwtZe\" lang=\"ro\"><span class=\"jCAhz ChMk0b\"><span class=\"ryNqvb\">Imagine plat\u0103 \u0219i uniform\u0103, cu margine moale <\/span><\/span><\/span><\/div>\n<div class=\"lRu31\" dir=\"ltr\"><span class=\"HwtZe\" lang=\"ro\"><span class=\"jCAhz ChMk0b\"><span class=\"ryNqvb\">Sistem de zoom automat (prin DMX) de la 15\u00b0-60\u00b0 <\/span><\/span><\/span><\/div>\n<div class=\"lRu31\" dir=\"ltr\"><span class=\"HwtZe\" lang=\"ro\"><span class=\"jCAhz ChMk0b\"><span class=\"ryNqvb\">Carcas\u0103 realizat\u0103 din aliaj robust de aluminiu turnat sub presiune <\/span><\/span><\/span><\/div>\n<div class=\"lRu31\" dir=\"ltr\"><span class=\"HwtZe\" lang=\"ro\"><span class=\"jCAhz ChMk0b\"><span class=\"ryNqvb\">M\u00e2ner spate izolat termic <\/span><\/span><\/span><\/div>\n<div class=\"lRu31\" dir=\"ltr\"><span class=\"HwtZe\" lang=\"ro\"><span class=\"jCAhz ChMk0b\"><span class=\"ryNqvb\">Butoane izolate termic \u0219i un singur m\u00e2ner din aluminiu pentru instalare <\/span><\/span><\/span><\/div>\n<div class=\"lRu31\" dir=\"ltr\"><span class=\"HwtZe\" lang=\"ro\"><span class=\"jCAhz\"><span class=\"ryNqvb\">Barn door incluse <\/span><\/span><\/span><\/div>\n<div class=\"lRu31\" dir=\"ltr\"><span class=\"HwtZe\" lang=\"ro\"><span class=\"jCAhz ChMk0b\"><span class=\"ryNqvb\">Dimmer liniar 0-100% neted \u0219i precis <\/span><\/span><span class=\"jCAhz ChMk0b\"><span class=\"ryNqvb\">25 T\/sec de mare vitez\u0103 declan\u0219ator\/efect stroboscopic cu vitez\u0103 variabil\u0103 <\/span><\/span><\/span><\/div>\n<div class=\"lRu31\" dir=\"ltr\"><span class=\"HwtZe\" lang=\"ro\"><span class=\"jCAhz ChMk0b\"><span class=\"ryNqvb\">Efect stroboscopic variabil\/aleatoriu prestabilit \u0219i efect de puls de estompare <\/span><\/span><\/span><\/div>\n<div class=\"lRu31\" dir=\"ltr\"><span class=\"HwtZe\" lang=\"ro\"><span class=\"jCAhz\"><span class=\"ryNqvb\">2\/5 canale DMX <\/span><\/span><span class=\"jCAhz\"><span class=\"ryNqvb\">DMX512, master-slave \u0219i control sunet sau func\u021bionare automat\u0103 <\/span><\/span><\/span><\/div>\n<div class=\"lRu31\" dir=\"ltr\"><span class=\"HwtZe\" lang=\"ro\"><span class=\"jCAhz\"><span class=\"ryNqvb\">Display LCD cu 4 butoane, <\/span><\/span><\/span><\/div>\n<div class=\"lRu31\" dir=\"ltr\"><span class=\"HwtZe\" lang=\"ro\"><span class=\"jCAhz\"><span class=\"ryNqvb\">Conector POWRECON IN\/OUT, conectori XLR cu 3 pini \u0219i 5 pini IN\/OUT <\/span><\/span><\/span><\/div>\n<div class=\"lRu31\" dir=\"ltr\"><span class=\"HwtZe\" lang=\"ro\"><span class=\"jCAhz\"><span class=\"ryNqvb\">Ventilator cu zgomot redus integrat cu sistem de r\u0103cire cu lichid de cupru <\/span><\/span><span class=\"jCAhz\"><span class=\"ryNqvb\">Grad de protec\u021bie IP20 <\/span><\/span><\/span><\/div>\n<div class=\"lRu31\" dir=\"ltr\"><span class=\"HwtZe\" lang=\"ro\"><span class=\"jCAhz\"><span class=\"ryNqvb\">Specificatii: <\/span><\/span><span class=\"jCAhz\"><span class=\"ryNqvb\">Tensiune de intrare: AC100-240V 50\/60Hz <\/span><\/span><span class=\"jCAhz\"><span class=\"ryNqvb\">Max.<\/span><\/span> <span class=\"jCAhz ChMk0b\"><span class=\"ryNqvb\">Putere: 300W <\/span><\/span><span class=\"jCAhz ChMk0b\"><span class=\"ryNqvb\">Dimensiuni: 397(D)*211(L)*378(H)mm <\/span><\/span><span class=\"jCAhz ChMk0b\"><span class=\"ryNqvb\">Dimensiune ambalaj: 580(D)*325(W)*320(H)mm <\/span><\/span><span class=\"jCAhz\"><span class=\"ryNqvb\">Greutate neta: 8,5 kg <\/span><\/span><span class=\"jCAhz\"><span class=\"ryNqvb\">Greutate bruta: 11 kg<\/span><\/span><\/span><\/p>\n<div class=\"OvtS8d\"><\/div>\n<div id=\"ow48\"><\/div>\n<\/div>\n<div class=\"UdTY9 BwTYAc WdefRb\" aria-hidden=\"true\" data-location=\"2\">\n<div class=\"kO6q6e\"><\/div>\n<\/div>\n<div class=\"XL3Kf XExWNc\">\n<div class=\"a8FIud X0rvP\">\n<div data-show-delay-ms=\"250\" data-append-to-body=\"false\" data-propagate-tooltip-mouseover-events=\"true\" data-anchor-corner=\"bottom-end\" data-enable-skip-handler=\"true\" data-popup-corner=\"top-end\">\n<div class=\"dig2sb\"><\/div>\n<\/div>\n<\/div>\n<\/div>\n<div class=\"XL3Kf XExWNc\">\n<div class=\"a8FIud X0rvP\">\n<div data-show-delay-ms=\"250\" data-append-to-body=\"false\" data-propagate-tooltip-mouseover-events=\"true\" data-anchor-corner=\"bottom-end\" data-enable-skip-handler=\"true\" data-popup-corner=\"top-end\"><\/div>\n<\/div>\n<\/div>\n<div class=\"ebT7ne VOLvac sMVRZe\">\n<div class=\"F0pQVc\"><\/div>\n<\/div>\n<div class=\"VO9ucd\">\n<div class=\"aJIq1d\" dir=\"ltr\" data-language-code=\"ro\" data-language-name=\"Rom\u00e2n\u0103\" data-text=\"LED COB de 250 W (alb cald 3200K\/alb rece 8000K)\n\/250W COB LED RGBWA\nDurat\u0103 de via\u021b\u0103 de 50.000 de ore \u0219i consum redus de energie\nIndicele de redare a culorii (CRI): Ra\u226590\nLentila Fresnel de inalta eficienta\nImagine plat\u0103 \u0219i uniform\u0103, cu margine moale\nSistem de zoom automat (prin DMX) de la 15\u00b0-60\u00b0\nCarcas\u0103 realizat\u0103 din aliaj robust de aluminiu turnat sub presiune\nM\u00e2ner spate izolat termic\nButoane izolate termic \u0219i un singur m\u00e2ner din aluminiu pentru instalare\nUsa hambar inclusa\nDimmer liniar 0-100% neted \u0219i precis\n25 T\/sec de mare vitez\u0103 declan\u0219ator\/efect stroboscopic cu vitez\u0103 variabil\u0103\nEfect stroboscopic variabil\/aleatoriu prestabilit \u0219i efect de puls de estompare\n2\/5 canale DMX\nDMX512, master-slave \u0219i control sunet sau func\u021bionare automat\u0103\nDisplay LCD cu 4 butoane, conector POWRECON IN\/OUT, conectori XLR cu 3 pini \u0219i 5 pini IN\/OUT\nVentilator cu zgomot redus integrat cu sistem de r\u0103cire cu lichid de cupru\nGrad de protec\u021bie IP20\nSpecificatii:\nTensiune de intrare: AC100-240V 50\/60Hz\nMax. Putere: 300W\nDimensiuni: 397(D)*211(L)*378(H)mm\nDimensiune ambalaj: 580(D)*325(W)*320(H)mm\nGreutate neta: 8,5 kg\nGreutate bruta: 11 kg\" data-crosslingual-hint=\"en\" data-location=\"2\" data-enable-toggle-playback-speed=\"true\" data-results-count=\"1\" data-result-index=\"1\"><\/p>\n<div class=\"m0Qfkd\"><\/div>\n<\/div>\n<\/div>\n","protected":false},"excerpt":{"rendered":"<p>ST-250Z LUMINA FRESNEL LED 250W<\/p>\n<p>PLSPRO 250Z este un corp de iluminat Fresnel cu LED alb de mare putere de 250W. Lumina Fresnel cu LED-uri portabil\u0103 are un de zoom de la 15 la 60 de grade. Exist\u0103 mai multe moduri de control, inclusiv DMX, control sincron master si slave\u00a0 .<\/p>\n<p>Fiind dispozitivul simplist care a trecut testul timpului \u00een capacitatea lor de a oferi lumin\u0103 controlabil\u0103 de baz\u0103, lumina LED Fresnel\u00a0 este folosit\u0103 \u00een mod obi\u0219nuit \u00een teatru.Lentila produce un fascicul de lumin\u0103 mai larg, cu margini moi, care este utilizat \u00een mod obi\u0219nuit pentru lumina din spate \u0219i lumina superioar\u0103.<\/p>\n","protected":false},"featured_media":10932,"comment_status":"open","ping_status":"closed","template":"","meta":[],"product_brand":[],"product_cat":[798,42],"product_tag":[1123,1118,1119,1117,1419,811,1121,1120,1122,390],"class_list":{"0":"post-10931","1":"product","2":"type-product","3":"status-publish","4":"has-post-thumbnail","6":"product_cat-pls","7":"product_cat-promotii","8":"product_tag-filmari","9":"product_tag-frenel-led-200w","10":"product_tag-frenel-led-300w","11":"product_tag-frenel-teatru","12":"product_tag-fresnel-cob-250w","13":"product_tag-fresnel-teatru","14":"product_tag-reflector-led","15":"product_tag-reflector-teatru","16":"product_tag-televiziune","17":"product_tag-video","19":"first","20":"instock","21":"purchasable","22":"product-type-simple"},"jetpack_sharing_enabled":true,"_links":{"self":[{"href":"https:\/\/quintett.eu\/index.php?rest_route=\/wp\/v2\/product\/10931","targetHints":{"allow":["GET"]}}],"collection":[{"href":"https:\/\/quintett.eu\/index.php?rest_route=\/wp\/v2\/product"}],"about":[{"href":"https:\/\/quintett.eu\/index.php?rest_route=\/wp\/v2\/types\/product"}],"replies":[{"embeddable":true,"href":"https:\/\/quintett.eu\/index.php?rest_route=%2Fwp%2Fv2%2Fcomments&post=10931"}],"wp:featuredmedia":[{"embeddable":true,"href":"https:\/\/quintett.eu\/index.php?rest_route=\/wp\/v2\/media\/10932"}],"wp:attachment":[{"href":"https:\/\/quintett.eu\/index.php?rest_route=%2Fwp%2Fv2%2Fmedia&parent=10931"}],"wp:term":[{"taxonomy":"product_brand","embeddable":true,"href":"https:\/\/quintett.eu\/index.php?rest_route=%2Fwp%2Fv2%2Fproduct_brand&post=10931"},{"taxonomy":"product_cat","embeddable":true,"href":"https:\/\/quintett.eu\/index.php?rest_route=%2Fwp%2Fv2%2Fproduct_cat&post=10931"},{"taxonomy":"product_tag","embeddable":true,"href":"https:\/\/quintett.eu\/index.php?rest_route=%2Fwp%2Fv2%2Fproduct_tag&post=10931"}],"curies":[{"name":"wp","href":"https:\/\/api.w.org\/{rel}","templated":true}]}}