{"id":10944,"date":"2024-07-25T15:02:22","date_gmt":"2024-07-25T13:02:22","guid":{"rendered":"https:\/\/quintett.eu\/?post_type=product&#038;p=10944"},"modified":"2024-07-25T15:04:47","modified_gmt":"2024-07-25T13:04:47","slug":"pp-world-percussion-pp8604-roto-toms","status":"publish","type":"product","link":"https:\/\/quintett.eu\/?product=pp-world-percussion-pp8604-roto-toms","title":{"rendered":"PP WORLD PERCUSSION PP8604 Roto-toms"},"content":{"rendered":"<p> Set de trei tomi cu rame metalice a\u0219ezate pe un trepied cromat, complet reglabil, cu picioare de cauciuc pentru a preveni alunecarea nedorit\u0103. \u00cen\u0103l\u021bimea maxim\u0103 este de 107 cm, iar cea minim\u0103 de 76,2 cm.<\/p>\n<p>Parametri<\/p>\n<p>    Diametru: 6, 8, 10 &#8220;<br \/>\n    \u0162ara de fabrica\u0163ie: China<\/p>\n","protected":false},"excerpt":{"rendered":"<p>PP WORLD Percussion v\u0103 ajut\u0103 s\u0103 introduce\u021bi copiii mici \u00een lumea muzicii. \u00cen portofoliul s\u0103u ve\u021bi g\u0103si carillone, instrumente de percu\u021bie \u0219i multe alte instrumente muzicale simple care nu numai c\u0103 le vor oferi copiilor divertisment, dar vor sprijini \u0219i dezvoltarea abilit\u0103\u021bilor lor fizice \u0219i cognitive.<\/p>\n","protected":false},"featured_media":10945,"comment_status":"open","ping_status":"closed","template":"","meta":[],"product_brand":[],"product_cat":[391],"product_tag":[1132,1134,1131,1126,1124,1130,1127,1128,1125,1129,1137,1136,1133,1135],"class_list":{"0":"post-10944","1":"product","2":"type-product","3":"status-publish","4":"has-post-thumbnail","6":"product_cat-thomann","7":"product_tag-castaniete","8":"product_tag-clopotel","9":"product_tag-guiro","10":"product_tag-instrumente-de-percutie-pentru-scoala","11":"product_tag-jucarii-pentru-copii","12":"product_tag-maracas","13":"product_tag-percutie","14":"product_tag-percutie-kids","15":"product_tag-percutie-pentru-copii","16":"product_tag-pp-world-percution","17":"product_tag-roto-toms","18":"product_tag-shaker","19":"product_tag-tamburina","20":"product_tag-trianglu","22":"first","23":"instock","24":"purchasable","25":"product-type-simple"},"jetpack_sharing_enabled":true,"_links":{"self":[{"href":"https:\/\/quintett.eu\/index.php?rest_route=\/wp\/v2\/product\/10944","targetHints":{"allow":["GET"]}}],"collection":[{"href":"https:\/\/quintett.eu\/index.php?rest_route=\/wp\/v2\/product"}],"about":[{"href":"https:\/\/quintett.eu\/index.php?rest_route=\/wp\/v2\/types\/product"}],"replies":[{"embeddable":true,"href":"https:\/\/quintett.eu\/index.php?rest_route=%2Fwp%2Fv2%2Fcomments&post=10944"}],"wp:featuredmedia":[{"embeddable":true,"href":"https:\/\/quintett.eu\/index.php?rest_route=\/wp\/v2\/media\/10945"}],"wp:attachment":[{"href":"https:\/\/quintett.eu\/index.php?rest_route=%2Fwp%2Fv2%2Fmedia&parent=10944"}],"wp:term":[{"taxonomy":"product_brand","embeddable":true,"href":"https:\/\/quintett.eu\/index.php?rest_route=%2Fwp%2Fv2%2Fproduct_brand&post=10944"},{"taxonomy":"product_cat","embeddable":true,"href":"https:\/\/quintett.eu\/index.php?rest_route=%2Fwp%2Fv2%2Fproduct_cat&post=10944"},{"taxonomy":"product_tag","embeddable":true,"href":"https:\/\/quintett.eu\/index.php?rest_route=%2Fwp%2Fv2%2Fproduct_tag&post=10944"}],"curies":[{"name":"wp","href":"https:\/\/api.w.org\/{rel}","templated":true}]}}