{"id":10960,"date":"2024-07-25T15:09:31","date_gmt":"2024-07-25T13:09:31","guid":{"rendered":"https:\/\/quintett.eu\/?post_type=product&#038;p=10960"},"modified":"2024-07-25T15:11:33","modified_gmt":"2024-07-25T13:11:33","slug":"pp-world-percussion-two-tone-bongos","status":"publish","type":"product","link":"https:\/\/quintett.eu\/?product=pp-world-percussion-two-tone-bongos","title":{"rendered":"PP WORLD PERCUSSION Two Tone Bongos"},"content":{"rendered":"<p>Bongosul PP World Percussive va mul\u021bumi mai ales \u00eencep\u0103torii cu pre\u021bul \u0219i sunetul lor pl\u0103cut. Confec\u021bionate din lemn \u0219i completate de un finisaj frumos din lac, acestea m\u00e2ng\u00e2ie at\u00e2t urechea, c\u00e2t \u0219i ochiul. Acordarea este asigurat\u0103 de 4 \u0219uruburi cromate, care asigur\u0103 un sunet perfect.<br \/>\nExist\u0103 un hembra de 7,5&#8220; \u0219i un macho de 6,5&#8220;, tobe de dimensiuni suficiente pentru a v\u0103 permite s\u0103 c\u00e2nta\u021bi. Este inclus\u0103 \u0219i o cheie de acordaj.<\/p>\n<p>Parametri<\/p>\n<p>    Hembra: 7,5 &#8220;<br \/>\n    Macho: 6,5 &#8220;<br \/>\n    Material: Lemn<br \/>\n    Material fa\u0163\u0103: Natural<br \/>\n    Hus\u0103: Nu<br \/>\n    \u0162ara de fabrica\u0163ie: China<\/p>\n","protected":false},"excerpt":{"rendered":"<p>PP WORLD Percussion v\u0103 ajut\u0103 s\u0103 introduce\u021bi copiii mici \u00een lumea muzicii. \u00cen portofoliul s\u0103u ve\u021bi g\u0103si carillone, instrumente de percu\u021bie \u0219i multe alte instrumente muzicale simple care nu numai c\u0103 le vor oferi copiilor divertisment, dar vor sprijini \u0219i dezvoltarea abilit\u0103\u021bilor lor fizice \u0219i cognitive.<\/p>\n","protected":false},"featured_media":10961,"comment_status":"open","ping_status":"closed","template":"","meta":[],"product_brand":[],"product_cat":[391],"product_tag":[1138,1132,1134,1131,1126,1124,1130,1127,1128,1125,1129,1137,1136,1133,1135],"class_list":{"0":"post-10960","1":"product","2":"type-product","3":"status-publish","4":"has-post-thumbnail","6":"product_cat-thomann","7":"product_tag-bongos","8":"product_tag-castaniete","9":"product_tag-clopotel","10":"product_tag-guiro","11":"product_tag-instrumente-de-percutie-pentru-scoala","12":"product_tag-jucarii-pentru-copii","13":"product_tag-maracas","14":"product_tag-percutie","15":"product_tag-percutie-kids","16":"product_tag-percutie-pentru-copii","17":"product_tag-pp-world-percution","18":"product_tag-roto-toms","19":"product_tag-shaker","20":"product_tag-tamburina","21":"product_tag-trianglu","23":"first","24":"instock","25":"purchasable","26":"product-type-simple"},"jetpack_sharing_enabled":true,"_links":{"self":[{"href":"https:\/\/quintett.eu\/index.php?rest_route=\/wp\/v2\/product\/10960","targetHints":{"allow":["GET"]}}],"collection":[{"href":"https:\/\/quintett.eu\/index.php?rest_route=\/wp\/v2\/product"}],"about":[{"href":"https:\/\/quintett.eu\/index.php?rest_route=\/wp\/v2\/types\/product"}],"replies":[{"embeddable":true,"href":"https:\/\/quintett.eu\/index.php?rest_route=%2Fwp%2Fv2%2Fcomments&post=10960"}],"wp:featuredmedia":[{"embeddable":true,"href":"https:\/\/quintett.eu\/index.php?rest_route=\/wp\/v2\/media\/10961"}],"wp:attachment":[{"href":"https:\/\/quintett.eu\/index.php?rest_route=%2Fwp%2Fv2%2Fmedia&parent=10960"}],"wp:term":[{"taxonomy":"product_brand","embeddable":true,"href":"https:\/\/quintett.eu\/index.php?rest_route=%2Fwp%2Fv2%2Fproduct_brand&post=10960"},{"taxonomy":"product_cat","embeddable":true,"href":"https:\/\/quintett.eu\/index.php?rest_route=%2Fwp%2Fv2%2Fproduct_cat&post=10960"},{"taxonomy":"product_tag","embeddable":true,"href":"https:\/\/quintett.eu\/index.php?rest_route=%2Fwp%2Fv2%2Fproduct_tag&post=10960"}],"curies":[{"name":"wp","href":"https:\/\/api.w.org\/{rel}","templated":true}]}}