{"id":10979,"date":"2024-07-25T15:19:51","date_gmt":"2024-07-25T13:19:51","guid":{"rendered":"https:\/\/quintett.eu\/?post_type=product&#038;p=10979"},"modified":"2024-07-25T15:21:46","modified_gmt":"2024-07-25T13:21:46","slug":"pp-world-percussion-pp25ck","status":"publish","type":"product","link":"https:\/\/quintett.eu\/?product=pp-world-percussion-pp25ck","title":{"rendered":"PP WORLD PERCUSSION PP25CK"},"content":{"rendered":"<p>Xilofon cu clopo\u021bei cu dou\u0103 octave, potrivi\u021bi pentru cei mai tineri \u0219i pentru muzicienii \u00eencep\u0103tori. Clopo\u021beii con\u021bin dou\u0103 r\u00e2nduri de note, astfel \u00eenc\u00e2t, pe l\u00e2ng\u0103 notele \u00eentregi, pute\u021bi folosi tonuri crescute \u0219i diminuate ca la pian. Instrumentul ofer\u0103, de asemenea, un sunet clar, dinamic \u0219i colorat, care nu se va pierde nici m\u0103car \u00eentr-un cor mare de copii. O pereche de cioc\u0103nele din plastic \u0219i o hus\u0103 de transport din plastic sunt incluse pentru un transport u\u0219or.<\/p>\n<p>Parametri<\/p>\n<p>    Material: O\u021bel\/Plastic<br \/>\n    Acordaj: g5 &#8211; g7<br \/>\n    Be\u0163e: Da<br \/>\n    \u0162ara de fabrica\u0163ie: Coreea de Sud<\/p>\n","protected":false},"excerpt":{"rendered":"<p>PP WORLD Percussion v\u0103 ajut\u0103 s\u0103 introduce\u021bi copiii mici \u00een lumea muzicii. \u00cen portofoliul s\u0103u ve\u021bi g\u0103si carillone, instrumente de percu\u021bie \u0219i multe alte instrumente muzicale simple care nu numai c\u0103 le vor oferi copiilor divertisment, dar vor sprijini \u0219i dezvoltarea abilit\u0103\u021bilor lor fizice \u0219i cognitive.<\/p>\n","protected":false},"featured_media":10980,"comment_status":"open","ping_status":"closed","template":"","meta":[],"product_brand":[],"product_cat":[391],"product_tag":[1138,1132,1134,1131,1126,1124,1130,1127,1128,1125,1129,1137,1136,1133,1135],"class_list":{"0":"post-10979","1":"product","2":"type-product","3":"status-publish","4":"has-post-thumbnail","6":"product_cat-thomann","7":"product_tag-bongos","8":"product_tag-castaniete","9":"product_tag-clopotel","10":"product_tag-guiro","11":"product_tag-instrumente-de-percutie-pentru-scoala","12":"product_tag-jucarii-pentru-copii","13":"product_tag-maracas","14":"product_tag-percutie","15":"product_tag-percutie-kids","16":"product_tag-percutie-pentru-copii","17":"product_tag-pp-world-percution","18":"product_tag-roto-toms","19":"product_tag-shaker","20":"product_tag-tamburina","21":"product_tag-trianglu","23":"first","24":"instock","25":"purchasable","26":"product-type-simple"},"jetpack_sharing_enabled":true,"_links":{"self":[{"href":"https:\/\/quintett.eu\/index.php?rest_route=\/wp\/v2\/product\/10979","targetHints":{"allow":["GET"]}}],"collection":[{"href":"https:\/\/quintett.eu\/index.php?rest_route=\/wp\/v2\/product"}],"about":[{"href":"https:\/\/quintett.eu\/index.php?rest_route=\/wp\/v2\/types\/product"}],"replies":[{"embeddable":true,"href":"https:\/\/quintett.eu\/index.php?rest_route=%2Fwp%2Fv2%2Fcomments&post=10979"}],"wp:featuredmedia":[{"embeddable":true,"href":"https:\/\/quintett.eu\/index.php?rest_route=\/wp\/v2\/media\/10980"}],"wp:attachment":[{"href":"https:\/\/quintett.eu\/index.php?rest_route=%2Fwp%2Fv2%2Fmedia&parent=10979"}],"wp:term":[{"taxonomy":"product_brand","embeddable":true,"href":"https:\/\/quintett.eu\/index.php?rest_route=%2Fwp%2Fv2%2Fproduct_brand&post=10979"},{"taxonomy":"product_cat","embeddable":true,"href":"https:\/\/quintett.eu\/index.php?rest_route=%2Fwp%2Fv2%2Fproduct_cat&post=10979"},{"taxonomy":"product_tag","embeddable":true,"href":"https:\/\/quintett.eu\/index.php?rest_route=%2Fwp%2Fv2%2Fproduct_tag&post=10979"}],"curies":[{"name":"wp","href":"https:\/\/api.w.org\/{rel}","templated":true}]}}