{"id":11031,"date":"2024-08-06T11:42:52","date_gmt":"2024-08-06T09:42:52","guid":{"rendered":"https:\/\/quintett.eu\/?post_type=product&#038;p=11031"},"modified":"2025-05-20T09:43:00","modified_gmt":"2025-05-20T07:43:00","slug":"swissonic-professional-router-2-mkii","status":"publish","type":"product","link":"https:\/\/quintett.eu\/?product=swissonic-professional-router-2-mkii","title":{"rendered":"Swissonic Professional Router 2 MKII"},"content":{"rendered":"<p>Router wireless dual band WiFi 6 Swissonic Professional Router 2 MKII<\/p>\n<p>2,4 \u0219i 5 GHz<br \/>\nEasy Mesh Network<br \/>\nDiversitate<br \/>\nAntene detasabile<br \/>\n1 port WAN<br \/>\n4 porturi LAN (1000 Mbps)<br \/>\nConectori Neutrik RJ 45<br \/>\nStandarde WLan IEEE 802.11ax<br \/>\nDebit de date Wifi de p\u00e2n\u0103 la 287 Mbps (2,4 GHz), p\u00e2n\u0103 la 1201 Mbps (5 GHz)<br \/>\nUnitate de alimentare integrat\u0103<br \/>\nFormat: 19&#8220; \/ 1 U<br \/>\nDimensiuni carcas\u0103 f\u0103r\u0103 priz\u0103 \u0219i antene (L x A x A): 483 x 44 x 180 mm<br \/>\nGreutate: 2,1 kg<\/p>\n","protected":false},"excerpt":{"rendered":"<p>Router wireless dual band WiFi 6 Swissonic Professional Router 2 MKII<\/p>\n<p>2,4 \u0219i 5 GHz<br \/>\nEasy Mesh Network<br \/>\nDiversitate<br \/>\nAntene detasabile<br \/>\n1 port WAN<br \/>\n4 porturi LAN (1000 Mbps)<br \/>\nConectori Neutrik RJ 45<br \/>\nStandarde WLan IEEE 802.11ax<br \/>\nDebit de date Wifi de p\u00e2n\u0103 la 287 Mbps (2,4 GHz), p\u00e2n\u0103 la 1201 Mbps (5 GHz)<br \/>\nUnitate de alimentare integrat\u0103<br \/>\nFormat: 19&#8220; \/ 1 U<br \/>\nDimensiuni carcas\u0103 f\u0103r\u0103 priz\u0103 \u0219i antene (L x A x A): 483 x 44 x 180 mm<br \/>\nGreutate: 2,1 kg<\/p>\n","protected":false},"featured_media":11032,"comment_status":"open","ping_status":"closed","template":"","meta":[],"product_brand":[],"product_cat":[391],"product_tag":[1161,1160,1159,1162,1158,1157,1163],"class_list":{"0":"post-11031","1":"product","2":"type-product","3":"status-publish","4":"has-post-thumbnail","6":"product_cat-thomann","7":"product_tag-4ghz","8":"product_tag-router-2","9":"product_tag-router-5g","10":"product_tag-router-internet","11":"product_tag-router-wireless","12":"product_tag-swissonic-basic-router-mkii","13":"product_tag-swissonic-professional-router-2-mkii","15":"first","16":"outofstock","17":"purchasable","18":"product-type-simple"},"jetpack_sharing_enabled":true,"_links":{"self":[{"href":"https:\/\/quintett.eu\/index.php?rest_route=\/wp\/v2\/product\/11031","targetHints":{"allow":["GET"]}}],"collection":[{"href":"https:\/\/quintett.eu\/index.php?rest_route=\/wp\/v2\/product"}],"about":[{"href":"https:\/\/quintett.eu\/index.php?rest_route=\/wp\/v2\/types\/product"}],"replies":[{"embeddable":true,"href":"https:\/\/quintett.eu\/index.php?rest_route=%2Fwp%2Fv2%2Fcomments&post=11031"}],"wp:featuredmedia":[{"embeddable":true,"href":"https:\/\/quintett.eu\/index.php?rest_route=\/wp\/v2\/media\/11032"}],"wp:attachment":[{"href":"https:\/\/quintett.eu\/index.php?rest_route=%2Fwp%2Fv2%2Fmedia&parent=11031"}],"wp:term":[{"taxonomy":"product_brand","embeddable":true,"href":"https:\/\/quintett.eu\/index.php?rest_route=%2Fwp%2Fv2%2Fproduct_brand&post=11031"},{"taxonomy":"product_cat","embeddable":true,"href":"https:\/\/quintett.eu\/index.php?rest_route=%2Fwp%2Fv2%2Fproduct_cat&post=11031"},{"taxonomy":"product_tag","embeddable":true,"href":"https:\/\/quintett.eu\/index.php?rest_route=%2Fwp%2Fv2%2Fproduct_tag&post=11031"}],"curies":[{"name":"wp","href":"https:\/\/api.w.org\/{rel}","templated":true}]}}