{"id":11042,"date":"2024-08-06T11:45:44","date_gmt":"2024-08-06T09:45:44","guid":{"rendered":"https:\/\/quintett.eu\/?post_type=product&#038;p=11042"},"modified":"2025-07-04T11:08:31","modified_gmt":"2025-07-04T09:08:31","slug":"zoom-q2n-4k","status":"publish","type":"product","link":"https:\/\/quintett.eu\/?product=zoom-q2n-4k","title":{"rendered":"Zoom Q2n-4K"},"content":{"rendered":"<p>Recorder video Zoom Q2n-4K<\/p>\n<p>Obiectiv cu unghi larg de 150 \u00b0 de \u00eenalt\u0103 calitate &#8211; F2.8 \/ 15,2 mm<br \/>\n12 op\u021biuni \u201eScene\u201d pentru fotografiere \u00een diferite condi\u021bii de iluminare<br \/>\nMicrofon stereo X \/ Y \u00eencorporat<br \/>\nTolereaz\u0103 niveluri de presiune sonor\u0103 de p\u00e2n\u0103 la 120 dB f\u0103r\u0103 distorsiuni<br \/>\nUtilizabil ca \u00eenregistrator audio autonom cu p\u00e2n\u0103 la 24 de bi\u021bi \/ 96 kHz<br \/>\n5 Set\u0103ri unghi de vizualizare (FOV)<br \/>\n\u00cenregistra\u021bi direct pe carduri micro SD \/ SDHC \/ SDXC cu p\u00e2n\u0103 la 256 GB<br \/>\nEcran LCD color<br \/>\n3 moduri video HD: 720p, 1080p \u0219i 4K<br \/>\nInterval dinamic \u00eenalt (HDR)<br \/>\nViteze de bi\u021bi video p\u00e2n\u0103 la 76 Mbps<br \/>\nRata de actualizare a imaginilor: 4K \/ 30fps, 4K \/ 25fps, 4K \/ 24fps, 1080p \/ 60fps, 1080p \/ 50fps, 1080p \/ 30fps, 1080p \/ 25fps, 1080p \/ 24fps, 720p \/ 30fps, 720p \/ 25fps<br \/>\nIe\u0219ire video micro HDMI (tip D)<br \/>\n\u00cenregistrarea videoclipurilor (cu audio) \u00een format MOV<br \/>\nContoare digitale pe ecran<br \/>\nFunc\u021bie de c\u00e2\u0219tig automat pentru control automat al nivelului de intrare<br \/>\nIntrare stereo pentru conectarea dispozitivelor externe cu ie\u0219ire de alimentare plug-in<br \/>\nIe\u0219ire la nivelul c\u0103\u0219tilor \/ liniei pentru monitorizarea audio<br \/>\nFiltru redus<br \/>\nInterfa\u021b\u0103 USB pentru transmisie \u00een direct \u0219i transmisie de date<br \/>\nCompatibil cu software-ul OBS Open Broadcaster, Skype \u0219i alte aplica\u021bii de streaming<br \/>\nWebcam \u0219i microfon USB func\u021bioneaz\u0103 cu computere \u0219i iPads<br \/>\nFunc\u021bionarea cu dou\u0103 baterii AA (incluse)<br \/>\nDimensiuni: 58,7 x 68,5 x 83 mm<br \/>\nGreutate: 124 g<\/p>\n","protected":false},"excerpt":{"rendered":"<p>Zoom Q2n-4K Mobile Video Recorder<\/p>\n","protected":false},"featured_media":11043,"comment_status":"open","ping_status":"closed","template":"","meta":[],"product_brand":[],"product_cat":[391],"product_tag":[1165,1001,1166,1000,999,998,1164],"class_list":{"0":"post-11042","1":"product","2":"type-product","3":"status-publish","4":"has-post-thumbnail","6":"product_cat-thomann","7":"product_tag-camera-4k","8":"product_tag-podcasting","9":"product_tag-recorder-video-zoom-q2n-4k","10":"product_tag-recording","11":"product_tag-zoom","12":"product_tag-zoom-podtrak-p4","13":"product_tag-zoom-q2n-4k","15":"first","16":"instock","17":"purchasable","18":"product-type-simple"},"jetpack_sharing_enabled":true,"_links":{"self":[{"href":"https:\/\/quintett.eu\/index.php?rest_route=\/wp\/v2\/product\/11042","targetHints":{"allow":["GET"]}}],"collection":[{"href":"https:\/\/quintett.eu\/index.php?rest_route=\/wp\/v2\/product"}],"about":[{"href":"https:\/\/quintett.eu\/index.php?rest_route=\/wp\/v2\/types\/product"}],"replies":[{"embeddable":true,"href":"https:\/\/quintett.eu\/index.php?rest_route=%2Fwp%2Fv2%2Fcomments&post=11042"}],"wp:featuredmedia":[{"embeddable":true,"href":"https:\/\/quintett.eu\/index.php?rest_route=\/wp\/v2\/media\/11043"}],"wp:attachment":[{"href":"https:\/\/quintett.eu\/index.php?rest_route=%2Fwp%2Fv2%2Fmedia&parent=11042"}],"wp:term":[{"taxonomy":"product_brand","embeddable":true,"href":"https:\/\/quintett.eu\/index.php?rest_route=%2Fwp%2Fv2%2Fproduct_brand&post=11042"},{"taxonomy":"product_cat","embeddable":true,"href":"https:\/\/quintett.eu\/index.php?rest_route=%2Fwp%2Fv2%2Fproduct_cat&post=11042"},{"taxonomy":"product_tag","embeddable":true,"href":"https:\/\/quintett.eu\/index.php?rest_route=%2Fwp%2Fv2%2Fproduct_tag&post=11042"}],"curies":[{"name":"wp","href":"https:\/\/api.w.org\/{rel}","templated":true}]}}