{"id":11053,"date":"2024-08-07T14:40:38","date_gmt":"2024-08-07T12:40:38","guid":{"rendered":"https:\/\/quintett.eu\/?post_type=product&#038;p=11053"},"modified":"2024-08-07T16:00:50","modified_gmt":"2024-08-07T14:00:50","slug":"gerband-tape-258-bk","status":"publish","type":"product","link":"https:\/\/quintett.eu\/?product=gerband-tape-258-bk","title":{"rendered":"Gerband Tape 258 BK"},"content":{"rendered":"<p>Banda din material textil<\/p>\n<p>Culoare: Negru<br \/>\nAcoperire mat\u0103 a suprafe\u021bei<br \/>\nLatime: 50 mm x Lungime: 50 m<br \/>\nIdeal pentru lipire f\u0103r\u0103 a l\u0103sa reziduuri<\/p>\n","protected":false},"excerpt":{"rendered":"<p>Banda din material textil<\/p>\n<p>Culoare: Negru<br \/>\nAcoperire mat\u0103 a suprafe\u021bei<br \/>\nLatime: 50 mm x Lungime: 50 m<br \/>\nIdeal pentru lipire f\u0103r\u0103 a l\u0103sa reziduuri<\/p>\n","protected":false},"featured_media":11054,"comment_status":"open","ping_status":"closed","template":"","meta":[],"product_brand":[],"product_cat":[391],"product_tag":[1146,1168,1167,1142,1144,1145,1155,1143],"class_list":{"0":"post-11053","1":"product","2":"type-product","3":"status-publish","4":"has-post-thumbnail","6":"product_cat-thomann","7":"product_tag-banda-scena","8":"product_tag-gerband","9":"product_tag-gerband-tape","10":"product_tag-stairville","11":"product_tag-stairville-banda","12":"product_tag-stairville-stage-tape-400bk","13":"product_tag-stairville-stage-tape-691-50-bk","14":"product_tag-stairville-tape","16":"first","17":"instock","18":"purchasable","19":"product-type-simple"},"jetpack_sharing_enabled":true,"_links":{"self":[{"href":"https:\/\/quintett.eu\/index.php?rest_route=\/wp\/v2\/product\/11053","targetHints":{"allow":["GET"]}}],"collection":[{"href":"https:\/\/quintett.eu\/index.php?rest_route=\/wp\/v2\/product"}],"about":[{"href":"https:\/\/quintett.eu\/index.php?rest_route=\/wp\/v2\/types\/product"}],"replies":[{"embeddable":true,"href":"https:\/\/quintett.eu\/index.php?rest_route=%2Fwp%2Fv2%2Fcomments&post=11053"}],"wp:featuredmedia":[{"embeddable":true,"href":"https:\/\/quintett.eu\/index.php?rest_route=\/wp\/v2\/media\/11054"}],"wp:attachment":[{"href":"https:\/\/quintett.eu\/index.php?rest_route=%2Fwp%2Fv2%2Fmedia&parent=11053"}],"wp:term":[{"taxonomy":"product_brand","embeddable":true,"href":"https:\/\/quintett.eu\/index.php?rest_route=%2Fwp%2Fv2%2Fproduct_brand&post=11053"},{"taxonomy":"product_cat","embeddable":true,"href":"https:\/\/quintett.eu\/index.php?rest_route=%2Fwp%2Fv2%2Fproduct_cat&post=11053"},{"taxonomy":"product_tag","embeddable":true,"href":"https:\/\/quintett.eu\/index.php?rest_route=%2Fwp%2Fv2%2Fproduct_tag&post=11053"}],"curies":[{"name":"wp","href":"https:\/\/api.w.org\/{rel}","templated":true}]}}