{"id":11194,"date":"2024-09-05T15:12:28","date_gmt":"2024-09-05T13:12:28","guid":{"rendered":"https:\/\/quintett.eu\/?post_type=product&#038;p=11194"},"modified":"2025-03-17T17:52:37","modified_gmt":"2025-03-17T15:52:37","slug":"austrian-audio-micreator-system-set","status":"publish","type":"product","link":"https:\/\/quintett.eu\/?product=austrian-audio-micreator-system-set","title":{"rendered":"Austrian Audio MiCreator System Set"},"content":{"rendered":"<p>Specifica\u021bii:<\/p>\n<p>Rezolu\u021bie digital\u0103: max 48 kHz\/24 bi\u021bi<br \/>\nConector digital: USB-C \u2013 USB Audio Class 1.0\/2.0 compatibil<br \/>\nCaracteristic\u0103 direc\u021bional\u0103: cardioid<br \/>\nGama de frecvente: 20 Hz \u2013 20 kHz<br \/>\nSensibilitate: &#8211; 35dBFS\/Pa (c\u00e2\u0219tig sc\u0103zut)\/-15dBFS (c\u00e2\u0219tig ridicat)<br \/>\nComutator de c\u00e2\u0219tig hardware: 0dB (sc\u0103zut)\/20dB (mare)<br \/>\nNivel de zgomot echivalent: 22 dB SPL (A) (castig mare)<br \/>\nSPL maxim: 130 dB SPL (castig redus)<br \/>\nPutere de ie\u0219ire: 45 mW (\u00eenc\u0103rcare 32 ohmi)<br \/>\nInterval dinamic: 89 dB(A)<br \/>\nIntrare\/Ie\u0219ire TRRS: pentru cablu de instrument, a doua c\u0103\u0219ti sau MiCreator Satellite sau Y-Lav<br \/>\nDimensiuni: 155 x 60 x 37 mm<br \/>\nGreutate: 370 g<\/p>\n<p>&nbsp;<\/p>\n","protected":false},"excerpt":{"rendered":"<p>Austrian Audio MiCreator este un nou tip de instrument creativ. Microfon condensator de \u00eenalt\u0103 calitate \u0219i interfa\u021b\u0103 audio simpl\u0103 cu conectivitate USB-C\u00ae, MiCreator v\u0103 ofer\u0103 flexibilitatea de a crea ceea ce dori\u021bi, cum dori\u021bi. Conecta\u021bi-v\u0103 \u0219i \u00eencepe\u021bi s\u0103 \u00eenregistra\u021bi instantaneu la o calitate audio de top, sau extinde\u021bi-v\u0103 configura\u021bia folosind intrarea suplimentar\u0103 a MiCreator pentru a realiza \u00eenregistr\u0103ri stereo, a \u00eenregistra o surs\u0103 suplimentar\u0103 de sunet \u0219i multe altele. \u00a0Indiferent dac\u0103 \u00eenregistra\u021bi acas\u0103 sau \u00een deplasare, pute\u021bi crea cu \u00eencredere datorit\u0103 carcasei metalice ultradurabile a lui MiCreator. Deci, fie c\u0103 sunte\u021bi \u00een c\u0103utarea unui microfon plug-and-play capabil sau a unui instrument de produc\u021bie cu mai multe fe\u021be, MiCreator v\u0103 simplific\u0103 procesul creativ \u0219i ofer\u0103 rezultate f\u0103r\u0103 compromisuri.<\/p>\n<p>&nbsp;<\/p>\n","protected":false},"featured_media":11195,"comment_status":"open","ping_status":"closed","template":"","meta":[],"product_brand":[],"product_cat":[768,306],"product_tag":[307,841,842,117,1228,843],"class_list":{"0":"post-11194","1":"product","2":"type-product","3":"status-publish","4":"has-post-thumbnail","6":"product_cat-20-years","7":"product_cat-austrian-audio","8":"product_tag-austrian-audio","9":"product_tag-micreator","10":"product_tag-micreator-studio","11":"product_tag-microfon-de-studio","12":"product_tag-system-set","13":"product_tag-usb-c","15":"first","16":"instock","17":"purchasable","18":"product-type-simple"},"jetpack_sharing_enabled":true,"_links":{"self":[{"href":"https:\/\/quintett.eu\/index.php?rest_route=\/wp\/v2\/product\/11194","targetHints":{"allow":["GET"]}}],"collection":[{"href":"https:\/\/quintett.eu\/index.php?rest_route=\/wp\/v2\/product"}],"about":[{"href":"https:\/\/quintett.eu\/index.php?rest_route=\/wp\/v2\/types\/product"}],"replies":[{"embeddable":true,"href":"https:\/\/quintett.eu\/index.php?rest_route=%2Fwp%2Fv2%2Fcomments&post=11194"}],"wp:featuredmedia":[{"embeddable":true,"href":"https:\/\/quintett.eu\/index.php?rest_route=\/wp\/v2\/media\/11195"}],"wp:attachment":[{"href":"https:\/\/quintett.eu\/index.php?rest_route=%2Fwp%2Fv2%2Fmedia&parent=11194"}],"wp:term":[{"taxonomy":"product_brand","embeddable":true,"href":"https:\/\/quintett.eu\/index.php?rest_route=%2Fwp%2Fv2%2Fproduct_brand&post=11194"},{"taxonomy":"product_cat","embeddable":true,"href":"https:\/\/quintett.eu\/index.php?rest_route=%2Fwp%2Fv2%2Fproduct_cat&post=11194"},{"taxonomy":"product_tag","embeddable":true,"href":"https:\/\/quintett.eu\/index.php?rest_route=%2Fwp%2Fv2%2Fproduct_tag&post=11194"}],"curies":[{"name":"wp","href":"https:\/\/api.w.org\/{rel}","templated":true}]}}