{"id":11210,"date":"2024-09-05T15:32:06","date_gmt":"2024-09-05T13:32:06","guid":{"rendered":"https:\/\/quintett.eu\/?post_type=product&#038;p=11210"},"modified":"2024-09-05T15:45:27","modified_gmt":"2024-09-05T13:45:27","slug":"austrian-audio-hi-x65-cushion-kit","status":"publish","type":"product","link":"https:\/\/quintett.eu\/?product=austrian-audio-hi-x65-cushion-kit","title":{"rendered":"Austrian Audio Hi-X65 Cushion Kit"},"content":{"rendered":"<p>Set KIT reparatie pentru c\u0103\u0219ti<\/p>\n<p>1 pereche de tampoane pentru urechi, inclusiv pl\u0103cu\u021b\u0103 de plas\u0103 din spum\u0103 pentru Hi-X65\/X60<br \/>\n1 pereche de tampoane pentru bentita<br \/>\nInstrument de asamblare<\/p>\n","protected":false},"excerpt":{"rendered":"<p>Set KIT reparatie pentru c\u0103\u0219ti<\/p>\n<p>1 pereche de tampoane pentru urechi, inclusiv pl\u0103cu\u021b\u0103 de plas\u0103 din spum\u0103 pentru Hi-X65\/X60<br \/>\n1 pereche de tampoane pentru bentita<br \/>\nInstrument de asamblare<\/p>\n","protected":false},"featured_media":11212,"comment_status":"open","ping_status":"closed","template":"","meta":[],"product_brand":[],"product_cat":[306],"product_tag":[307,1233],"class_list":{"0":"post-11210","1":"product","2":"type-product","3":"status-publish","4":"has-post-thumbnail","6":"product_cat-austrian-audio","7":"product_tag-austrian-audio","8":"product_tag-kit-casti-hi-x65","10":"first","11":"instock","12":"purchasable","13":"product-type-simple"},"jetpack_sharing_enabled":true,"_links":{"self":[{"href":"https:\/\/quintett.eu\/index.php?rest_route=\/wp\/v2\/product\/11210","targetHints":{"allow":["GET"]}}],"collection":[{"href":"https:\/\/quintett.eu\/index.php?rest_route=\/wp\/v2\/product"}],"about":[{"href":"https:\/\/quintett.eu\/index.php?rest_route=\/wp\/v2\/types\/product"}],"replies":[{"embeddable":true,"href":"https:\/\/quintett.eu\/index.php?rest_route=%2Fwp%2Fv2%2Fcomments&post=11210"}],"wp:featuredmedia":[{"embeddable":true,"href":"https:\/\/quintett.eu\/index.php?rest_route=\/wp\/v2\/media\/11212"}],"wp:attachment":[{"href":"https:\/\/quintett.eu\/index.php?rest_route=%2Fwp%2Fv2%2Fmedia&parent=11210"}],"wp:term":[{"taxonomy":"product_brand","embeddable":true,"href":"https:\/\/quintett.eu\/index.php?rest_route=%2Fwp%2Fv2%2Fproduct_brand&post=11210"},{"taxonomy":"product_cat","embeddable":true,"href":"https:\/\/quintett.eu\/index.php?rest_route=%2Fwp%2Fv2%2Fproduct_cat&post=11210"},{"taxonomy":"product_tag","embeddable":true,"href":"https:\/\/quintett.eu\/index.php?rest_route=%2Fwp%2Fv2%2Fproduct_tag&post=11210"}],"curies":[{"name":"wp","href":"https:\/\/api.w.org\/{rel}","templated":true}]}}