{"id":11242,"date":"2024-09-27T11:34:36","date_gmt":"2024-09-27T09:34:36","guid":{"rendered":"https:\/\/quintett.eu\/?post_type=product&#038;p=11242"},"modified":"2024-09-27T11:37:12","modified_gmt":"2024-09-27T09:37:12","slug":"zildjian-alchem-e-bronze-ex","status":"publish","type":"product","link":"https:\/\/quintett.eu\/?product=zildjian-alchem-e-bronze-ex","title":{"rendered":"Zildjian Alchem-E Bronze EX"},"content":{"rendered":"<p>Zildjian prezint\u0103 noua serie ALCHEM-E de seturi de tobe electronice, care ofer\u0103 o experien\u021b\u0103 de joc unic\u0103 \u0219i captivant\u0103. Seria variaz\u0103 de la modelul mai compact Bronze EX p\u00e2n\u0103 la nava amiral ALCHEM-E Gold EX. Fiecare trus\u0103 este echipat\u0103 cu platanele revolu\u021bionare Zildjian E-FAMILY \u0219i cu un modul de tobe Zildjian E-VAULT (ZEV1) complet echipat, care ofer\u0103 o reac\u021bie \u0219i un r\u0103spuns superior printr-o configura\u021bie de ultim\u0103 genera\u021bie. Fie c\u0103 sunte\u021bi un baterist \u00eencep\u0103tor sau un profesionist experimentat, seria ALCHEM-E ofer\u0103 o solu\u021bie pentru fiecare.<\/p>\n<p>Kiturile din seria ALCHEM-E se m\u00e2ndresc cu tobe acustice de dimensiuni mari, cu corpuri din ar\u021bar nord-american cu \u0219apte straturi, pentru o senza\u021bie acustic\u0103 maxim\u0103 \u0219i estetic\u0103 pe scen\u0103. Cu o tranzi\u021bie u\u0219oar\u0103 de la kitul electronic la cel acustic, unde pute\u021bi schimba pur \u0219i simplu capetele de umplere cu plas\u0103 cu capetele rezonante acustice \u0219i ajusta c\u00e2teva \u0219uruburi, aceste tobe ofer\u0103 o experien\u021b\u0103 cu adev\u0103rat hibrid\u0103. Cinelele \u0219i modulul de tobe sunt fabricate \u00een turn\u0103toria din Norwell, MA, \u0219i dispun de o tehnologie avansat\u0103 de senzori care ofer\u0103 o sensibilitate \u0219i un r\u0103spuns superior.<\/p>\n<p>Zildjian E-VAULT, un nou modul de tobe electronice, ofer\u0103 o autenticitate sonor\u0103 revolu\u021bionar\u0103 care v\u0103 va cufunda complet. Modulul ofer\u0103 o bibliotec\u0103 extins\u0103 de sunete de tobe, \u021bambale \u0219i percu\u021bie de \u00eenalt\u0103 calitate \u0219i ofer\u0103 acces la aproape \u00eentregul catalog de \u021bambale Zildjian. Utilizatorii \u00ee\u0219i pot crea \u0219i actualiza forma\u021biile ideale \u0219i \u00ee\u0219i pot personaliza sunetul personal cu ajutorul naviga\u021biei intuitive \u0219i a ecranului tactil color premium de 5&#8243;. Echipate cu cymbals Zildjian E-FAMILY, kiturile ALCHEM-E ofer\u0103 nu numai o experien\u021b\u0103 dinamic\u0103 \u0219i realist\u0103, ci \u0219i oportunit\u0103\u021bi excelente pentru interpretare \u0219i \u00eenregistrare creativ\u0103.<\/p>\n<p>Kitul este alc\u0103tuit dintr-o tob\u0103 de 18&#8220;, un flor tom de 14&#8220;, o tob\u0103 de 12&#8220;, dou\u0103 tomuri de 10&#8220; \u0219i trei cinele &#8211; hi-hat de 14&#8220;, crash de 16&#8220; \u0219i crash\/ride de 18&#8220;. Bine\u00een\u021beles, este inclus un set de feronerie.<\/p>\n<p>Nu este \u00een pachet taburetul pentru tobe, suportul pentru hi-hat \u0219i snare \u0219i pedala pentru toba mare.<\/p>\n","protected":false},"excerpt":{"rendered":"<p>Specificatii :<br \/>\nFunc\u021bii<br \/>\nMetronom &#8211; Da<br \/>\nCaracteristici<br \/>\nNum\u0103r de sunete &#8211; 143<br \/>\nNum\u0103r de preferin\u021be &#8211; 50<br \/>\nIntr\u0103ri \u0219i ie\u0219iri<br \/>\nMIDI &#8211; Da<br \/>\nUSB &#8211; Da<br \/>\nAccesorii<br \/>\nPedal\u0103 &#8211; Nu<br \/>\nBe\u0163e &#8211; Nu<br \/>\n\u0162ara de fabrica\u0163ie &#8211; SUA<\/p>\n","protected":false},"featured_media":11243,"comment_status":"open","ping_status":"closed","template":"","meta":[],"product_brand":[],"product_cat":[391],"product_tag":[1239,170,1236,1237,1238,1234,1235],"class_list":{"0":"post-11242","1":"product","2":"type-product","3":"status-publish","4":"has-post-thumbnail","6":"product_cat-thomann","7":"product_tag-cinele","8":"product_tag-tobe","9":"product_tag-tobe-electronic","10":"product_tag-tobe-electronice","11":"product_tag-tobe-electronice-zildjian","12":"product_tag-zildjian","13":"product_tag-zildjian-alchem","15":"first","16":"onbackorder","17":"purchasable","18":"product-type-simple"},"jetpack_sharing_enabled":true,"_links":{"self":[{"href":"https:\/\/quintett.eu\/index.php?rest_route=\/wp\/v2\/product\/11242","targetHints":{"allow":["GET"]}}],"collection":[{"href":"https:\/\/quintett.eu\/index.php?rest_route=\/wp\/v2\/product"}],"about":[{"href":"https:\/\/quintett.eu\/index.php?rest_route=\/wp\/v2\/types\/product"}],"replies":[{"embeddable":true,"href":"https:\/\/quintett.eu\/index.php?rest_route=%2Fwp%2Fv2%2Fcomments&post=11242"}],"wp:featuredmedia":[{"embeddable":true,"href":"https:\/\/quintett.eu\/index.php?rest_route=\/wp\/v2\/media\/11243"}],"wp:attachment":[{"href":"https:\/\/quintett.eu\/index.php?rest_route=%2Fwp%2Fv2%2Fmedia&parent=11242"}],"wp:term":[{"taxonomy":"product_brand","embeddable":true,"href":"https:\/\/quintett.eu\/index.php?rest_route=%2Fwp%2Fv2%2Fproduct_brand&post=11242"},{"taxonomy":"product_cat","embeddable":true,"href":"https:\/\/quintett.eu\/index.php?rest_route=%2Fwp%2Fv2%2Fproduct_cat&post=11242"},{"taxonomy":"product_tag","embeddable":true,"href":"https:\/\/quintett.eu\/index.php?rest_route=%2Fwp%2Fv2%2Fproduct_tag&post=11242"}],"curies":[{"name":"wp","href":"https:\/\/api.w.org\/{rel}","templated":true}]}}