{"id":11262,"date":"2024-10-10T09:44:18","date_gmt":"2024-10-10T07:44:18","guid":{"rendered":"https:\/\/quintett.eu\/?post_type=product&#038;p=11262"},"modified":"2024-11-19T13:01:13","modified_gmt":"2024-11-19T11:01:13","slug":"clavia-nord-piano-5-88-bundle-a","status":"publish","type":"product","link":"https:\/\/quintett.eu\/?product=clavia-nord-piano-5-88-bundle-a","title":{"rendered":"Clavia NORD Piano 5 88 Bundle A"},"content":{"rendered":"<p><strong>Specificatii :<\/strong><\/p>\n<div id=\"properties\" class=\"line\">\n<ul>\n<li>Num\u0103r de clape: 88<\/li>\n<li>Culoare: Ro\u0219u<\/li>\n<li>Claviatur\u0103: Hammer Action (HA)<\/li>\n<li>Tip de claviatur\u0103: Ciocan, plastic<\/li>\n<li>Suprafa\u021ba claviaturii: Neted<\/li>\n<li>Proces\u0103ri automate: Nu<\/li>\n<li>Sistem de \u00eenv\u0103\u021bare: Nu<\/li>\n<li>Num\u0103r de sunete: 120<\/li>\n<li>Intr\u0103ri: 2x Pedal, Line Jack 3,5 mm TRS<\/li>\n<li>Ie\u0219iri: Headphone Jack 6,3 mm TRS, 2x Line Jack 6,3 mm TS<\/li>\n<li>Polifonie: 120<\/li>\n<li>USB to host: Da<\/li>\n<li>USB to device: Nu<\/li>\n<li>USB midi: Da<\/li>\n<li>Adaptor inclus: Da<\/li>\n<li>\u0162ara de fabrica\u0163ie: Suedia<\/li>\n<\/ul>\n<\/div>\n","protected":false},"excerpt":{"rendered":"<p>Setul contine :<br \/>\n1 x Clavia Nord Piano 5 88<br \/>\n1 x NOWSONIC Nord ProStand<br \/>\n1 x Clavia Nord Dust Cover 88 V2<\/p>\n<p><strong>Clavia Nord Piano 5<\/strong>, cea mai recent\u0103 edi\u021bie a seriei acest pian digital portabil este echipat cu engine-uru duale de pian, sintetizatoare dual sample \u0219i de dou\u0103 ori mai mult\u0103 memorie dec\u00e2t Piano 4. Cu claviatura premium cu senzor triplu \u0219i tehnologia \u0103 exclusiv\u0103 Virtual Hammer Action, pianul Nord Piano 5 ofer\u0103 o experien\u021b\u0103 excep\u021bional\u0103.<\/p>\n<ul>\n<li>claviatura cu 88 clape grele cu senzor triplu<\/li>\n<li>tehnologie Virtual Hammer Action ce simuleaza miscarea ciocanelelor unui Grand Piano, capturand caracteristicile acestuia cu o dinamica exceptionala<\/li>\n<li>layering avansat (2 piane + 2 synth-uri de sample)<\/li>\n<li>memorie de <strong>2 GB<\/strong> pentru Nord Piano Library<\/li>\n<li>memorie de <strong>1 GB<\/strong> pentru Nord Sample Library<\/li>\n<li>functionalitati layer si split<\/li>\n<li>include pedala tripla Nord Triple Pedal<\/li>\n<li>USB-MIDI<\/li>\n<li>dimensiuni: 1282 x 342 x 120 mm<\/li>\n<li>greutate: 18.5 kg<\/li>\n<\/ul>\n<p><strong>Sectiunea de pian:<\/strong><\/p>\n<ul>\n<li>6 tipuri de pian modele: Grand, Upright, Electric Piano 1, Electric Piano 2, Clavinet si Harpsichord<\/li>\n<li>fiecare tip poate contine pana la 20 modele diferite<\/li>\n<li>polifonie voci pian: 120<\/li>\n<li>Advanced String Resonance (Generatia 2) &#8211; ajustabil<\/li>\n<li>Long Release selectabil pentru Grand, Upright, Electric Pianos si Harpsichord<\/li>\n<li>zgomot de pedala selectabila pentru Grand, Upright si Electric Pianos 1 &#8211; ajustabil<\/li>\n<li>transpunere octava: -1\/+1<\/li>\n<\/ul>\n<p><strong>Sectiune de sintetizator:<\/strong><\/p>\n<ul>\n<li>libr\u0103rie de sample-uri: 1GB<\/li>\n<li>polifonie: 40+ voci<\/li>\n<li>control de atac si release<\/li>\n<li>transpunere octava: -1\/+3<\/li>\n<li>unison<\/li>\n<li>vibrato, ajustabil de utilizator, cu 3 op\u021biuni de delay<\/li>\n<\/ul>\n<p><strong>Sectiunea de efecte:<\/strong><\/p>\n<ul>\n<li>Efect 1 &#8211; Pan, Tremolo, Stereo Wah\/Auto-wah &#8211; controlabile prin pedale<\/li>\n<li>Efect 2 &#8211; Stereo Phaser, Flanger si Chorus &#8211; 2 adancimi selectabile<\/li>\n<li>Delay &#8211; 4 nivele de feedback, ajustare Dry\/Wet. Tempo-ul se poate regla manual cu butonul Tap Tempo button. Plaja 20 ms ~ 750 ms<\/li>\n<li>EQ pe 3 benzi, cu medii sweepable +\/- 15 dB gain\/atenuare (100 Hz, 4 kHz si 200 Hz ~ 8 kHz)<\/li>\n<li>Comp\/Amp &#8211; Twin, JC, Small (mono), Tube distortion (stereo) si compressor (stereo)<\/li>\n<li>Efect master: Reverb 5 moduri + moduri Dark\/Bright Mode \u0219i op\u021biune coral\u0103<\/li>\n<li>fiecare efect se poate atribui la sectiunea de Pian sau Synth<\/li>\n<\/ul>\n<div id=\"properties\" class=\"line\"><\/div>\n","protected":false},"featured_media":11266,"comment_status":"open","ping_status":"closed","template":"","meta":[],"product_brand":[],"product_cat":[768,24,42],"product_tag":[1241,1240,147,1045,339,162,338],"class_list":{"0":"post-11262","1":"product","2":"type-product","3":"status-publish","4":"has-post-thumbnail","6":"product_cat-20-years","7":"product_cat-piane-digitale","8":"product_cat-promotii","9":"product_tag-clavia-nord-piano","10":"product_tag-clavia-nord-stage","11":"product_tag-nord-piano","12":"product_tag-nord-piano-5-73","13":"product_tag-nord-piano-5-88","14":"product_tag-nord-stage","15":"product_tag-piano-5","17":"first","18":"outofstock","19":"purchasable","20":"product-type-simple"},"jetpack_sharing_enabled":true,"_links":{"self":[{"href":"https:\/\/quintett.eu\/index.php?rest_route=\/wp\/v2\/product\/11262","targetHints":{"allow":["GET"]}}],"collection":[{"href":"https:\/\/quintett.eu\/index.php?rest_route=\/wp\/v2\/product"}],"about":[{"href":"https:\/\/quintett.eu\/index.php?rest_route=\/wp\/v2\/types\/product"}],"replies":[{"embeddable":true,"href":"https:\/\/quintett.eu\/index.php?rest_route=%2Fwp%2Fv2%2Fcomments&post=11262"}],"wp:featuredmedia":[{"embeddable":true,"href":"https:\/\/quintett.eu\/index.php?rest_route=\/wp\/v2\/media\/11266"}],"wp:attachment":[{"href":"https:\/\/quintett.eu\/index.php?rest_route=%2Fwp%2Fv2%2Fmedia&parent=11262"}],"wp:term":[{"taxonomy":"product_brand","embeddable":true,"href":"https:\/\/quintett.eu\/index.php?rest_route=%2Fwp%2Fv2%2Fproduct_brand&post=11262"},{"taxonomy":"product_cat","embeddable":true,"href":"https:\/\/quintett.eu\/index.php?rest_route=%2Fwp%2Fv2%2Fproduct_cat&post=11262"},{"taxonomy":"product_tag","embeddable":true,"href":"https:\/\/quintett.eu\/index.php?rest_route=%2Fwp%2Fv2%2Fproduct_tag&post=11262"}],"curies":[{"name":"wp","href":"https:\/\/api.w.org\/{rel}","templated":true}]}}