{"id":11274,"date":"2024-10-21T09:52:00","date_gmt":"2024-10-21T07:52:00","guid":{"rendered":"https:\/\/quintett.eu\/?post_type=product&#038;p=11274"},"modified":"2025-11-11T00:00:17","modified_gmt":"2025-11-10T22:00:17","slug":"osram-t19-64744-1000w-230v","status":"publish","type":"product","link":"https:\/\/quintett.eu\/?product=osram-t19-64744-1000w-230v","title":{"rendered":"Osram T19 64744 1000W 230V"},"content":{"rendered":"<p>Osram T19 1000 W 230V<\/p>\n<p>lampa halogen<br \/>\nputere: 1000 W<br \/>\nvoltaj: 230 V<br \/>\ndurata de viata aprox.: 750 h<br \/>\ntemperatura culoare: 3000 K<br \/>\nflux luminos: 20500 lm<br \/>\nsoclu: GX9.5<br \/>\naceast\u0103 lamp\u0103 este destinat\u0103 aplica\u021biilor scenice \u0219i de teatru<br \/>\naceast\u0103 lamp\u0103 nu este adecvat\u0103 pentru ultilizare in iluminatul de uz casnic.<\/p>\n","protected":false},"excerpt":{"rendered":"<p>Osram T19 1000 W 230V<\/p>\n<p>lampa halogen<br \/>\nputere: 1000 W<br \/>\nvoltaj: 230 V<br \/>\ndurata de viata aprox.: 750 h<br \/>\ntemperatura culoare: 3000 K<br \/>\nflux luminos: 20500 lm<br \/>\nsoclu: GX9.5<br \/>\naceast\u0103 lamp\u0103 este destinat\u0103 aplica\u021biilor scenice \u0219i de teatru<br \/>\naceast\u0103 lamp\u0103 nu este adecvat\u0103 pentru ultilizare in iluminatul de uz casnic.<\/p>\n","protected":false},"featured_media":13396,"comment_status":"open","ping_status":"closed","template":"","meta":[],"product_brand":[],"product_cat":[1472,580,581],"product_tag":[597,1243,593,594,585,190,590,595,596,1242,1244],"class_list":{"0":"post-11274","1":"product","2":"type-product","3":"status-publish","4":"has-post-thumbnail","6":"product_cat-black-friday-najlepsie-ceny","7":"product_cat-lampi","8":"product_cat-osram","9":"product_tag-5r","10":"product_tag-bec-fresnel-1000w","11":"product_tag-bec-hri-190w","12":"product_tag-ean-4008321866592","13":"product_tag-hri","14":"product_tag-moving-head","15":"product_tag-osram","16":"product_tag-osram-hri-190w","17":"product_tag-osram-sirius","18":"product_tag-osram-t19","19":"product_tag-reflector-teatru-1000w","21":"first","22":"instock","23":"purchasable","24":"product-type-simple"},"jetpack_sharing_enabled":true,"_links":{"self":[{"href":"https:\/\/quintett.eu\/index.php?rest_route=\/wp\/v2\/product\/11274","targetHints":{"allow":["GET"]}}],"collection":[{"href":"https:\/\/quintett.eu\/index.php?rest_route=\/wp\/v2\/product"}],"about":[{"href":"https:\/\/quintett.eu\/index.php?rest_route=\/wp\/v2\/types\/product"}],"replies":[{"embeddable":true,"href":"https:\/\/quintett.eu\/index.php?rest_route=%2Fwp%2Fv2%2Fcomments&post=11274"}],"wp:featuredmedia":[{"embeddable":true,"href":"https:\/\/quintett.eu\/index.php?rest_route=\/wp\/v2\/media\/13396"}],"wp:attachment":[{"href":"https:\/\/quintett.eu\/index.php?rest_route=%2Fwp%2Fv2%2Fmedia&parent=11274"}],"wp:term":[{"taxonomy":"product_brand","embeddable":true,"href":"https:\/\/quintett.eu\/index.php?rest_route=%2Fwp%2Fv2%2Fproduct_brand&post=11274"},{"taxonomy":"product_cat","embeddable":true,"href":"https:\/\/quintett.eu\/index.php?rest_route=%2Fwp%2Fv2%2Fproduct_cat&post=11274"},{"taxonomy":"product_tag","embeddable":true,"href":"https:\/\/quintett.eu\/index.php?rest_route=%2Fwp%2Fv2%2Fproduct_tag&post=11274"}],"curies":[{"name":"wp","href":"https:\/\/api.w.org\/{rel}","templated":true}]}}