{"id":11281,"date":"2024-10-28T13:14:54","date_gmt":"2024-10-28T11:14:54","guid":{"rendered":"https:\/\/quintett.eu\/?post_type=product&#038;p=11281"},"modified":"2024-12-12T17:08:41","modified_gmt":"2024-12-12T15:08:41","slug":"evolite-evo-spark-300","status":"publish","type":"product","link":"https:\/\/quintett.eu\/?product=evolite-evo-spark-300","title":{"rendered":"MAC MAH &#8211; Evo Spark 300"},"content":{"rendered":"<p>Ma\u0219in\u0103 pirotehnic\u0103 Mac Mah MACSPARK300 este o ma\u0219in\u0103 cu sc\u00e2ntei reci, u\u0219or de utilizat, cu o proiec\u021bie de 2 p\u00e2n\u0103 la 3 metri. Lucr\u00e2nd exclusiv cu Evo Spark Powder, ofer\u0103 10 p\u00e2n\u0103 la 15 minute de utilizare \u00een deplin\u0103 siguran\u021b\u0103. Carcasa sa din aluminiu \u0219i telecomanda radio asigur\u0103 robuste\u021be \u0219i u\u0219urin\u021b\u0103 \u00een utilizare. Un efect surprinz\u0103tor care va face furori asupra publicului t\u0103u!<\/p>\n<p>Caracteristici :<br \/>\nMac Mah MACSPARK300<br \/>\nMa\u0219in\u0103 cu sc\u00e2nteie rece<br \/>\nUtilizare u\u0219oar\u0103 \u0219i sigur\u0103<br \/>\nUtiliza\u021bi numai cu evolite Evo Spark Powder<br \/>\nNu necesit\u0103 nicio autoriza\u021bie specific\u0103<br \/>\nTimp de \u00eenc\u0103lzire: 3 p\u00e2n\u0103 la 4 minute<br \/>\nRezervor care permite utilizarea timp de 10 p\u00e2n\u0103 la 15 minute<br \/>\nCorp de incalzire: 500 W<br \/>\nDebit maxim : 2 p\u00e2n\u0103 la 3 metri de proiec\u021bie<br \/>\nTelecomanda radio inclusa<br \/>\nCarcas\u0103 robust\u0103 din aluminiu<br \/>\nSiguran\u021b\u0103: 3 A \/ 230 V<br \/>\nTensiune: 220-240 VAC \/ 50 Hz<br \/>\nConsum de energie: 500 W \/ 2,3 A<br \/>\nDimensiuni: 150 x 150 x 225 mm<br \/>\nGreutate neta: 4,2 kg<\/p>\n","protected":false},"excerpt":{"rendered":"<p>Ma\u0219in\u0103 profesional\u0103 cu sc\u00e2ntei reci de \u00eenalt\u0103 calitate MAC MAH  Evo Spark 300, cu o proiec\u021bie de 2 p\u00e2n\u0103 la 3 metri., controlabil\u0103 prin telecomand\u0103 . Un efect surprinz\u0103tor care va face furori la evenimentul t\u0103u!<\/p>\n","protected":false},"featured_media":11282,"comment_status":"open","ping_status":"closed","template":"","meta":[],"product_brand":[],"product_cat":[768,496],"product_tag":[725,498,728,723,1057,1245],"class_list":{"0":"post-11281","1":"product","2":"type-product","3":"status-publish","4":"has-post-thumbnail","6":"product_cat-20-years","7":"product_cat-msc-lumini-si-scene","8":"product_tag-evo-spark","9":"product_tag-evolite","10":"product_tag-masina-cu-scantei","11":"product_tag-masina-pirotechnica","12":"product_tag-scantei-reci","13":"product_tag-spark-300","15":"first","16":"instock","17":"purchasable","18":"product-type-simple"},"jetpack_sharing_enabled":true,"_links":{"self":[{"href":"https:\/\/quintett.eu\/index.php?rest_route=\/wp\/v2\/product\/11281","targetHints":{"allow":["GET"]}}],"collection":[{"href":"https:\/\/quintett.eu\/index.php?rest_route=\/wp\/v2\/product"}],"about":[{"href":"https:\/\/quintett.eu\/index.php?rest_route=\/wp\/v2\/types\/product"}],"replies":[{"embeddable":true,"href":"https:\/\/quintett.eu\/index.php?rest_route=%2Fwp%2Fv2%2Fcomments&post=11281"}],"wp:featuredmedia":[{"embeddable":true,"href":"https:\/\/quintett.eu\/index.php?rest_route=\/wp\/v2\/media\/11282"}],"wp:attachment":[{"href":"https:\/\/quintett.eu\/index.php?rest_route=%2Fwp%2Fv2%2Fmedia&parent=11281"}],"wp:term":[{"taxonomy":"product_brand","embeddable":true,"href":"https:\/\/quintett.eu\/index.php?rest_route=%2Fwp%2Fv2%2Fproduct_brand&post=11281"},{"taxonomy":"product_cat","embeddable":true,"href":"https:\/\/quintett.eu\/index.php?rest_route=%2Fwp%2Fv2%2Fproduct_cat&post=11281"},{"taxonomy":"product_tag","embeddable":true,"href":"https:\/\/quintett.eu\/index.php?rest_route=%2Fwp%2Fv2%2Fproduct_tag&post=11281"}],"curies":[{"name":"wp","href":"https:\/\/api.w.org\/{rel}","templated":true}]}}