{"id":11434,"date":"2024-10-31T11:24:49","date_gmt":"2024-10-31T09:24:49","guid":{"rendered":"https:\/\/quintett.eu\/?post_type=product&#038;p=11434"},"modified":"2025-09-08T19:34:59","modified_gmt":"2025-09-08T17:34:59","slug":"behringer-wing-compact","status":"publish","type":"product","link":"https:\/\/quintett.eu\/?product=behringer-wing-compact","title":{"rendered":"Behringer Wing Compact Digit\u00e1lny mixpult"},"content":{"rendered":"<p>Hlavn\u00e9 vlastnosti:<\/p>\n<p>    48-kan\u00e1lov\u00e9 digit\u00e1lne mixovanie: Wing Compact pon\u00faka 48 plne konfigurovate\u013en\u00fdch kan\u00e1lov, \u010do v\u00e1m umo\u017e\u0148uje mixova\u0165 v mono, stereo alebo mid-side form\u00e1te bez kompromisov vo v\u00fdkone. T\u00e1to flexibilita zaru\u010duje, \u017ee sa m\u00f4\u017eete prisp\u00f4sobi\u0165 akejko\u013evek mix\u00e1\u017enej situ\u00e1cii, \u010di u\u017e ide o \u017eiv\u00fd koncert alebo \u0161t\u00fadiov\u00fa nahr\u00e1vku.<br \/>\n    24 Midas PRO predzosil\u0148ova\u010dov: Vybaven\u00fd 24 Midas PRO predzosil\u0148ova\u010dmi, Wing Compact poskytuje kri\u0161t\u00e1\u013eovo \u010dist\u00fa zvukov\u00fa kvalitu so \u0161irok\u00fdm dynamick\u00fdm rozsahom. Tieto predzosil\u0148ova\u010de s\u00fa zn\u00e1me svoj\u00edm transparentn\u00fdm zvukom a spo\u013eahlivos\u0165ou, v\u010faka \u010domu s\u00fa st\u00e1licou v profesion\u00e1lnom zvukovom prostred\u00ed.<br \/>\n    10,1&#8243; multi-dotykov\u00fd displej: Ve\u013ek\u00fd, vysokorozl\u00ed\u0161en\u00fd dotykov\u00fd displej poskytuje intuit\u00edvne rozhranie pre r\u00fdchle a presn\u00e9 nastavenie parametrov. V kombin\u00e1cii s oto\u010dn\u00fdmi ovl\u00e1dac\u00edmi prvkami u\u013eah\u010duje navig\u00e1ciu cez rozsiahle funkcie konzoly.<br \/>\n    13 motorizovan\u00fdch fadrov: Konzola m\u00e1 13 motorizovan\u00fdch fadrov vr\u00e1tane dedikovan\u00e9ho hlavn\u00e9ho fadera, \u010do zaru\u010duje presn\u00fa kontrolu nad va\u0161im mixom. Tieto fadre s\u00fa navrhnut\u00e9 pre hladk\u00fa prev\u00e1dzku a odolnos\u0165, v\u010faka \u010domu s\u00fa ide\u00e1lne pre \u017eiv\u00e9 aj \u0161t\u00fadiov\u00e9 pou\u017eitie.<br \/>\n    Rozsiahle mo\u017enosti I\/O: Napriek svojej kompaktnej ve\u013ekosti pon\u00faka Wing Compact p\u00f4sobiv\u00fa \u0161k\u00e1lu vstupn\u00fdch a v\u00fdstupn\u00fdch mo\u017enost\u00ed. S 382 vstupmi a 368 v\u00fdstupmi, vr\u00e1tane AES50, USB, AoIP a StageConnect, m\u00e1te slobodu pripoji\u0165 a spravova\u0165 mno\u017estvo zvukov\u00fdch zdrojov a destin\u00e1ci\u00ed.<br \/>\n    Vstavan\u00fd 64-stopov\u00fd rekord\u00e9r: Integrovan\u00fd dvojit\u00fd SD rekord\u00e9r umo\u017e\u0148uje zaznamena\u0165 a\u017e 64 st\u00f4p zvuku, ide\u00e1lny pre virtu\u00e1lne zvukov\u00e9 sk\u00fa\u0161ky, \u017eiv\u00e9 prehr\u00e1vanie a archiv\u00e1ciu. T\u00e1to funkcia zaru\u010duje, \u017ee v\u017edy zachyt\u00edte dokonal\u00fd z\u00e1znam.<br \/>\n    Pokro\u010dil\u00e9 mo\u017enosti routingu: Flexibiln\u00e9 mo\u017enosti routingu Wing Compact umo\u017e\u0148uj\u00fa jednoduch\u00fa spr\u00e1vu zlo\u017eit\u00fdch zvukov\u00fdch nastaven\u00ed. \u010ci u\u017e prep\u00ednate medzi umelcami, spravujete viacero prehr\u00e1vac\u00edch destin\u00e1ci\u00ed alebo organizujete \u017eiv\u00e9 udalosti, t\u00e1to konzola m\u00e1 v\u0161etko, \u010do potrebujete.<br \/>\n    Vynikaj\u00face spracovanie efektov: S viac ako 80 efektmi \u0161t\u00fadiovej kvality poskytuje Wing Compact v\u0161etky n\u00e1stroje potrebn\u00e9 na doladenie v\u00e1\u0161ho mixu. Od reverbu a delayu a\u017e po dynamick\u00e9 spracovanie a modul\u00e1ciou, t\u00e1to konzola pon\u00faka profesion\u00e1lne zvukov\u00e9 formovanie.<\/p>\n<p>Technick\u00e9 \u0161pecifik\u00e1cie:<\/p>\n<p>    Kan\u00e1ly: 48 plne konfigurovate\u013en\u00fdch kan\u00e1lov (mono, stereo, mid-side)<br \/>\n    Predzosil\u0148ova\u010de: 24 Midas PRO predzosil\u0148ova\u010dov<br \/>\n    Fadery: 13 motorizovan\u00fdch fadrov (100 mm)<br \/>\n    Displej: 10,1&#8243; multi-dotykov\u00fd displej<br \/>\n    Vstupy: 382 (vr\u00e1tane anal\u00f3gov\u00fdch XLR\/TRS, AES50, USB, AoIP, StageConnect)<br \/>\n    V\u00fdstupy: 368 (vr\u00e1tane anal\u00f3gov\u00fdch XLR, AES50, USB, AoIP, StageConnect)<br \/>\n    Nahr\u00e1vanie: Vstavan\u00fd 64-stopov\u00fd dvojit\u00fd SD rekord\u00e9r<br \/>\n    Efekty: Viac ako 80 \u0161t\u00fadiovej kvality efektov<br \/>\n    Konektivita: AES50, USB, AoIP, StageConnect, MIDI, GPIO, AES\/EBU<br \/>\n    Rozmery: Kompaktn\u00fd tvar pre jednoduch\u00fa prepravu a nastavenie<\/p>\n","protected":false},"excerpt":{"rendered":"<p>Behringer Wing Compact je revolu\u010dn\u00fd digit\u00e1lny mix\u00e1\u017eny pult navrhnut\u00fd tak, aby poskytoval bezkonkuren\u010dn\u00fa kontrolu a flexibilitu pre zvukov\u00fdch in\u017einierov na\u017eivo aj \u0161t\u00fadiov\u00fdch profesion\u00e1lov. Tento kompaktn\u00fd powerhouse kombinuje najmodernej\u0161ie technol\u00f3gie s intuit\u00edvnym rozhran\u00edm, \u010do zaru\u010duje, \u017ee ka\u017ed\u00e9 predstavenie a nahr\u00e1vacia session bude vykonan\u00e1 s presnos\u0165ou a \u013eahkos\u0165ou.<\/p>\n","protected":false},"featured_media":11436,"comment_status":"open","ping_status":"closed","template":"","meta":[],"product_brand":[],"product_cat":[447,42],"product_tag":[1267,451,449,448,201,450,1268],"class_list":{"0":"post-11434","1":"product","2":"type-product","3":"status-publish","4":"has-post-thumbnail","6":"product_cat-midas","7":"product_cat-promotii","8":"product_tag-behringer-wing-compact","9":"product_tag-m32r","10":"product_tag-midas","11":"product_tag-midas-m32r","12":"product_tag-mixer-digital","13":"product_tag-mixer-digital-midas-m32r","14":"product_tag-wing-compact","16":"first","17":"instock","18":"purchasable","19":"product-type-simple"},"jetpack_sharing_enabled":true,"_links":{"self":[{"href":"https:\/\/quintett.eu\/index.php?rest_route=\/wp\/v2\/product\/11434","targetHints":{"allow":["GET"]}}],"collection":[{"href":"https:\/\/quintett.eu\/index.php?rest_route=\/wp\/v2\/product"}],"about":[{"href":"https:\/\/quintett.eu\/index.php?rest_route=\/wp\/v2\/types\/product"}],"replies":[{"embeddable":true,"href":"https:\/\/quintett.eu\/index.php?rest_route=%2Fwp%2Fv2%2Fcomments&post=11434"}],"wp:featuredmedia":[{"embeddable":true,"href":"https:\/\/quintett.eu\/index.php?rest_route=\/wp\/v2\/media\/11436"}],"wp:attachment":[{"href":"https:\/\/quintett.eu\/index.php?rest_route=%2Fwp%2Fv2%2Fmedia&parent=11434"}],"wp:term":[{"taxonomy":"product_brand","embeddable":true,"href":"https:\/\/quintett.eu\/index.php?rest_route=%2Fwp%2Fv2%2Fproduct_brand&post=11434"},{"taxonomy":"product_cat","embeddable":true,"href":"https:\/\/quintett.eu\/index.php?rest_route=%2Fwp%2Fv2%2Fproduct_cat&post=11434"},{"taxonomy":"product_tag","embeddable":true,"href":"https:\/\/quintett.eu\/index.php?rest_route=%2Fwp%2Fv2%2Fproduct_tag&post=11434"}],"curies":[{"name":"wp","href":"https:\/\/api.w.org\/{rel}","templated":true}]}}