{"id":11442,"date":"2024-10-31T11:30:26","date_gmt":"2024-10-31T09:30:26","guid":{"rendered":"https:\/\/quintett.eu\/?post_type=product&#038;p=11442"},"modified":"2025-10-01T15:04:35","modified_gmt":"2025-10-01T13:04:35","slug":"behringer-wing-rack","status":"publish","type":"product","link":"https:\/\/quintett.eu\/?product=behringer-wing-rack","title":{"rendered":"Behringer Wing Rack Digit\u00e1lny mixpult"},"content":{"rendered":"<p>Hlavn\u00e9 vlastnosti:<\/p>\n<p>    48-kan\u00e1lov\u00e9 digit\u00e1lne mixovanie: Wing Rack podporuje 48 plne konfigurovate\u013en\u00fdch kan\u00e1lov, \u010do umo\u017e\u0148uje mono, stereo alebo mid-side konfigur\u00e1cie. T\u00e1to v\u0161estrannos\u0165 zaru\u010duje, \u017ee m\u00f4\u017eete \u013eahko zvl\u00e1dnu\u0165 ak\u00fako\u013evek mix\u00e1\u017enu situ\u00e1ciu.<br \/>\n    24 Midas PRO predzosil\u0148ova\u010dov: Vybaven\u00fd 24 Midas PRO predzosil\u0148ova\u010dmi, Wing Rack poskytuje v\u00fdnimo\u010dn\u00fa kvalitu zvuku so \u0161irok\u00fdm dynamick\u00fdm rozsahom. Tieto predzosil\u0148ova\u010de s\u00fa zn\u00e1me svojou \u010distotou a spo\u013eahlivos\u0165ou, \u010do ich rob\u00ed ide\u00e1lnymi pre profesion\u00e1lne pou\u017eitie.<br \/>\n    10,1&#8243; multi-dotykov\u00fd displej: Ve\u013ek\u00fd, vysokorozl\u00ed\u0161en\u00fd dotykov\u00fd displej poskytuje intuit\u00edvne rozhranie pre r\u00fdchle a presn\u00e9 nastavenie. V kombin\u00e1cii s oto\u010dn\u00fdmi ovl\u00e1da\u010dmi zaru\u010duje plynul\u00fa navig\u00e1ciu cez rozsiahle funkcie konzoly.<br \/>\n    Rackmount dizajn: Rackmount dizajn Wing Rack s ve\u013ekos\u0165ou 19&#8243; \u0161etr\u00ed cenn\u00fd priestor v \u0161t\u00fadiu alebo na p\u00f3diu, v\u010faka \u010domu je ide\u00e1lnou vo\u013ebou pre prostredia, kde je priestor obmedzen\u00fd.<br \/>\n    Rozsiahle mo\u017enosti I\/O: Napriek svojej kompaktnej ve\u013ekosti pon\u00faka Wing Rack komplexn\u00fa \u0161k\u00e1lu vstupn\u00fdch a v\u00fdstupn\u00fdch mo\u017enost\u00ed vr\u00e1tane AES50, USB, AoIP a StageConnect. T\u00e1to rozsiahla konektivita v\u00e1m umo\u017e\u0148uje spravova\u0165 \u0161irok\u00fa \u0161k\u00e1lu zvukov\u00fdch zdrojov a cie\u013eov.<br \/>\n    Pokro\u010dil\u00e9 mo\u017enosti routingu: Flexibiln\u00e9 mo\u017enosti routingu Wing Rack umo\u017e\u0148uj\u00fa jednoduch\u00fa spr\u00e1vu zlo\u017eit\u00fdch zvukov\u00fdch nastaven\u00ed. \u010ci u\u017e prep\u00ednate medzi umelcami, spravujete viacero prehr\u00e1vac\u00edch destin\u00e1ci\u00ed alebo sa venujete \u017eiv\u00fdm udalostiam, t\u00e1to konzola je pripraven\u00e1 splni\u0165 va\u0161e po\u017eiadavky.<br \/>\n    Vynikaj\u00face spracovanie efektov: S viac ako 80 efektmi \u0161t\u00fadiovej kvality poskytuje Wing Rack v\u0161etky n\u00e1stroje potrebn\u00e9 na tvarovanie v\u00e1\u0161ho zvuku. Od reverbu a delay a\u017e po dynamick\u00e9 spracovanie a modul\u00e1ciu, t\u00e1to konzola pon\u00faka profesion\u00e1lne mo\u017enosti formovania zvuku.<br \/>\n    Prisp\u00f4sobite\u013en\u00e1 ovl\u00e1dacia sekcia: Wing Rack obsahuje dedikovan\u00fa sekciu Custom Control so 16 prisp\u00f4sobite\u013en\u00fdmi vrstvami a 3 predkonfigurovan\u00fdmi vrstvami kan\u00e1lov, ktor\u00e9 s\u00fa preh\u013eadne ozna\u010den\u00e9 na samostatnom LCD displeji. To umo\u017e\u0148uje personalizovan\u00e9 nastavenie ovl\u00e1dania prisp\u00f4soben\u00e9 va\u0161im \u0161pecifick\u00fdm potreb\u00e1m.<\/p>\n<p>Technick\u00e9 \u0161pecifik\u00e1cie:<\/p>\n<p>    Kan\u00e1ly: 48 plne konfigurovate\u013en\u00fdch kan\u00e1lov (mono, stereo, mid-side)<br \/>\n    Predzosil\u0148ova\u010de: 24 Midas PRO predzosil\u0148ova\u010dov<br \/>\n    Displej: 10,1&#8243; multi-dotykov\u00fd displej<br \/>\n    Vstupy: 382 (vr\u00e1tane anal\u00f3gov\u00fdch XLR\/TRS, AES50, USB, AoIP, StageConnect)<br \/>\n    V\u00fdstupy: 368 (vr\u00e1tane anal\u00f3gov\u00fdch XLR, AES50, USB, AoIP, StageConnect)<br \/>\n    Efekty: Viac ako 80 \u0161t\u00fadiovej kvality efektov<br \/>\n    Konektivita: AES50, USB, AoIP, StageConnect, MIDI, GPIO, AES\/EBU<br \/>\n    Rozmery: 19&#8243; rackmount dizajn<\/p>\n","protected":false},"excerpt":{"rendered":"<p>Behringer Wing Rack je \u0161pi\u010dkov\u00fd rackmount digit\u00e1lny mix\u00e1\u017eny engine navrhnut\u00fd pre profesion\u00e1lov, ktor\u00ed vy\u017eaduj\u00fa vysok\u00fd v\u00fdkon a flexibilitu v kompaktnom form\u00e1te. Toto v\u00fdkonn\u00e9 zariadenie prin\u00e1\u0161a zn\u00e1me mo\u017enosti konzoly Behringer Wing do \u00fasporn\u00e9ho dizajnu, ide\u00e1lneho pre \u017eiv\u00e9 zvukov\u00e9 a \u0161t\u00fadiov\u00e9 aplik\u00e1cie.<\/p>\n","protected":false},"featured_media":11445,"comment_status":"open","ping_status":"closed","template":"","meta":[],"product_brand":[],"product_cat":[447,42],"product_tag":[1267,1269,451,449,448,201,450,1268,1270],"class_list":{"0":"post-11442","1":"product","2":"type-product","3":"status-publish","4":"has-post-thumbnail","6":"product_cat-midas","7":"product_cat-promotii","8":"product_tag-behringer-wing-compact","9":"product_tag-behringer-wing-rack","10":"product_tag-m32r","11":"product_tag-midas","12":"product_tag-midas-m32r","13":"product_tag-mixer-digital","14":"product_tag-mixer-digital-midas-m32r","15":"product_tag-wing-compact","16":"product_tag-wing-rack","18":"first","19":"instock","20":"sale","21":"purchasable","22":"product-type-simple"},"jetpack_sharing_enabled":true,"_links":{"self":[{"href":"https:\/\/quintett.eu\/index.php?rest_route=\/wp\/v2\/product\/11442","targetHints":{"allow":["GET"]}}],"collection":[{"href":"https:\/\/quintett.eu\/index.php?rest_route=\/wp\/v2\/product"}],"about":[{"href":"https:\/\/quintett.eu\/index.php?rest_route=\/wp\/v2\/types\/product"}],"replies":[{"embeddable":true,"href":"https:\/\/quintett.eu\/index.php?rest_route=%2Fwp%2Fv2%2Fcomments&post=11442"}],"wp:featuredmedia":[{"embeddable":true,"href":"https:\/\/quintett.eu\/index.php?rest_route=\/wp\/v2\/media\/11445"}],"wp:attachment":[{"href":"https:\/\/quintett.eu\/index.php?rest_route=%2Fwp%2Fv2%2Fmedia&parent=11442"}],"wp:term":[{"taxonomy":"product_brand","embeddable":true,"href":"https:\/\/quintett.eu\/index.php?rest_route=%2Fwp%2Fv2%2Fproduct_brand&post=11442"},{"taxonomy":"product_cat","embeddable":true,"href":"https:\/\/quintett.eu\/index.php?rest_route=%2Fwp%2Fv2%2Fproduct_cat&post=11442"},{"taxonomy":"product_tag","embeddable":true,"href":"https:\/\/quintett.eu\/index.php?rest_route=%2Fwp%2Fv2%2Fproduct_tag&post=11442"}],"curies":[{"name":"wp","href":"https:\/\/api.w.org\/{rel}","templated":true}]}}