{"id":11459,"date":"2024-11-06T17:01:01","date_gmt":"2024-11-06T15:01:01","guid":{"rendered":"https:\/\/quintett.eu\/?post_type=product&#038;p=11459"},"modified":"2025-01-10T10:03:30","modified_gmt":"2025-01-10T08:03:30","slug":"behringer-wing-bk-mixer-digital","status":"publish","type":"product","link":"https:\/\/quintett.eu\/?product=behringer-wing-bk-mixer-digital","title":{"rendered":"BEHRINGER WING &#8211; BK MIXER DIGITAL"},"content":{"rendered":"<p><strong>Specificatii tehnice:<\/strong><\/p>\n<ul>\n<li>24 fadere motorizate de 100 mm \u00een 3 sec\u021biuni separate, configurabile<\/li>\n<li>Ecran tactil\u00a0de 10&#8243;<\/li>\n<li>8 preamplificatoare de microfon Midas PRO \u0219i ie\u0219iri Midas PRO<\/li>\n<li>Conectivitate SuperMAC, AES50, Dante \u0219i SoundGrid<\/li>\n<li>Conectivitate &#8222;Plug and play&#8220; remote I\/O pentru 144 intr\u0103ri \u0219i ie\u0219iri prin 3 porturi AES50 cu tehnologie Klark Teknik SuperMAC<\/li>\n<li>Touch screen 10&#8243;<\/li>\n<li>Latenta si vibratie Ultra Scazuta<\/li>\n<li>4 buss-uri stereo principale, 8 matrice \u0219i 16 aux, cu inser\u021bii duale, EQ cu 8 benzi \u0219i dynamics and stereo imager<\/li>\n<li>8 procesoare cu efect true-stereo premium cu emula\u021bii TC, Lexicon, Quantex \u0219i EMT.<\/li>\n<li>8 procesoare de efect true-stereo standard .<\/li>\n<li>5 sloturi plugin pe toate cele 40 de canale de intrare stereo<\/li>\n<li>FX slot \u0219i EQ parametric cu 4 benzi pe toate cele 8 canale stereo aux<\/li>\n<li>Editare canal pe ecran TFT color dedicat si 11 butoane rotative<\/li>\n<li>64 track Dual SD card multitrack recorder<\/li>\n<li>Card op\u021bional 64&#215;64 Dante \/ AES67 sau card SoundGrid<\/li>\n<li>Sec\u021biune suplimentar\u0103 de control pe 4 canale cu comenzi rotative, butoane \u0219i acces permanent la canalele principale, matrice sau \u201emoney\u201d<\/li>\n<li>16 butoane de blocare sau temporare \u0219i 4 butoane rotative care pot fi configurate pentru \u201efunc\u021biile preferate\u201d<\/li>\n<li>HUI \u0219i Mackie Control<\/li>\n<li>2 porturi Ethernet cu comutator integrat pentru telecomanda \u00een re\u021bea<\/li>\n<li>Port de extindere pentru carduri de interfa\u021b\u0103 audio op\u021bionale sau poduri de re\u021bea digitale, inclusiv MADI \u0219i ADAT \/ WC<\/li>\n<li>Interfa\u021b\u0103 audio 48&#215;48 USB 2.0<\/li>\n<li>Interfa\u021b\u0103 cu laten\u021b\u0103 joas\u0103 StageCONNECT 32 canale pentru monitorizare personal\u0103 sau IO analogice<\/li>\n<li>AES \/ EBU IO pe XLR<\/li>\n<li>8&#215;8 TRS 1\/4 \u201dlinii de intrare \u0219i ie\u0219ire<\/li>\n<li>2 ie\u0219iri pentru c\u0103\u0219ti<\/li>\n<li>MIDI IO<\/li>\n<li>4 porturi GPIO<\/li>\n<li>Dimensiuni: 201 x 870 x 575 mm,<\/li>\n<li>Greutate: 24 kg<\/li>\n<\/ul>\n","protected":false},"excerpt":{"rendered":"<p>Behringer Wing BK este o consol\u0103 de mixare digital\u0103 cu 48 de canale, cu 28 de buss-uri stereo, 8 preamplificatoare de microfon Midas PRO \u0219i 8 ie\u0219iri Midas PRO, ecran tactil de 10,1&#8243; \u0219i 24 de comenzi fader motorizate de 100 mm. <\/p>\n","protected":false},"featured_media":11460,"comment_status":"open","ping_status":"closed","template":"","meta":[],"product_brand":[],"product_cat":[447],"product_tag":[609,611,201,610],"class_list":{"0":"post-11459","1":"product","2":"type-product","3":"status-publish","4":"has-post-thumbnail","6":"product_cat-midas","7":"product_tag-behringer-wing","8":"product_tag-mixer-behringer-wing","9":"product_tag-mixer-digital","10":"product_tag-wing","12":"first","13":"instock","14":"sale","15":"purchasable","16":"product-type-simple"},"jetpack_sharing_enabled":true,"_links":{"self":[{"href":"https:\/\/quintett.eu\/index.php?rest_route=\/wp\/v2\/product\/11459","targetHints":{"allow":["GET"]}}],"collection":[{"href":"https:\/\/quintett.eu\/index.php?rest_route=\/wp\/v2\/product"}],"about":[{"href":"https:\/\/quintett.eu\/index.php?rest_route=\/wp\/v2\/types\/product"}],"replies":[{"embeddable":true,"href":"https:\/\/quintett.eu\/index.php?rest_route=%2Fwp%2Fv2%2Fcomments&post=11459"}],"wp:featuredmedia":[{"embeddable":true,"href":"https:\/\/quintett.eu\/index.php?rest_route=\/wp\/v2\/media\/11460"}],"wp:attachment":[{"href":"https:\/\/quintett.eu\/index.php?rest_route=%2Fwp%2Fv2%2Fmedia&parent=11459"}],"wp:term":[{"taxonomy":"product_brand","embeddable":true,"href":"https:\/\/quintett.eu\/index.php?rest_route=%2Fwp%2Fv2%2Fproduct_brand&post=11459"},{"taxonomy":"product_cat","embeddable":true,"href":"https:\/\/quintett.eu\/index.php?rest_route=%2Fwp%2Fv2%2Fproduct_cat&post=11459"},{"taxonomy":"product_tag","embeddable":true,"href":"https:\/\/quintett.eu\/index.php?rest_route=%2Fwp%2Fv2%2Fproduct_tag&post=11459"}],"curies":[{"name":"wp","href":"https:\/\/api.w.org\/{rel}","templated":true}]}}