{"id":11478,"date":"2024-11-28T12:02:25","date_gmt":"2024-11-28T10:02:25","guid":{"rendered":"https:\/\/quintett.eu\/?post_type=product&#038;p=11478"},"modified":"2024-11-28T12:07:54","modified_gmt":"2024-11-28T10:07:54","slug":"schoeps-ccm-41-l","status":"publish","type":"product","link":"https:\/\/quintett.eu\/?product=schoeps-ccm-41-l","title":{"rendered":"Schoeps CCM 41 L"},"content":{"rendered":"<p>Microfon compact cu condensator<\/p>\n<p>MK 41 \u0219i CCM 41 sunt foarte direc\u021bionale: sunetul difuz care vine din camer\u0103 este captat de ele \u0219i mai atenuat dec\u00e2t de cardioizi. Sunetul este a\u0219adar \u201emai uscat\u201d, iar susceptibilitatea lor la feedback-ul acustic este mai mic\u0103 dec\u00e2t cea a oric\u0103rui alt tip de microfon SCHOEPS, cu condi\u021bia ca un difuzor s\u0103 nu se proiecteze direct din spate.<\/p>\n<p>Directivitatea este foarte independent\u0103 de frecven\u021b\u0103, astfel \u00eenc\u00e2t chiar \u0219i sunetul incident \u0219i difuz oblic este transmis f\u0103r\u0103 colorare \u0219i, prin urmare, \u201e\u00een mod natural\u201d, chiar \u0219i la o distan\u021b\u0103 mai mare de sursa sonor\u0103. Acesta este un real avantaj fa\u021b\u0103 de microfoanele cu shotgun, a c\u0103ror directivitate, bazat\u0103 pe interferen\u021b\u0103, o dep\u0103\u0219e\u0219te doar semnificativ pe cea a supercardioidului la frecven\u021be mai mari \u0219i al c\u0103ror r\u0103spuns \u00een frecven\u021b\u0103 \u0219i imagine sonor\u0103 depind astfel de direc\u021bia de inciden\u021b\u0103. Din acest motiv, MK 41 \u0219i CCM 41 sunt \u00een multe cazuri o alternativ\u0103 interesant\u0103 \u0219i care economise\u0219te spa\u021biu la microfonul direc\u021bional cu tub, chiar dac\u0103 dimensiunile lor mici nu sugereaz\u0103 imediat eficien\u021ba lor ridicat\u0103. Datorit\u0103 dimensiunilor reduse, v\u0103 permit s\u0103 v\u0103 apropia\u021bi de sursa de sunet.<\/p>\n<p>Un aranjament de microfon MS poate fi plasat departe de sursa semnalului dac\u0103 MK 41 sau CCM 41 este utilizat \u00een canalul M.<\/p>\n","protected":false},"excerpt":{"rendered":"<p>Specificatii :<br \/>\nCea mai \u00eenalt\u0103 calitate<br \/>\nCaracteristica supercardioid\u0103<br \/>\nDirectivitate ridicat\u0103, comparabil\u0103 cu microfoanele obi\u0219nuite (scurte) shotgun p\u00e2n\u0103 la frecven\u021be medii<br \/>\nIndependen\u021ba de \u00eenalt\u0103 frecven\u021b\u0103 a modelului polar<br \/>\nRaspuns in frecventa: 40 Hz &#8211; 20 kHz<br \/>\nSensibilitate: 13mV\/Pa<br \/>\nNivel de zgomot echivalent: ponderat A: 16 dB-A CCIR: 24 dB<br \/>\nDistan\u021ba nivelului de zgomot (ponderat A): 78 dB-A<br \/>\nNivel limitativ de presiune sonor\u0103 (la 0,5% THD): 132 dB<br \/>\nLungime: 46 &#8211; 58 mm<br \/>\nGreutate: 43 g<br \/>\nIncl. cablu de conectare<br \/>\nFinisaj suprafa\u021b\u0103: Gri mat<\/p>\n","protected":false},"featured_media":11479,"comment_status":"open","ping_status":"closed","template":"","meta":[],"product_brand":[],"product_cat":[1277],"product_tag":[1280,1282,1283,1279,1278,1281],"class_list":{"0":"post-11478","1":"product","2":"type-product","3":"status-publish","4":"has-post-thumbnail","6":"product_cat-schoeps-dealer","7":"product_tag-microfoane-schoeps","8":"product_tag-microfon-condensator","9":"product_tag-microfon-condensator-directional-suspendat","10":"product_tag-microfon-schoeps","11":"product_tag-schoeps","12":"product_tag-schoeps-ccm41-l","14":"first","15":"instock","16":"purchasable","17":"product-type-simple"},"jetpack_sharing_enabled":true,"_links":{"self":[{"href":"https:\/\/quintett.eu\/index.php?rest_route=\/wp\/v2\/product\/11478","targetHints":{"allow":["GET"]}}],"collection":[{"href":"https:\/\/quintett.eu\/index.php?rest_route=\/wp\/v2\/product"}],"about":[{"href":"https:\/\/quintett.eu\/index.php?rest_route=\/wp\/v2\/types\/product"}],"replies":[{"embeddable":true,"href":"https:\/\/quintett.eu\/index.php?rest_route=%2Fwp%2Fv2%2Fcomments&post=11478"}],"wp:featuredmedia":[{"embeddable":true,"href":"https:\/\/quintett.eu\/index.php?rest_route=\/wp\/v2\/media\/11479"}],"wp:attachment":[{"href":"https:\/\/quintett.eu\/index.php?rest_route=%2Fwp%2Fv2%2Fmedia&parent=11478"}],"wp:term":[{"taxonomy":"product_brand","embeddable":true,"href":"https:\/\/quintett.eu\/index.php?rest_route=%2Fwp%2Fv2%2Fproduct_brand&post=11478"},{"taxonomy":"product_cat","embeddable":true,"href":"https:\/\/quintett.eu\/index.php?rest_route=%2Fwp%2Fv2%2Fproduct_cat&post=11478"},{"taxonomy":"product_tag","embeddable":true,"href":"https:\/\/quintett.eu\/index.php?rest_route=%2Fwp%2Fv2%2Fproduct_tag&post=11478"}],"curies":[{"name":"wp","href":"https:\/\/api.w.org\/{rel}","templated":true}]}}