{"id":11501,"date":"2024-11-28T12:30:55","date_gmt":"2024-11-28T10:30:55","guid":{"rendered":"https:\/\/quintett.eu\/?post_type=product&#038;p=11501"},"modified":"2024-11-28T12:35:02","modified_gmt":"2024-11-28T10:35:02","slug":"schoeps-mono-set-mk-2-cmc-1-u","status":"publish","type":"product","link":"https:\/\/quintett.eu\/?product=schoeps-mono-set-mk-2-cmc-1-u","title":{"rendered":"Schoeps Mono Set MK 2 &#8211; CMC 1 U"},"content":{"rendered":"<p>Set de microfon<\/p>\n<p>Const\u0103 din 1x SCHOEPS CMC 1 U, amplificator de microfon \u0219i 1x capsul\u0103 MK 41<br \/>\nModel polar: Supercardioid<br \/>\nGama de frecventa: 40 &#8211; 20.000 Hz<br \/>\nSensibilitate: 13mV\/Pa<br \/>\nMax. Nivel de presiune acustic\u0103: 135 dB<br \/>\nRaport semnal-zgomot: 80dB-A<br \/>\nCuloare: Gri<br \/>\nInclude 1x clem\u0103 pentru microfon SG20, 1x parbriz B5 \u0219i 1x leg\u0103tur\u0103 de cablu \u00eentr-o carcas\u0103 elegant\u0103 din lemn<\/p>\n","protected":false},"excerpt":{"rendered":"<p>Set de microfon<\/p>\n<p>Const\u0103 din 1x SCHOEPS CMC 1 U, amplificator de microfon \u0219i 1x capsul\u0103 MK 41<br \/>\nModel polar: Supercardioid<br \/>\nGama de frecventa: 40 &#8211; 20.000 Hz<br \/>\nSensibilitate: 13mV\/Pa<br \/>\nMax. Nivel de presiune acustic\u0103: 135 dB<br \/>\nRaport semnal-zgomot: 80dB-A<br \/>\nCuloare: Gri<br \/>\nInclude 1x clem\u0103 pentru microfon SG20, 1x parbriz B5 \u0219i 1x leg\u0103tur\u0103 de cablu \u00eentr-o carcas\u0103 elegant\u0103 din lemn<\/p>\n","protected":false},"featured_media":11502,"comment_status":"open","ping_status":"closed","template":"","meta":[],"product_brand":[],"product_cat":[1277],"product_tag":[1280,1282,1283,1279,1278,1281,1285],"class_list":{"0":"post-11501","1":"product","2":"type-product","3":"status-publish","4":"has-post-thumbnail","6":"product_cat-schoeps-dealer","7":"product_tag-microfoane-schoeps","8":"product_tag-microfon-condensator","9":"product_tag-microfon-condensator-directional-suspendat","10":"product_tag-microfon-schoeps","11":"product_tag-schoeps","12":"product_tag-schoeps-ccm41-l","13":"product_tag-schoeps-mk2-cmc-1-u","15":"first","16":"instock","17":"purchasable","18":"product-type-simple"},"jetpack_sharing_enabled":true,"_links":{"self":[{"href":"https:\/\/quintett.eu\/index.php?rest_route=\/wp\/v2\/product\/11501","targetHints":{"allow":["GET"]}}],"collection":[{"href":"https:\/\/quintett.eu\/index.php?rest_route=\/wp\/v2\/product"}],"about":[{"href":"https:\/\/quintett.eu\/index.php?rest_route=\/wp\/v2\/types\/product"}],"replies":[{"embeddable":true,"href":"https:\/\/quintett.eu\/index.php?rest_route=%2Fwp%2Fv2%2Fcomments&post=11501"}],"wp:featuredmedia":[{"embeddable":true,"href":"https:\/\/quintett.eu\/index.php?rest_route=\/wp\/v2\/media\/11502"}],"wp:attachment":[{"href":"https:\/\/quintett.eu\/index.php?rest_route=%2Fwp%2Fv2%2Fmedia&parent=11501"}],"wp:term":[{"taxonomy":"product_brand","embeddable":true,"href":"https:\/\/quintett.eu\/index.php?rest_route=%2Fwp%2Fv2%2Fproduct_brand&post=11501"},{"taxonomy":"product_cat","embeddable":true,"href":"https:\/\/quintett.eu\/index.php?rest_route=%2Fwp%2Fv2%2Fproduct_cat&post=11501"},{"taxonomy":"product_tag","embeddable":true,"href":"https:\/\/quintett.eu\/index.php?rest_route=%2Fwp%2Fv2%2Fproduct_tag&post=11501"}],"curies":[{"name":"wp","href":"https:\/\/api.w.org\/{rel}","templated":true}]}}