{"id":11748,"date":"2025-01-30T18:25:50","date_gmt":"2025-01-30T16:25:50","guid":{"rendered":"https:\/\/quintett.eu\/?post_type=product&#038;p=11748"},"modified":"2025-03-15T16:51:46","modified_gmt":"2025-03-15T14:51:46","slug":"clavia-nord-piano-6-73","status":"publish","type":"product","link":"https:\/\/quintett.eu\/?product=clavia-nord-piano-6-73","title":{"rendered":"Clavia NORD Piano 6 73"},"content":{"rendered":"<p><iframe title=\"Introducing the Nord Piano 6\" width=\"640\" height=\"360\" src=\"https:\/\/www.youtube.com\/embed\/DSe7inRXD74?start=13&#038;feature=oembed\" frameborder=\"0\" allow=\"accelerometer; autoplay; clipboard-write; encrypted-media; gyroscope; picture-in-picture; web-share\" referrerpolicy=\"strict-origin-when-cross-origin\" allowfullscreen><\/iframe><\/p>\n","protected":false},"excerpt":{"rendered":"<p>Pian digital Clavia Nord piano 6 <\/p>\n<p>73 de taste<br \/>\nTastatur\u0103 premium cu ciocan, senzori tripli \u0219i taste ponderate<br \/>\n2 layere de pian \u0219i 2 layere de sintetizator, reglabile prin fader LED<br \/>\nCategorii: piane cu coad\u0103, piane verticale, piane electrice, Clavinet, piane digitale, Marimba, Vibrafon \u0219i multe altele<br \/>\n2 GB memorie pentru Nord Piano Library \u0219i 1 GB pentru Nord Sample Library<br \/>\nAfi\u0219aj OLED<br \/>\nTranzi\u021bii f\u0103r\u0103 \u00eentreruperi (comuta\u021bie ne\u00eentrerupt\u0103 \u00eentre sunete)<br \/>\nSec\u021biune de pian: polifonie cu 120 de voci, 3 curbe dinamice pentru a se adapta stilului de joc, zgomot pedal\u0103 comutabil, 5 set\u0103ri de timbru selectabile<br \/>\nSec\u021biune de sintetizator: 2 layere de sintetizatoare independente, controale pentru atac, dec\u0103dere \u0219i eliberare, moduri mono, legato \u0219i glide, mod unison pentru sunete de ansamblu, 3 niveluri dinamice \u0219i vibrato<br \/>\nSec\u021biune de efecte per strat cu efecte de modula\u021bie (tremolo, wah, phaser, chorus, flanger \u0219i multe altele), delay cu tap tempo, compresor, egalizator cu 3 benzi \u0219i 3 simul\u0103ri de amplificator<br \/>\nReverb cu 6 algoritmi (Camera, cabina, primavara, scena, sala, catedrala)<br \/>\nDimensiuni: 1069 x 121 x 349 mm<br \/>\nGreutate: 16.2 kg<br \/>\nInclude Nord Triple Pedal 2, hus\u0103 de praf \u0219i cablu de alimentare<br \/>\nConexiuni:<\/p>\n<p>Ie\u0219iri stereo: 2 x jack de 6,3 mm<br \/>\nIe\u0219ire pentru c\u0103\u0219ti stereo: muf\u0103 de 6,3 mm<br \/>\nIntrare monitor stereo: mini muf\u0103 de 3,5 mm<br \/>\nIntr\u0103ri pentru pedal\u0103 pentru sustain \u0219i volum\/expresie, precum \u0219i comutator de picior: mufe 3 x 6,3 mm<br \/>\nConexiune pentru pedala Nord Triple: DIN cu 5 pini<br \/>\nIntrare\/Ie\u0219ire MIDI: DIN cu 5 pini<br \/>\nPort USB-B<\/p>\n","protected":false},"featured_media":11753,"comment_status":"open","ping_status":"closed","template":"","meta":[],"product_brand":[],"product_cat":[24,42],"product_tag":[146,1302,1301,147,65],"class_list":{"0":"post-11748","1":"product","2":"type-product","3":"status-publish","4":"has-post-thumbnail","6":"product_cat-piane-digitale","7":"product_cat-promotii","8":"product_tag-clava-nord","9":"product_tag-clavia-nord-piano-6-73","10":"product_tag-clavia-nord-piano-6-88","11":"product_tag-nord-piano","12":"product_tag-pian-digital","14":"first","15":"onbackorder","16":"purchasable","17":"product-type-simple"},"jetpack_sharing_enabled":true,"_links":{"self":[{"href":"https:\/\/quintett.eu\/index.php?rest_route=\/wp\/v2\/product\/11748","targetHints":{"allow":["GET"]}}],"collection":[{"href":"https:\/\/quintett.eu\/index.php?rest_route=\/wp\/v2\/product"}],"about":[{"href":"https:\/\/quintett.eu\/index.php?rest_route=\/wp\/v2\/types\/product"}],"replies":[{"embeddable":true,"href":"https:\/\/quintett.eu\/index.php?rest_route=%2Fwp%2Fv2%2Fcomments&post=11748"}],"wp:featuredmedia":[{"embeddable":true,"href":"https:\/\/quintett.eu\/index.php?rest_route=\/wp\/v2\/media\/11753"}],"wp:attachment":[{"href":"https:\/\/quintett.eu\/index.php?rest_route=%2Fwp%2Fv2%2Fmedia&parent=11748"}],"wp:term":[{"taxonomy":"product_brand","embeddable":true,"href":"https:\/\/quintett.eu\/index.php?rest_route=%2Fwp%2Fv2%2Fproduct_brand&post=11748"},{"taxonomy":"product_cat","embeddable":true,"href":"https:\/\/quintett.eu\/index.php?rest_route=%2Fwp%2Fv2%2Fproduct_cat&post=11748"},{"taxonomy":"product_tag","embeddable":true,"href":"https:\/\/quintett.eu\/index.php?rest_route=%2Fwp%2Fv2%2Fproduct_tag&post=11748"}],"curies":[{"name":"wp","href":"https:\/\/api.w.org\/{rel}","templated":true}]}}