{"id":11771,"date":"2025-02-12T14:37:51","date_gmt":"2025-02-12T12:37:51","guid":{"rendered":"https:\/\/quintett.eu\/?post_type=product&#038;p=11771"},"modified":"2025-02-12T14:37:52","modified_gmt":"2025-02-12T12:37:52","slug":"evolite-thunder-bar-strip-rgba","status":"publish","type":"product","link":"https:\/\/quintett.eu\/?product=evolite-thunder-bar-strip-rgba","title":{"rendered":"Evolite &#8211; Thunder Bar Strip RGBA"},"content":{"rendered":"<p>Bara LED evolite Thunder Bar Strip RGBA este un instrument versatil pentru profesioni\u0219tii \u00een iluminat, fie pentru spectacole, instala\u021bii fixe sau evenimente. Cu cele 576 LED-uri SMD 5050 RGB 3-\u00een-1 de 0,2 W \u0219i 288 LED-uri chihlimbar de 0,5 W, aceast\u0103 bar\u0103 ofer\u0103 o gam\u0103 larg\u0103 de culori \u0219i efecte de iluminare uimitoare. Cu 48 de sec\u021biuni de pixeli controlabile independent, posibilit\u0103\u021bile creative sunt multiplicate, permi\u021b\u00e2nd anima\u021bii dinamice \u0219i tranzi\u021bii line. Evolite Thunder Bar Strip RGBA ofer\u0103 un dimmer 0-100% cu reglare liniar\u0103, asigur\u00e2nd gestionarea precis\u0103 a intensit\u0103\u021bii luminii. Unghiul s\u0103u de fascicul de 45\u00b0 asigur\u0103 o acoperire uniform\u0103, ideal\u0103 pentru aplica\u021bii scenice \u0219i decorative. Sistemul de racire cu ventilatie naturala asigura o functionare silentioasa, esentiala pentru mediile in care zgomotul trebuie redus. Compatibil\u0103 cu DMX512, aceast\u0103 bar\u0103 poate fi controlat\u0103 prin mai multe configura\u021bii de canale (4, 6, 16, 192 sau 194 de canale), precum \u0219i \u00een modul automat sau master-slave. Include, de asemenea, un stroboscop reglabil \u00eentre 1 \u0219i 20 Hz pentru efecte de percu\u021bie. Cu un consum maxim de 150 W \u0219i o surs\u0103 de alimentare universal\u0103 de 90-240 VAC, se adapteaz\u0103 la diverse nevoi de instalare, oferind \u00een acela\u0219i timp performan\u021be fiabile \u0219i optimizate pentru uz profesional.<br \/>\nInforma\u021bii Detectare muzic\u0103<br \/>\nPrograme automate.<br \/>\nMixarea culorilor RGBA<br \/>\nNum\u0103r de LED-uri 576<br \/>\nDMX<br \/>\nGreutate (>1kg ->kg \/ <1kg -> g) 2,9 kg<br \/>\nLungime (m) 1<\/p>\n","protected":false},"excerpt":{"rendered":"<p>Led Bar evolite Thunder Bar Strip RGBA este o bar\u0103 LED SMD cu Pixel Control, permi\u021b\u00e2ndu-v\u0103 s\u0103 ob\u021bine\u021bi efecte de iluminare profesionale \u0219i infinite. Datorit\u0103 LED-urilor RGBA, ve\u021bi ob\u021bine un amestec perfect de culori. <\/p>\n","protected":false},"featured_media":11772,"comment_status":"open","ping_status":"closed","template":"","meta":[],"product_brand":[],"product_cat":[493],"product_tag":[1306,1310,829,1308,1307,1309],"class_list":{"0":"post-11771","1":"product","2":"type-product","3":"status-publish","4":"has-post-thumbnail","6":"product_cat-msc","7":"product_tag-elolite","8":"product_tag-evolite-thunder","9":"product_tag-led-bar","10":"product_tag-led-bar-rgba","11":"product_tag-led-bar-smd","12":"product_tag-thunder-led-bar","14":"first","15":"instock","16":"purchasable","17":"product-type-simple"},"jetpack_sharing_enabled":true,"_links":{"self":[{"href":"https:\/\/quintett.eu\/index.php?rest_route=\/wp\/v2\/product\/11771","targetHints":{"allow":["GET"]}}],"collection":[{"href":"https:\/\/quintett.eu\/index.php?rest_route=\/wp\/v2\/product"}],"about":[{"href":"https:\/\/quintett.eu\/index.php?rest_route=\/wp\/v2\/types\/product"}],"replies":[{"embeddable":true,"href":"https:\/\/quintett.eu\/index.php?rest_route=%2Fwp%2Fv2%2Fcomments&post=11771"}],"wp:featuredmedia":[{"embeddable":true,"href":"https:\/\/quintett.eu\/index.php?rest_route=\/wp\/v2\/media\/11772"}],"wp:attachment":[{"href":"https:\/\/quintett.eu\/index.php?rest_route=%2Fwp%2Fv2%2Fmedia&parent=11771"}],"wp:term":[{"taxonomy":"product_brand","embeddable":true,"href":"https:\/\/quintett.eu\/index.php?rest_route=%2Fwp%2Fv2%2Fproduct_brand&post=11771"},{"taxonomy":"product_cat","embeddable":true,"href":"https:\/\/quintett.eu\/index.php?rest_route=%2Fwp%2Fv2%2Fproduct_cat&post=11771"},{"taxonomy":"product_tag","embeddable":true,"href":"https:\/\/quintett.eu\/index.php?rest_route=%2Fwp%2Fv2%2Fproduct_tag&post=11771"}],"curies":[{"name":"wp","href":"https:\/\/api.w.org\/{rel}","templated":true}]}}