{"id":1179,"date":"2020-06-23T17:36:36","date_gmt":"2020-06-23T15:36:36","guid":{"rendered":"https:\/\/quintett.eu\/?post_type=product&#038;p=1179"},"modified":"2025-03-15T18:19:55","modified_gmt":"2025-03-15T16:19:55","slug":"ella-6-tw-audio","status":"publish","type":"product","link":"https:\/\/quintett.eu\/?product=ella-6-tw-audio","title":{"rendered":"TW AUDIO &#8211; ELLA 6"},"content":{"rendered":"<div class=\"av-special-heading-h3 blockquote modern-quote \">\n<h3 class=\"av-special-heading-tag\">Technical data<\/h3>\n<\/div>\n<table id=\"descTable\" class=\"descTable no_phone_\" width=\"100%\">\n<tbody>\n<tr>\n<td class=\"descMarker\">Drivers<\/td>\n<td class=\"descContent\">1\u00a0\u00d7\u00a06.5\u2033\u00a0LF | 5\u00a0\u00d7\u00a01\u2033\u00a0HF<\/td>\n<\/tr>\n<tr>\n<td class=\"descMarker\">Frequency range<\/td>\n<td class=\"descContent\">90\u00a0&#8211;\u00a020000\u00a0Hz<\/td>\n<\/tr>\n<tr>\n<td class=\"descMarker\">Power capacity program \/ peak<\/td>\n<td class=\"descContent\">400\u00a0\/\u00a0800\u00a0W<\/td>\n<\/tr>\n<tr>\n<td class=\"descMarker\">Impedance<\/td>\n<td class=\"descContent\">24\u00a0\u03a9<\/td>\n<\/tr>\n<tr>\n<td class=\"descMarker\">Coverage (h \u00d7 v)<\/td>\n<td class=\"descContent\">120\u00b0\u00a0\u00d7\u00a010\u00b0<\/td>\n<\/tr>\n<tr>\n<td class=\"descMarker\">Sensitivity 1\u00a0W\u00a0\/\u00a01\u00a0m<\/td>\n<td class=\"descContent\">99 dB<\/td>\n<\/tr>\n<tr>\n<td class=\"descMarker\">SPLmax\u00a0\/\u00a01\u00a0m<\/td>\n<td class=\"descContent\">129\u00a0dB<\/td>\n<\/tr>\n<tr>\n<td class=\"descMarker\">Connection<\/td>\n<td class=\"descContent\">speakON&#x2122;\u00a0NL4\u00a01\u00b1<\/td>\n<\/tr>\n<tr>\n<td class=\"descMarker\">Dimensions (H\u00a0\u00d7\u00a0B\u00a0\u00d7\u00a0T)<\/td>\n<td class=\"descContent\">200 \u00d7 200 \u00d7 260 mm [7.87 \u00d7 7.87 \u00d7 10.24\u00a0in]<\/td>\n<\/tr>\n<tr>\n<td class=\"descMarker\">Weight<\/td>\n<td class=\"descContent\">5.5 kg [12\u00a0lbs]<\/td>\n<\/tr>\n<tr>\n<td class=\"descMarker\">Finish<\/td>\n<td class=\"descContent\">Poliuree texture paint<\/td>\n<\/tr>\n<tr>\n<td class=\"descMarker\">Accessories<\/td>\n<td class=\"descContent\">BMP150, RPE6, BPE6, WAE6, GPE6, PME6, HSA, CaseE6<\/td>\n<\/tr>\n<tr>\n<td class=\"descMarker\">Options<\/td>\n<td class=\"descContent\">RAL colors<\/td>\n<\/tr>\n<\/tbody>\n<\/table>\n<p>ATENTIE : Func\u021bionarea optima este recomandat\u0103 cu preseturi TW AUDIO dedicate pe amplificatoarele Lab Gruppen , Linea Research ,Powersoft sau Dynacord seriile TGX, IPX \u0219i L .<\/p>\n","protected":false},"excerpt":{"rendered":"<p>ELLA, ELegant Line Array, este o solutie inovatoare, o prim\u0103 realizare mondial\u0103 la aceast\u0103 dimensiune. ELLA combin\u0103 factorul de form\u0103 sub\u021bire al unei coloane cu flexibilitatea unui line array, precum \u0219i tehnologia cardioid pasiv\u0103 \u00eencorporat\u0103.<\/p>\n<p>\u00cen spatele panoului s\u0103u frontal bine proiectat, ELLA6 ofer\u0103 o caracteristic\u0103 nou dezvoltat\u0103 &#8211; un ghid de und\u0103 special conceput cu cinci tweetere de 1&#8243; care reproduc frecven\u021be \u00eenalte \u0219i precise de p\u00e2n\u0103 la 20 kHz, combinate cu un driver de 6,5&#8243; de \u00eenalt\u0103 performan\u021b\u0103, proiectat la comand\u0103. O nou\u0103 experien\u021b\u0103 auditiv\u0103 extraordinar de acustic\u0103 care asigur\u0103 uimirea publicului, f\u0103r\u0103 compromisuri, chiar \u0219i la SPL ridicat.<\/p>\n<p>O alt\u0103 caracteristic\u0103 unic\u0103 a ELLA este sistemul cardioid pasiv \u00eencorporat. Datorit\u0103 rezisten\u021belor acustice speciale din spatele carcasei, ELLA are un model de directivitate cardioid pe \u00eentregul interval de frecven\u021b\u0103.<\/p>\n<p>ELLA6 are o impedan\u021b\u0103 nominal\u0103 de 24 ohmi \u2013 deci este posibil s\u0103 conecta\u021bi mai multe difuzoare \u00een paralel, nu este necesar un canal de amplificator suplimentar pentru efectul cardioid.<\/p>\n<p>Mai este o caracteristic\u0103 cheie care trebuie men\u021bionat\u0103 &#8211; hardware-ul de montaj integrat rafinat optic, aproape invizibil, care poate transforma cu u\u0219urin\u021b\u0103 o coloan\u0103 cu mai multe elemente \u00eentr-un adev\u0103rat line array. Nu exist\u0103 ace sau sigle marcatoare ale companiei pe grila frontal\u0103 care s\u0103 perturbe aspectul atemporal de simplu.<\/p>\n","protected":false},"featured_media":1180,"comment_status":"open","ping_status":"closed","template":"","meta":[],"product_brand":[],"product_cat":[19],"product_tag":[354,138,445,1370,1368,139,407,1371,1369,55],"class_list":{"0":"post-1179","1":"product","2":"type-product","3":"status-publish","4":"has-post-thumbnail","6":"product_cat-tw-audio","7":"product_tag-cardioid","8":"product_tag-ella","9":"product_tag-ella-6","10":"product_tag-instalatii-profesionale","11":"product_tag-instalatii-stadion","12":"product_tag-line-array","13":"product_tag-sistem-sunet","14":"product_tag-sonorizare-biserici","15":"product_tag-sonorizare-stadion","16":"product_tag-tw-audio","18":"first","19":"instock","20":"sold-individually","21":"product-type-simple"},"jetpack_sharing_enabled":true,"_links":{"self":[{"href":"https:\/\/quintett.eu\/index.php?rest_route=\/wp\/v2\/product\/1179","targetHints":{"allow":["GET"]}}],"collection":[{"href":"https:\/\/quintett.eu\/index.php?rest_route=\/wp\/v2\/product"}],"about":[{"href":"https:\/\/quintett.eu\/index.php?rest_route=\/wp\/v2\/types\/product"}],"replies":[{"embeddable":true,"href":"https:\/\/quintett.eu\/index.php?rest_route=%2Fwp%2Fv2%2Fcomments&post=1179"}],"wp:featuredmedia":[{"embeddable":true,"href":"https:\/\/quintett.eu\/index.php?rest_route=\/wp\/v2\/media\/1180"}],"wp:attachment":[{"href":"https:\/\/quintett.eu\/index.php?rest_route=%2Fwp%2Fv2%2Fmedia&parent=1179"}],"wp:term":[{"taxonomy":"product_brand","embeddable":true,"href":"https:\/\/quintett.eu\/index.php?rest_route=%2Fwp%2Fv2%2Fproduct_brand&post=1179"},{"taxonomy":"product_cat","embeddable":true,"href":"https:\/\/quintett.eu\/index.php?rest_route=%2Fwp%2Fv2%2Fproduct_cat&post=1179"},{"taxonomy":"product_tag","embeddable":true,"href":"https:\/\/quintett.eu\/index.php?rest_route=%2Fwp%2Fv2%2Fproduct_tag&post=1179"}],"curies":[{"name":"wp","href":"https:\/\/api.w.org\/{rel}","templated":true}]}}