{"id":11802,"date":"2025-02-19T22:02:14","date_gmt":"2025-02-19T20:02:14","guid":{"rendered":"https:\/\/quintett.eu\/?post_type=product&#038;p=11802"},"modified":"2025-07-04T11:02:34","modified_gmt":"2025-07-04T09:02:34","slug":"tw-audio-b21","status":"publish","type":"product","link":"https:\/\/quintett.eu\/?product=tw-audio-b21","title":{"rendered":"TW AUDIO B21"},"content":{"rendered":"<p>Detalii tehnice:<br \/>\nDifuzor 1 \u00d7 21&#8243;<br \/>\nRaspuns in frecventa 27 &#8211; 125 Hz<br \/>\nProgram \/ varf 3600 \/ 7200 W<br \/>\nimpedanta 8 \u03a9<br \/>\nNivel de presiune acustic\u0103 1 W \/ 1 m 98 dB<br \/>\nSPLmax \/ 1 m 137 dB<br \/>\nConexiune NL4 2\u00b1<br \/>\nDimensiuni (\u00een\u0103l\u021bime \u00d7 l\u0103\u021bime \u00d7 ad\u00e2ncime) 706 \u00d7 606 \u00d7 800 mm<br \/>\nGreutate 54,5 kg<br \/>\nVopsea structural\u0103 de suprafa\u021b\u0103 Warnex<br \/>\nAccesorii QDB30, FDB21, CoverB21, Cover2B21<br \/>\nOp\u021biuni culori RAL<\/p>\n<p>ATENTIE : Func\u021bionarea optima este recomandat\u0103 cu preseturi TW AUDIO dedicate pe amplificatoarele Lab Gruppen , Linea Research ,Powersoft sau Dynacord seriile TGX, IPX \u0219i L .<\/p>\n<p>Boxa special dezvoltata de 21 de inchi pentru reproducerea precis\u0103 a joaselor inferioare<br \/>\nDesignul avansat al portului asigur\u0103 precizie maxim\u0103 cu distorsiuni minime<br \/>\nStivuirea orizontal\u0103 \u0219i vertical\u0103 permite combina\u021bii flexibile cu alte produse TWAUDIO<br \/>\nDou\u0103 moduri de operare: modul \u201eExtended Low Frequency\u201d pentru frecven\u021be ultra-joase \u0219i modul \u201eFull\u201d pentru utilizare direct\u0103 cu topuri precum T24N sau M15<br \/>\nPresetari optimizate pentru grupuri de subwoofer direc\u021bionale cu anulare de band\u0103 larg\u0103 (>17 dB) \u00een spate<br \/>\nPoate fi folosit ca subwoofer de sine st\u0103t\u0103tor sau pentru extinderea basului \u00een setup-uri de linearray mixte<\/p>\n","protected":false},"excerpt":{"rendered":"<p>Cu difuzorul s\u0103u nou dezvoltat de 21 de inchi, un design optimizat al portului \u0219i reglarea la 30 Hz, B21 realizeaz\u0103 o redare extrem de precis\u0103. \u0218i toate acestea cu distorsiuni minime. Indiferent dac\u0103 liniile de bas fundamentale ale muzicii electronice sunt amplificate sau low-end-ul \u201eextra\u201d are scopul de a \u00eenc\u00e2nta ascult\u0103torul la concertele live.<\/p>\n<p>Boxa special dezvoltata de 21 de inchi pentru reproducerea precis\u0103 a joaselor inferioare<br \/>\nDesignul avansat al portului asigur\u0103 precizie maxim\u0103 cu distorsiuni minime<br \/>\nStivuirea orizontal\u0103 \u0219i vertical\u0103 permite combina\u021bii flexibile cu alte produse TWAUDIO<br \/>\nDou\u0103 moduri de operare: modul \u201eExtended Low Frequency\u201d pentru frecven\u021be ultra-joase \u0219i modul \u201eFull\u201d pentru utilizare direct\u0103 cu topuri precum T24N sau M15<br \/>\nPresetari optimizate pentru grupuri de subwoofer direc\u021bionale cu anulare de band\u0103 larg\u0103 (>17 dB) \u00een spate<br \/>\nPoate fi folosit ca subwoofer de sine st\u0103t\u0103tor sau pentru extinderea basului \u00een setup-uri de linearray mixte<\/p>\n","protected":false},"featured_media":11807,"comment_status":"open","ping_status":"closed","template":"","meta":[],"product_brand":[],"product_cat":[19],"product_tag":[1313,1312,1315,1314,55],"class_list":{"0":"post-11802","1":"product","2":"type-product","3":"status-publish","4":"has-post-thumbnail","6":"product_cat-tw-audio","7":"product_tag-b21","8":"product_tag-boxe-profesionale","9":"product_tag-subwoofer","10":"product_tag-tw-audio-b21","11":"product_tag-tw-audio","13":"first","14":"instock","15":"purchasable","16":"product-type-simple"},"jetpack_sharing_enabled":true,"_links":{"self":[{"href":"https:\/\/quintett.eu\/index.php?rest_route=\/wp\/v2\/product\/11802","targetHints":{"allow":["GET"]}}],"collection":[{"href":"https:\/\/quintett.eu\/index.php?rest_route=\/wp\/v2\/product"}],"about":[{"href":"https:\/\/quintett.eu\/index.php?rest_route=\/wp\/v2\/types\/product"}],"replies":[{"embeddable":true,"href":"https:\/\/quintett.eu\/index.php?rest_route=%2Fwp%2Fv2%2Fcomments&post=11802"}],"wp:featuredmedia":[{"embeddable":true,"href":"https:\/\/quintett.eu\/index.php?rest_route=\/wp\/v2\/media\/11807"}],"wp:attachment":[{"href":"https:\/\/quintett.eu\/index.php?rest_route=%2Fwp%2Fv2%2Fmedia&parent=11802"}],"wp:term":[{"taxonomy":"product_brand","embeddable":true,"href":"https:\/\/quintett.eu\/index.php?rest_route=%2Fwp%2Fv2%2Fproduct_brand&post=11802"},{"taxonomy":"product_cat","embeddable":true,"href":"https:\/\/quintett.eu\/index.php?rest_route=%2Fwp%2Fv2%2Fproduct_cat&post=11802"},{"taxonomy":"product_tag","embeddable":true,"href":"https:\/\/quintett.eu\/index.php?rest_route=%2Fwp%2Fv2%2Fproduct_tag&post=11802"}],"curies":[{"name":"wp","href":"https:\/\/api.w.org\/{rel}","templated":true}]}}