{"id":11818,"date":"2025-02-19T22:25:16","date_gmt":"2025-02-19T20:25:16","guid":{"rendered":"https:\/\/quintett.eu\/?post_type=product&#038;p=11818"},"modified":"2025-07-04T11:01:26","modified_gmt":"2025-07-04T09:01:26","slug":"tw-audio-b18","status":"publish","type":"product","link":"https:\/\/quintett.eu\/?product=tw-audio-b18","title":{"rendered":"TW AUDIO B18"},"content":{"rendered":"<p>Detalii tehnice:<br \/>\nDifuzor  1\u2005\u00d7\u200518&#8243;.<br \/>\nR\u0103spuns \u00een frecven\u021b\u0103 32\u2013160 Hz<br \/>\nProgram  \/ varf 2400 \/ 4800 W<br \/>\nImpedanta 8 ohmi<br \/>\nUnghiul fasciculului omni<br \/>\nNivel de presiune acustic\u0103 1 W \/ 1 m 96 dB<br \/>\nSPLmax \/ 1 m 132 dB<br \/>\nConexiune NL4 2\u00b1 SPATE, NL4 1\u00b1 FA\u0162\u0102<br \/>\nDimensiuni (\u00cel x L x A) 606\u2005\u00d7\u2005500\u2005\u00d7\u2005800\u2005mm<br \/>\nGreutate 42,6 kg<br \/>\nVopsea structural\u0103 de suprafa\u021b\u0103 Warnex<br \/>\nAccesorii FDB18, QDB18, CoverB18<br \/>\nOp\u021biuni culori RAL <\/p>\n<p>ATENTIE : Func\u021bionarea optima este recomandat\u0103 cu preseturi TW AUDIO dedicate pe amplificatoarele Lab Gruppen , Linea Research ,Powersoft sau Dynacord seriile TGX, IPX \u0219i L .<\/p>\n","protected":false},"excerpt":{"rendered":"<p>Subwooferul visat: B18.<\/p>\n<p>Nenum\u0103rate solicit\u0103ri ale clien\u021bilor au fost punctul de plecare pentru dezvoltarea sa. Construit \u00eentr-un design de trecere de band\u0103 simetric, B18-ul nostru sun\u0103 uimitor de controlat \u0219i profund \u00een acela\u0219i timp.<\/p>\n<p>Designul complet simetric al carcasei permite performan\u021be identice \u00een toate variantele de configurare. Re\u021belele de bas direc\u021bionale cu sub-uri par\u021bial rotite sunt, de asemenea, posibile \u00een toate variantele, indiferent dac\u0103 sunt plasate vertical, orizontal, unul peste altul sau unul l\u00e2ng\u0103 cel\u0103lalt.<\/p>\n<p>Pentru cablarea discret\u0103 a unor astfel de grupuri de bas direc\u021bionale, B18 are dou\u0103 prize suplimentare speakON&#x2122; \u00een grila frontal\u0103.<\/p>\n","protected":false},"featured_media":11821,"comment_status":"open","ping_status":"closed","template":"","meta":[],"product_brand":[],"product_cat":[19],"product_tag":[435,1313,1312,1315,1316,1314,55],"class_list":{"0":"post-11818","1":"product","2":"type-product","3":"status-publish","4":"has-post-thumbnail","6":"product_cat-tw-audio","7":"product_tag-b18","8":"product_tag-b21","9":"product_tag-boxe-profesionale","10":"product_tag-subwoofer","11":"product_tag-tw-audio-b18","12":"product_tag-tw-audio-b21","13":"product_tag-tw-audio","15":"first","16":"instock","17":"purchasable","18":"product-type-simple"},"jetpack_sharing_enabled":true,"_links":{"self":[{"href":"https:\/\/quintett.eu\/index.php?rest_route=\/wp\/v2\/product\/11818","targetHints":{"allow":["GET"]}}],"collection":[{"href":"https:\/\/quintett.eu\/index.php?rest_route=\/wp\/v2\/product"}],"about":[{"href":"https:\/\/quintett.eu\/index.php?rest_route=\/wp\/v2\/types\/product"}],"replies":[{"embeddable":true,"href":"https:\/\/quintett.eu\/index.php?rest_route=%2Fwp%2Fv2%2Fcomments&post=11818"}],"wp:featuredmedia":[{"embeddable":true,"href":"https:\/\/quintett.eu\/index.php?rest_route=\/wp\/v2\/media\/11821"}],"wp:attachment":[{"href":"https:\/\/quintett.eu\/index.php?rest_route=%2Fwp%2Fv2%2Fmedia&parent=11818"}],"wp:term":[{"taxonomy":"product_brand","embeddable":true,"href":"https:\/\/quintett.eu\/index.php?rest_route=%2Fwp%2Fv2%2Fproduct_brand&post=11818"},{"taxonomy":"product_cat","embeddable":true,"href":"https:\/\/quintett.eu\/index.php?rest_route=%2Fwp%2Fv2%2Fproduct_cat&post=11818"},{"taxonomy":"product_tag","embeddable":true,"href":"https:\/\/quintett.eu\/index.php?rest_route=%2Fwp%2Fv2%2Fproduct_tag&post=11818"}],"curies":[{"name":"wp","href":"https:\/\/api.w.org\/{rel}","templated":true}]}}