{"id":11842,"date":"2025-02-27T11:10:00","date_gmt":"2025-02-27T09:10:00","guid":{"rendered":"https:\/\/quintett.eu\/?post_type=product&#038;p=11842"},"modified":"2025-07-04T11:00:31","modified_gmt":"2025-07-04T09:00:31","slug":"tw-audio-c5","status":"publish","type":"product","link":"https:\/\/quintett.eu\/?product=tw-audio-c5","title":{"rendered":"TW Audio C5"},"content":{"rendered":"<p>TW AUDIO C5  Boxa multifunc\u021bionala C5, coaxial de 5\u201d \/ 1\u201d.<\/p>\n<p>LF: 1\u2005x\u20055&#8243;<br \/>\nHF: ie\u0219ire coaxial\u0103 1\u2005x\u20051&#8243; cu diafragm\u0103 de 1,75&#8243;<br \/>\nGama de frecvente: 90 \u2013 20000 Hz<br \/>\nProgram de capacitate de putere \/ v\u00e2rf: 250 \/ 500 W (pasiv)<br \/>\nImpedan\u021b\u0103: 24 \u03a9 (pasiv)<br \/>\nAcoperire (h x v): 110\u00b0 radial<br \/>\nSensibilitate 1 W \/ 1 m: 91 dB<br \/>\nSPLmax \/ 1 m: 117 dB<br \/>\nConexiune:NL4 1\u00b1, Terminal \u00b1<br \/>\nDimensiuni (Inaltime x L x A): 240 x 160 x 160 mm<br \/>\nGreutate: 3,9 kg<br \/>\nFinisaj: Vopsea textura Warnex<br \/>\nAccesorii: BagC5, MKC5, WHC5, WPC5<br \/>\nOp\u021biuni: culori RAL<br \/>\nClasa de protec\u021bie: IP54 (folosind WPC5)<\/p>\n<p>ATENTIE : Func\u021bionarea optima este recomandat\u0103 cu preseturi TW AUDIO dedicate pe amplificatoarele Lab Gruppen , Linea Research ,Powersoft sau Dynacord seriile TGX, IPX \u0219i L .<\/p>\n","protected":false},"excerpt":{"rendered":"<p>TW AUDIO C5  Boxa multifunc\u021bionala C5, coaxial de 5\u201d \/ 1\u201d.<br \/>\nC5 este o boxa pasiva de \u00eenalt\u0103 performan\u021b\u0103 \u0219i complet compact, aplicabil universal. Driverul s\u0103u coaxial de 5 inchi, cu o l\u0103\u021bime de 110 de grade, \u00eel predefineste \u00een special pentru aplica\u021bii \u00een c\u00e2mp apropiat, de exemplu ca umplere frontal\u0103 sau ca monitor discret \u00eentr-un studio TV l\u00e2ng\u0103 canapea.<br \/>\n\u00cen acela\u0219i timp, aceast\u0103 \u201eboxa mic\u0103\u201d poate fi uimitor de tare \u0219i surprinde publicul cu o distorsiune extrem de sc\u0103zut\u0103 \u0219i o reproducere natural\u0103.<br \/>\nConform obiceiului de la TW AUDIO, exist\u0103 \u0219i un crossover pasiv construit cu aten\u021bie \u0219i echilibrat precis, care permite utilizarea direct\u0103 pe amplificatoare standard f\u0103r\u0103 ajust\u0103ri suplimentare.<br \/>\nDatorit\u0103 carcasei integrale din spum\u0103 rigid\u0103 elaborat\u0103 \u0219i a lacului PU rezistent la \u0219ocuri, care este standard, C5 este potrivit pentru instala\u021bii permanente \u00een exterior.<\/p>\n","protected":false},"featured_media":11843,"comment_status":"open","ping_status":"closed","template":"","meta":[],"product_brand":[],"product_cat":[19,96],"product_tag":[68,69,1322,1326,1323,1320,1319,1321,1327,55],"class_list":{"0":"post-11842","1":"product","2":"type-product","3":"status-publish","4":"has-post-thumbnail","6":"product_cat-tw-audio","7":"product_cat-toate-produsele-tw-audio","8":"product_tag-b30","9":"product_tag-bas","10":"product_tag-c12","11":"product_tag-c5","12":"product_tag-monitor-coaxial","13":"product_tag-tw-audio-b30","14":"product_tag-tw-audio-bs30","15":"product_tag-tw-audio-c12","16":"product_tag-tw-audio-c5","17":"product_tag-tw-audio","19":"first","20":"instock","21":"purchasable","22":"product-type-simple"},"jetpack_sharing_enabled":true,"_links":{"self":[{"href":"https:\/\/quintett.eu\/index.php?rest_route=\/wp\/v2\/product\/11842","targetHints":{"allow":["GET"]}}],"collection":[{"href":"https:\/\/quintett.eu\/index.php?rest_route=\/wp\/v2\/product"}],"about":[{"href":"https:\/\/quintett.eu\/index.php?rest_route=\/wp\/v2\/types\/product"}],"replies":[{"embeddable":true,"href":"https:\/\/quintett.eu\/index.php?rest_route=%2Fwp%2Fv2%2Fcomments&post=11842"}],"wp:featuredmedia":[{"embeddable":true,"href":"https:\/\/quintett.eu\/index.php?rest_route=\/wp\/v2\/media\/11843"}],"wp:attachment":[{"href":"https:\/\/quintett.eu\/index.php?rest_route=%2Fwp%2Fv2%2Fmedia&parent=11842"}],"wp:term":[{"taxonomy":"product_brand","embeddable":true,"href":"https:\/\/quintett.eu\/index.php?rest_route=%2Fwp%2Fv2%2Fproduct_brand&post=11842"},{"taxonomy":"product_cat","embeddable":true,"href":"https:\/\/quintett.eu\/index.php?rest_route=%2Fwp%2Fv2%2Fproduct_cat&post=11842"},{"taxonomy":"product_tag","embeddable":true,"href":"https:\/\/quintett.eu\/index.php?rest_route=%2Fwp%2Fv2%2Fproduct_tag&post=11842"}],"curies":[{"name":"wp","href":"https:\/\/api.w.org\/{rel}","templated":true}]}}