{"id":11848,"date":"2025-02-27T11:32:33","date_gmt":"2025-02-27T09:32:33","guid":{"rendered":"https:\/\/quintett.eu\/?post_type=product&#038;p=11848"},"modified":"2025-07-04T10:59:43","modified_gmt":"2025-07-04T08:59:43","slug":"tw-audio-m15","status":"publish","type":"product","link":"https:\/\/quintett.eu\/?product=tw-audio-m15","title":{"rendered":"TW Audio M15"},"content":{"rendered":"<p>TW AUDIO M15 | Monitor pasiv multifunctional 15&#8243;<\/p>\n<p>Box\u0103 multifunctional\u0103 1x 15&#8243; \/ 1,4&#8243;, 8ohm<br \/>\ndomeniul de acoperire 75 x 50 de grade (claxon rotativ)<br \/>\nSPLmax 131 dB<br \/>\nCapacitate program 800 W<br \/>\nGama de frecvente: 50-19000 Hz<br \/>\n\u0218asiu asimetric cu unghi de monitorizare de 50\/70 de grade<br \/>\nTrei jiguri de prindere integrate<br \/>\nFlan\u0219\u0103 \u00eenalt\u0103 integrat\u0103<br \/>\nDimensiuni 706 x 440 x 374 mm<br \/>\nGreutate 24,4 kg<br \/>\nVersiune st\u00e2nga sau dreapta op\u021bional\u0103<\/p>\n<p>ATENTIE : Func\u021bionarea optima este recomandat\u0103 cu preseturi TW AUDIO dedicate pe amplificatoarele Lab Gruppen , Linea Research ,Powersoft sau Dynacord seriile TGX, IPX \u0219i L .<\/p>\n","protected":false},"excerpt":{"rendered":"<p>TW AUDIO M15 | Monitor pasiv multifunctional 15&#8243;<\/p>\n<p>\u00cen modul independent nu ave\u021bi nevoie de controler sau egalizare activ\u0103. Doar conecteaz\u0103-te, joac\u0103-te \u0219i inspir\u0103-te. Reproducerea sa curat\u0103 \u0219i transparen\u021ba audio, precum \u0219i fiabilitatea ridicat\u0103 a feedback-ului sunt factori care \u00eel fac foarte distractiv.<br \/>\nDifuzoarele asimetrice disponibile cu carcase din st\u00e2nga \u0219i din dreapta \u00ee\u0219i fac utilizarea ca monitor profesionist. Chiar ar trebui s\u0103 asculta\u021bi combina\u021bia cu un B15 \u00eencruci\u0219at pasiv, ca umplere de tobe sau PA mic de club.<\/p>\n","protected":false},"featured_media":11850,"comment_status":"open","ping_status":"closed","template":"","meta":[],"product_brand":[],"product_cat":[19,96],"product_tag":[68,69,1322,1326,1329,1323,1330,1320,1319,1321,1327,1328,55],"class_list":{"0":"post-11848","1":"product","2":"type-product","3":"status-publish","4":"has-post-thumbnail","6":"product_cat-tw-audio","7":"product_cat-toate-produsele-tw-audio","8":"product_tag-b30","9":"product_tag-bas","10":"product_tag-c12","11":"product_tag-c5","12":"product_tag-m15","13":"product_tag-monitor-coaxial","14":"product_tag-monitor-pasiv","15":"product_tag-tw-audio-b30","16":"product_tag-tw-audio-bs30","17":"product_tag-tw-audio-c12","18":"product_tag-tw-audio-c5","19":"product_tag-tw-audio-m15","20":"product_tag-tw-audio","22":"first","23":"instock","24":"purchasable","25":"product-type-simple"},"jetpack_sharing_enabled":true,"_links":{"self":[{"href":"https:\/\/quintett.eu\/index.php?rest_route=\/wp\/v2\/product\/11848","targetHints":{"allow":["GET"]}}],"collection":[{"href":"https:\/\/quintett.eu\/index.php?rest_route=\/wp\/v2\/product"}],"about":[{"href":"https:\/\/quintett.eu\/index.php?rest_route=\/wp\/v2\/types\/product"}],"replies":[{"embeddable":true,"href":"https:\/\/quintett.eu\/index.php?rest_route=%2Fwp%2Fv2%2Fcomments&post=11848"}],"wp:featuredmedia":[{"embeddable":true,"href":"https:\/\/quintett.eu\/index.php?rest_route=\/wp\/v2\/media\/11850"}],"wp:attachment":[{"href":"https:\/\/quintett.eu\/index.php?rest_route=%2Fwp%2Fv2%2Fmedia&parent=11848"}],"wp:term":[{"taxonomy":"product_brand","embeddable":true,"href":"https:\/\/quintett.eu\/index.php?rest_route=%2Fwp%2Fv2%2Fproduct_brand&post=11848"},{"taxonomy":"product_cat","embeddable":true,"href":"https:\/\/quintett.eu\/index.php?rest_route=%2Fwp%2Fv2%2Fproduct_cat&post=11848"},{"taxonomy":"product_tag","embeddable":true,"href":"https:\/\/quintett.eu\/index.php?rest_route=%2Fwp%2Fv2%2Fproduct_tag&post=11848"}],"curies":[{"name":"wp","href":"https:\/\/api.w.org\/{rel}","templated":true}]}}