{"id":11852,"date":"2025-02-27T11:40:15","date_gmt":"2025-02-27T09:40:15","guid":{"rendered":"https:\/\/quintett.eu\/?post_type=product&#038;p=11852"},"modified":"2025-07-04T10:45:02","modified_gmt":"2025-07-04T08:45:02","slug":"tw-audio-m12","status":"publish","type":"product","link":"https:\/\/quintett.eu\/?product=tw-audio-m12","title":{"rendered":"TW Audio M12"},"content":{"rendered":"<p>TW AUDIO M12 | Monitor pasiv multifunctional 12&#8243;<\/p>\n<p>Box\u0103 multifunctional\u0103 1x 12&#8243; \/ 1,4&#8243;, 8ohm<br \/>\nInterval de acoperire 75 x 50 de grade (claxon rotativ)<br \/>\nSPLmax 133 dB<br \/>\nCapacitate program 700 W<br \/>\nGama de frecvente: 60-19000 Hz<br \/>\n\u0218asiu asimetric cu unghi de monitorizare 50\/70 Grad<br \/>\nTrei dispozitive de prindere integrate, flan\u0219\u0103 \u00eenalt\u0103 integrat\u0103<br \/>\nDimensiuni 604 x 360 x 314 mm<br \/>\nGreutate 20,2 kg<br \/>\nVersiunea \u0219asiu din st\u00e2nga sau dreapta op\u021bional\u0103<\/p>\n<p>ATENTIE : Func\u021bionarea optima este recomandat\u0103 cu preseturi TW AUDIO dedicate pe amplificatoarele Lab Gruppen , Linea Research ,Powersoft sau Dynacord seriile TGX, IPX \u0219i L .<\/p>\n","protected":false},"excerpt":{"rendered":"<p>TW AUDIO M12 | Monitor pasiv multifunctional 12&#8243;<\/p>\n<p>M12 este echipamentul nostru de sunet universal!<br \/>\nNu numai c\u0103 arat\u0103 bine pe un trepied, dar este recomandat \u0219i pentru eficien\u021ba sa ridicat\u0103 \u00een gama medie, precum \u0219i pentru monitorul vocal superb, de \u00eenalt\u0103 performan\u021b\u0103. Design-urile asimetrice, cu carcase din st\u00e2nga \u0219i din dreapta, \u00eel fac \u0219i mai profesionist: dou\u0103 piese aranjate la un unghi V de 45\u00b0 pun vocea drept \u00een fa\u021ba ta!<br \/>\nCombinat cu B30, ca PA-SYS-TWO, face ca M12 s\u0103 fie extrem de atractiv pentru loca\u021bii mici \u0219i medii, \u00een ciuda cerin\u021belor de spa\u021biu discrete, o performan\u021b\u0103 uimitoare.<\/p>\n","protected":false},"featured_media":11853,"comment_status":"open","ping_status":"closed","template":"","meta":[],"product_brand":[],"product_cat":[19,96],"product_tag":[68,69,1322,1326,1370,1368,438,1329,1323,1330,1369,1320,1319,1321,1327,1331,1328,55],"class_list":{"0":"post-11852","1":"product","2":"type-product","3":"status-publish","4":"has-post-thumbnail","6":"product_cat-tw-audio","7":"product_cat-toate-produsele-tw-audio","8":"product_tag-b30","9":"product_tag-bas","10":"product_tag-c12","11":"product_tag-c5","12":"product_tag-instalatii-profesionale","13":"product_tag-instalatii-stadion","14":"product_tag-m12","15":"product_tag-m15","16":"product_tag-monitor-coaxial","17":"product_tag-monitor-pasiv","18":"product_tag-sonorizare-stadion","19":"product_tag-tw-audio-b30","20":"product_tag-tw-audio-bs30","21":"product_tag-tw-audio-c12","22":"product_tag-tw-audio-c5","23":"product_tag-tw-audio-m12","24":"product_tag-tw-audio-m15","25":"product_tag-tw-audio","27":"first","28":"instock","29":"purchasable","30":"product-type-simple"},"jetpack_sharing_enabled":true,"_links":{"self":[{"href":"https:\/\/quintett.eu\/index.php?rest_route=\/wp\/v2\/product\/11852","targetHints":{"allow":["GET"]}}],"collection":[{"href":"https:\/\/quintett.eu\/index.php?rest_route=\/wp\/v2\/product"}],"about":[{"href":"https:\/\/quintett.eu\/index.php?rest_route=\/wp\/v2\/types\/product"}],"replies":[{"embeddable":true,"href":"https:\/\/quintett.eu\/index.php?rest_route=%2Fwp%2Fv2%2Fcomments&post=11852"}],"wp:featuredmedia":[{"embeddable":true,"href":"https:\/\/quintett.eu\/index.php?rest_route=\/wp\/v2\/media\/11853"}],"wp:attachment":[{"href":"https:\/\/quintett.eu\/index.php?rest_route=%2Fwp%2Fv2%2Fmedia&parent=11852"}],"wp:term":[{"taxonomy":"product_brand","embeddable":true,"href":"https:\/\/quintett.eu\/index.php?rest_route=%2Fwp%2Fv2%2Fproduct_brand&post=11852"},{"taxonomy":"product_cat","embeddable":true,"href":"https:\/\/quintett.eu\/index.php?rest_route=%2Fwp%2Fv2%2Fproduct_cat&post=11852"},{"taxonomy":"product_tag","embeddable":true,"href":"https:\/\/quintett.eu\/index.php?rest_route=%2Fwp%2Fv2%2Fproduct_tag&post=11852"}],"curies":[{"name":"wp","href":"https:\/\/api.w.org\/{rel}","templated":true}]}}