{"id":11857,"date":"2025-02-27T12:06:53","date_gmt":"2025-02-27T10:06:53","guid":{"rendered":"https:\/\/quintett.eu\/?post_type=product&#038;p=11857"},"modified":"2025-07-04T10:44:47","modified_gmt":"2025-07-04T08:44:47","slug":"tw-audio-m10","status":"publish","type":"product","link":"https:\/\/quintett.eu\/?product=tw-audio-m10","title":{"rendered":"TW Audio M10"},"content":{"rendered":"<p>TW AUDIO M10 | Monitor pasiv multifunctional 10&#8243;<\/p>\n<p>Box\u0103 multifunctional\u0103 1x 10&#8243; \/ 1,4&#8243;, 8ohm<br \/>\nInterval de acoperire 75&#215;50 grade (palnie inalta rotativ\u0103)<br \/>\nSPLmax 127 dB\/1 m<br \/>\nCapacitate program 600 W<br \/>\nGama de frecvente: 68-19000 Hz<br \/>\n\u0218asiu asimetric cu unghi de monitorizare de 55\/70 de grade<br \/>\nTrei dispozitive de zbor integrate, flan\u0219\u0103 \u00eenalt\u0103 integrat\u0103<br \/>\nDimensiuni 505 x 300 x 280mm<br \/>\nGreutate 15,2 kg<br \/>\nVersiune op\u021bional\u0103 cu \u0219asiu st\u00e2nga sau dreapta<\/p>\n<p>ATENTIE : Func\u021bionarea optima este recomandat\u0103 cu preseturi TW AUDIO dedicate pe amplificatoarele Lab Gruppen , Linea Research ,Powersoft sau Dynacord seriile TGX, IPX \u0219i L .<\/p>\n","protected":false},"excerpt":{"rendered":"<p>TW AUDIO M10 | Monitor pasiv multifunctional 10&#8243;<\/p>\n<p>Un titlu potrivit pentru a descrie M10, noul nostru difuzor multifunc\u021bional. La urma urmei, nu am fi TW AUDIO dac\u0103 tocmai am fi construit o cutie de zece inci. \u00cen schimb, am petrecut timp considerabil dezvolt\u0103rii, test\u0103rii \u0219i optimiz\u0103rii unui produs care combin\u0103 avantajele lui M8 cu puterea lui M12. Am ajuns la un produs unic, mai puternic, mai compact \u0219i chiar mai versatil.<br \/>\nM10 \u00eemp\u0103rt\u0103\u0219e\u0219te punctele forte ale familiei, cum ar fi un design trapezoidal, asimetric, derivat din M12, echipat cu m\u00e2nerele noastre obi\u0219nuite \u0219i \u0219ine de prindere aerian. Versiunile cutiei din st\u00e2nga \u0219i din dreapta \u00eenseamn\u0103 c\u0103 cuplurile pereche de M10 pot fi utilizate pentru aplica\u021bii de monitorizare de \u00eenalt\u0103 calitate, de ex. ca monitoare de podea dispuse \u00een simetrie opus\u0103 cu driverele HF la ambele capete.<\/p>\n","protected":false},"featured_media":11860,"comment_status":"open","ping_status":"closed","template":"","meta":[],"product_brand":[],"product_cat":[19,96],"product_tag":[68,69,1322,1326,434,438,1329,1323,1330,1320,1319,1321,1327,1332,1331,1328,55],"class_list":{"0":"post-11857","1":"product","2":"type-product","3":"status-publish","4":"has-post-thumbnail","6":"product_cat-tw-audio","7":"product_cat-toate-produsele-tw-audio","8":"product_tag-b30","9":"product_tag-bas","10":"product_tag-c12","11":"product_tag-c5","12":"product_tag-m10","13":"product_tag-m12","14":"product_tag-m15","15":"product_tag-monitor-coaxial","16":"product_tag-monitor-pasiv","17":"product_tag-tw-audio-b30","18":"product_tag-tw-audio-bs30","19":"product_tag-tw-audio-c12","20":"product_tag-tw-audio-c5","21":"product_tag-tw-audio-m10","22":"product_tag-tw-audio-m12","23":"product_tag-tw-audio-m15","24":"product_tag-tw-audio","26":"first","27":"instock","28":"purchasable","29":"product-type-simple"},"jetpack_sharing_enabled":true,"_links":{"self":[{"href":"https:\/\/quintett.eu\/index.php?rest_route=\/wp\/v2\/product\/11857","targetHints":{"allow":["GET"]}}],"collection":[{"href":"https:\/\/quintett.eu\/index.php?rest_route=\/wp\/v2\/product"}],"about":[{"href":"https:\/\/quintett.eu\/index.php?rest_route=\/wp\/v2\/types\/product"}],"replies":[{"embeddable":true,"href":"https:\/\/quintett.eu\/index.php?rest_route=%2Fwp%2Fv2%2Fcomments&post=11857"}],"wp:featuredmedia":[{"embeddable":true,"href":"https:\/\/quintett.eu\/index.php?rest_route=\/wp\/v2\/media\/11860"}],"wp:attachment":[{"href":"https:\/\/quintett.eu\/index.php?rest_route=%2Fwp%2Fv2%2Fmedia&parent=11857"}],"wp:term":[{"taxonomy":"product_brand","embeddable":true,"href":"https:\/\/quintett.eu\/index.php?rest_route=%2Fwp%2Fv2%2Fproduct_brand&post=11857"},{"taxonomy":"product_cat","embeddable":true,"href":"https:\/\/quintett.eu\/index.php?rest_route=%2Fwp%2Fv2%2Fproduct_cat&post=11857"},{"taxonomy":"product_tag","embeddable":true,"href":"https:\/\/quintett.eu\/index.php?rest_route=%2Fwp%2Fv2%2Fproduct_tag&post=11857"}],"curies":[{"name":"wp","href":"https:\/\/api.w.org\/{rel}","templated":true}]}}