{"id":11866,"date":"2025-02-27T12:23:27","date_gmt":"2025-02-27T10:23:27","guid":{"rendered":"https:\/\/quintett.eu\/?post_type=product&#038;p=11866"},"modified":"2025-07-04T10:44:08","modified_gmt":"2025-07-04T08:44:08","slug":"tw-audio-m6","status":"publish","type":"product","link":"https:\/\/quintett.eu\/?product=tw-audio-m6","title":{"rendered":"TW Audio M6"},"content":{"rendered":"<p>TW AUDIO M6| Monitor pasiv multifunctional 6&#8243;<\/p>\n<p>Difuzor multifunctional 1x 6,5&#8243;\/1&#8243;,16ohm<br \/>\nInterval de acoperire 90&#215;60 grade (driver rotativ)<br \/>\nSPLmax 119 dB\/1m<br \/>\nCapacitate program 250 W<br \/>\nGama de frecvente: 80-20000 Hz<br \/>\n\u0218asiu asimetric cu unghi de monitorizare de 55\/70 de grade<br \/>\n\u0218ase filete M10 \u00eencorporate pentru accesorii pentru monitor<br \/>\nDimensiuni 360 x 192 x 200 mm, greutate 5,8 kg<\/p>\n<p>ATENTIE : Func\u021bionarea optima este recomandat\u0103 cu preseturi TW AUDIO dedicate pe amplificatoarele Lab Gruppen , Linea Research ,Powersoft sau Dynacord seriile TGX, IPX \u0219i L .<\/p>\n","protected":false},"excerpt":{"rendered":"<p>TW AUDIO M6 | Monitor pasiv multifunctional 6&#8243;<\/p>\n<p>Cel mai mic din grupul nostru. Dar nu-l subestima! \u0219tim deja acest text deja de la M8? Corect ? Exist\u0103 un urma\u0219! \u0218i, a\u0219a cum este adesea cazul, ofer\u0103 o acustic\u0103 puternic\u0103.<br \/>\nCu M6 extindem \u00een jos gama de produse din seria M. Oriunde M8 este prea mare, M6 va g\u0103si cu siguran\u021b\u0103 un loc. \u00cel po\u021bi ascunde pur \u0219i simplu f\u0103r\u0103 efort. De\u0219i nu trebuie. Pentru c\u0103 cu aceea\u0219i unitate impun\u0103toare de gam\u0103 \u00eenalt\u0103 ca M8 \u0219i un driver de 6,5 de performan\u021b\u0103 extrem de ridicat\u0103, difuzorul mic c\u00e2nt\u0103 mare! Grandios \u0219i puternic poate fi plasat oriunde ave\u021bi nevoie de un aspect deosebit de discret. Prin urmare, cutia excelent asamblat\u0103 este uimitoare prin omogenitate \u0219i naturale\u021be. Chiar \u0219i la abur. Acest lucru a fost important pentru noi, pentru c\u0103 astfel pute\u021bi face mai mult dec\u00e2t s\u0103 ave\u021bi doar cutia de 6,5. Po\u021bi face mult mai mult. Desigur, micul M6 poate fi combinat f\u0103r\u0103 probleme cu to\u021bi fra\u021bii \u0219i surorile mai mari. Chiar \u0219i \u00een afara seriei M. Acesta este un dat.<br \/>\n\u0218i cine s-ar fi a\u0219teptat la altceva. M6 are, de asemenea, un crossover audio pasiv extins. Un tweeter cu corn optimizat folosind metoda elementelor limit\u0103 (BEM) care are o radia\u021bie precis\u0103. Ca de obicei, exist\u0103 variante de carcas\u0103 st\u00e2nga \u0219i dreapta. Exist\u0103 \u00eentotdeauna patru conectori pentru vorbire \u0219i accesorii extinse.<br \/>\nPrin urmare, \u00een viitor, ne putem a\u0219tepta ca acest dispozitiv mic s\u0103 fie un mare succes. M6 are \u00eentotdeauna lucrurile potrivite pentru asta.<\/p>\n","protected":false},"featured_media":11869,"comment_status":"open","ping_status":"closed","template":"","meta":[],"product_brand":[],"product_cat":[19,96],"product_tag":[68,69,1322,1326,434,438,1329,1336,1333,1323,1330,1320,1319,1321,1327,1332,1331,1328,1335,1334,55],"class_list":{"0":"post-11866","1":"product","2":"type-product","3":"status-publish","4":"has-post-thumbnail","6":"product_cat-tw-audio","7":"product_cat-toate-produsele-tw-audio","8":"product_tag-b30","9":"product_tag-bas","10":"product_tag-c12","11":"product_tag-c5","12":"product_tag-m10","13":"product_tag-m12","14":"product_tag-m15","15":"product_tag-m6","16":"product_tag-m8","17":"product_tag-monitor-coaxial","18":"product_tag-monitor-pasiv","19":"product_tag-tw-audio-b30","20":"product_tag-tw-audio-bs30","21":"product_tag-tw-audio-c12","22":"product_tag-tw-audio-c5","23":"product_tag-tw-audio-m10","24":"product_tag-tw-audio-m12","25":"product_tag-tw-audio-m15","26":"product_tag-tw-audio-m6","27":"product_tag-tw-audio-m8","28":"product_tag-tw-audio","30":"first","31":"instock","32":"purchasable","33":"product-type-simple"},"jetpack_sharing_enabled":true,"_links":{"self":[{"href":"https:\/\/quintett.eu\/index.php?rest_route=\/wp\/v2\/product\/11866","targetHints":{"allow":["GET"]}}],"collection":[{"href":"https:\/\/quintett.eu\/index.php?rest_route=\/wp\/v2\/product"}],"about":[{"href":"https:\/\/quintett.eu\/index.php?rest_route=\/wp\/v2\/types\/product"}],"replies":[{"embeddable":true,"href":"https:\/\/quintett.eu\/index.php?rest_route=%2Fwp%2Fv2%2Fcomments&post=11866"}],"wp:featuredmedia":[{"embeddable":true,"href":"https:\/\/quintett.eu\/index.php?rest_route=\/wp\/v2\/media\/11869"}],"wp:attachment":[{"href":"https:\/\/quintett.eu\/index.php?rest_route=%2Fwp%2Fv2%2Fmedia&parent=11866"}],"wp:term":[{"taxonomy":"product_brand","embeddable":true,"href":"https:\/\/quintett.eu\/index.php?rest_route=%2Fwp%2Fv2%2Fproduct_brand&post=11866"},{"taxonomy":"product_cat","embeddable":true,"href":"https:\/\/quintett.eu\/index.php?rest_route=%2Fwp%2Fv2%2Fproduct_cat&post=11866"},{"taxonomy":"product_tag","embeddable":true,"href":"https:\/\/quintett.eu\/index.php?rest_route=%2Fwp%2Fv2%2Fproduct_tag&post=11866"}],"curies":[{"name":"wp","href":"https:\/\/api.w.org\/{rel}","templated":true}]}}