{"id":11874,"date":"2025-02-27T12:34:55","date_gmt":"2025-02-27T10:34:55","guid":{"rendered":"https:\/\/quintett.eu\/?post_type=product&#038;p=11874"},"modified":"2025-03-15T18:08:53","modified_gmt":"2025-03-15T16:08:53","slug":"tw-audio-vera36","status":"publish","type":"product","link":"https:\/\/quintett.eu\/?product=tw-audio-vera36","title":{"rendered":"TW AUDIO &#8211; VERA36"},"content":{"rendered":"<p>TW AUDIO VERA36 &#8211; Line Array vertical , cu difuzoare pe trei c\u0103i, 2 x 10 &#8222;LF \/ 2 x 8&#8220; MF \/ 2x 1,4 &#8222;HF, 38 kg<\/p>\n<p>Line array vertical, difuzoare cu trei c\u0103i, 2 x 10 &#8222;LF \/ 2 x 8&#8220; MF \/ 2x 1,4 &#8222;HF<br \/>\nCrossover pasiv integrat \u00eentre MF \u0219i HF, bi-amplificat<br \/>\nUnghi 80 x 10 grade sau 120 x 10 grade<br \/>\nGama de frecventa 60 &#8211; 16000 Hz<br \/>\nImpedan\u021b\u0103 8 ohmi LF \/ 8 ohmi MHF<br \/>\nCapacitate de putere Program: Sc\u0103zut 1000W \/ Mid Hight 800W<br \/>\nCapacitate de putere V\u00e2rf: Sc\u0103zut 2000W \/ Mid Hight 1600W<br \/>\nSPLmax 141dB \/ 1m, jig de zbor integrat<br \/>\nDimensiuni 310 x 700 x 580 mm<br \/>\nGreutate 38 kg<br \/>\nVopsea poliuree<\/p>\n<p>ATENTIE : Func\u021bionarea optima este recomandat\u0103 cu preseturi TW AUDIO dedicate pe amplificatoarele Lab Gruppen , Linea Research ,Powersoft sau Dynacord seriile TGX, IPX \u0219i L .<\/p>\n","protected":false},"excerpt":{"rendered":"<p>TW AUDIO VERA36 &#8211; Line Array vertical , cu difuzoare pe trei c\u0103i, 2 x 10 &#8222;LF \/ 2 x 8&#8220; MF \/ 2x 1,4 &#8222;HF, 38 kg<\/p>\n<p>Ar fi mult prea u\u0219or s\u0103 descriem VERA36 ca fiind sora mai mare a sistemului nostru de succes VERA10.<br \/>\nDar la fel ca \u0219i surorile adev\u0103rate, cele dou\u0103 au ceva \u00een comun. N\u0103scute din sistemele de difuzoare \u0219i cre\u00e2nd noi dimensiuni pentru tehnologia echipamentelor profesionale de sunet, ambele au trecut prin multe faze de dezvoltare, construc\u021bie \u0219i testare.<\/p>\n<p>Dar \u0219i surorile sunt diferite una de cealalt\u0103.<\/p>\n<p>\u0218i uneori aceste diferen\u021be pot fi uria\u0219e.<br \/>\nVERA36 preia meseriile de care sora ei mai mic\u0103 VERA10 prefer\u0103 s\u0103 se retrag\u0103, cu evenimente de anvergur\u0103 \u00een afaceri de turism sau pentru instala\u021bii \u00een s\u0103li mari \u0219i stadioane.<br \/>\n\u0218i toate cu o calitate familiar\u0103 TW AUDIO. Cu difuzoare special concepute, de ultim\u0103 genera\u021bie din punct de vedere tehnic, \u00eentr-o carcas\u0103 din placaj de mesteac\u0103n de \u00eenalt\u0103 calitate, fabricat\u0103 CNC, finisat\u0103 cu un strat de poliuretan rezistent, toate asamblate \u0219i testate la fabrica noastr\u0103 din Ludwigsburg.<br \/>\nA\u021bi putea descrie VERA36 ca un sistem VERtical Array extraordinar de compact, cuplat cu inteligibilitate str\u0103lucitoare \u0219i clar\u0103 a vorbirii, calitate \u0219i dinamic\u0103 a tonului \u0219i putere sc\u0103zut\u0103-medie pe care le-a\u021bi v\u0103zut p\u00e2n\u0103 acum doar \u00een sisteme mult mai mari. Sunet de ultim\u0103 genera\u021bie la FOH chiar \u0219i la 40 m distan\u021b\u0103.<\/p>\n","protected":false},"featured_media":11894,"comment_status":"open","ping_status":"closed","template":"","meta":[],"product_brand":[],"product_cat":[19],"product_tag":[354,138,445,139,1337,407,1338,55],"class_list":{"0":"post-11874","1":"product","2":"type-product","3":"status-publish","4":"has-post-thumbnail","6":"product_cat-tw-audio","7":"product_tag-cardioid","8":"product_tag-ella","9":"product_tag-ella-6","10":"product_tag-line-array","11":"product_tag-line-array-sistem","12":"product_tag-sistem-sunet","13":"product_tag-tw-audio-vera36","14":"product_tag-tw-audio","16":"first","17":"instock","18":"sold-individually","19":"product-type-simple"},"jetpack_sharing_enabled":true,"_links":{"self":[{"href":"https:\/\/quintett.eu\/index.php?rest_route=\/wp\/v2\/product\/11874","targetHints":{"allow":["GET"]}}],"collection":[{"href":"https:\/\/quintett.eu\/index.php?rest_route=\/wp\/v2\/product"}],"about":[{"href":"https:\/\/quintett.eu\/index.php?rest_route=\/wp\/v2\/types\/product"}],"replies":[{"embeddable":true,"href":"https:\/\/quintett.eu\/index.php?rest_route=%2Fwp%2Fv2%2Fcomments&post=11874"}],"wp:featuredmedia":[{"embeddable":true,"href":"https:\/\/quintett.eu\/index.php?rest_route=\/wp\/v2\/media\/11894"}],"wp:attachment":[{"href":"https:\/\/quintett.eu\/index.php?rest_route=%2Fwp%2Fv2%2Fmedia&parent=11874"}],"wp:term":[{"taxonomy":"product_brand","embeddable":true,"href":"https:\/\/quintett.eu\/index.php?rest_route=%2Fwp%2Fv2%2Fproduct_brand&post=11874"},{"taxonomy":"product_cat","embeddable":true,"href":"https:\/\/quintett.eu\/index.php?rest_route=%2Fwp%2Fv2%2Fproduct_cat&post=11874"},{"taxonomy":"product_tag","embeddable":true,"href":"https:\/\/quintett.eu\/index.php?rest_route=%2Fwp%2Fv2%2Fproduct_tag&post=11874"}],"curies":[{"name":"wp","href":"https:\/\/api.w.org\/{rel}","templated":true}]}}