{"id":11887,"date":"2025-02-27T12:52:23","date_gmt":"2025-02-27T10:52:23","guid":{"rendered":"https:\/\/quintett.eu\/?post_type=product&#038;p=11887"},"modified":"2025-03-15T18:08:42","modified_gmt":"2025-03-15T16:08:42","slug":"tw-audio-vera20","status":"publish","type":"product","link":"https:\/\/quintett.eu\/?product=tw-audio-vera20","title":{"rendered":"TW AUDIO &#8211; VERA20"},"content":{"rendered":"<p>TW AUDIO VERA20 &#8211; TW AUDIO VERA20-80 | Difuzor Line Array 2&#215;10 LF \u0219i 1X1,4 HF, 80o, bi-amplificat, cu crossover pasiv<\/p>\n<p>Line Array vertical<br \/>\nDifuzor cu dou\u0103 c\u0103i, 2 x 10 &#8222;LF \/ 1x 1,4&#8220; HF<br \/>\nCrossover pasiv integrat, bi-amplificat<br \/>\nUnghi de acoperire: 80\u00b0 x 12\u00b0 \/ 120\u00b0 x 12\u00b0<br \/>\nGama de frecvente: 63 &#8211; 18000 Hz<br \/>\nImpedanta: 8 ohmi<br \/>\nCapacitate program: 1000W<br \/>\nSPL-max 139dB\/1m<br \/>\nJig zbur\u0103tor integrat<br \/>\nDimensiuni: 284 x 600 x 400 mm<br \/>\nGreutate: 24 kg<br \/>\nVopsea poliuree<\/p>\n<p>ATENTIE : Func\u021bionarea optima este recomandat\u0103 cu preseturi TW AUDIO dedicate pe amplificatoarele Lab Gruppen , Linea Research ,Powersoft sau Dynacord seriile TGX, IPX \u0219i L .<\/p>\n","protected":false},"excerpt":{"rendered":"<p>TW AUDIO VERA20-80 | Difuzor Line Array 2&#215;10 LF \u0219i 1X1,4 HF, 80o, bi-amplificat, cu crossover pasiv<\/p>\n<p>VERA20 este echipata cu dou\u0103 difuzoare de 10 pentru frecven\u021bele joase-medii \u0219i un ghid de und\u0103 nou dezvoltat cu un driver de compresie de 1,4 mediu-\u00eenalt. M\u0103sur\u00e2nd doar 60 cm \u00een l\u0103\u021bime, difuzorul face parte dintr-o matrice vertical\u0103 de p\u00e2n\u0103 la 24 de elemente.<br \/>\n\u00cen compara\u021bie cu sistemele tipice duble 8, cele dou\u0103 drivere de 10 ale VERA20 sunt capabile s\u0103 reproduc\u0103 cu p\u00e2n\u0103 la 6 dB mai mult\u0103 ie\u0219ire \u00een intervalul de frecven\u021b\u0103 joas\u0103-medie cu distorsiuni mai mici.<br \/>\nDriverul de compresie de 1,4 nou dezvoltat \u0219i ghidul de und\u0103 reproduc un r\u0103spuns fluid \u0219i precis pentru o reproducere natural\u0103 a vocii \u0219i a muzicii. Punctul de trecere a frecven\u021bei joase de aproximativ 1?kHz garanteaz\u0103 o acoperire precis\u0103 \u0219i uniform\u0103 chiar \u0219i \u00een domeniul de tranzi\u021bie sensibil.<\/p>\n","protected":false},"featured_media":11888,"comment_status":"open","ping_status":"closed","template":"","meta":[],"product_brand":[],"product_cat":[19],"product_tag":[354,138,445,1370,1368,139,1337,407,1369,1341,1343,1338,55,1342,1344],"class_list":{"0":"post-11887","1":"product","2":"type-product","3":"status-publish","4":"has-post-thumbnail","6":"product_cat-tw-audio","7":"product_tag-cardioid","8":"product_tag-ella","9":"product_tag-ella-6","10":"product_tag-instalatii-profesionale","11":"product_tag-instalatii-stadion","12":"product_tag-line-array","13":"product_tag-line-array-sistem","14":"product_tag-sistem-sunet","15":"product_tag-sonorizare-stadion","16":"product_tag-tw-audio-vera-32","17":"product_tag-tw-audio-vera20","18":"product_tag-tw-audio-vera36","19":"product_tag-tw-audio","20":"product_tag-vera-20","21":"product_tag-vera20","23":"first","24":"instock","25":"sold-individually","26":"product-type-simple"},"jetpack_sharing_enabled":true,"_links":{"self":[{"href":"https:\/\/quintett.eu\/index.php?rest_route=\/wp\/v2\/product\/11887","targetHints":{"allow":["GET"]}}],"collection":[{"href":"https:\/\/quintett.eu\/index.php?rest_route=\/wp\/v2\/product"}],"about":[{"href":"https:\/\/quintett.eu\/index.php?rest_route=\/wp\/v2\/types\/product"}],"replies":[{"embeddable":true,"href":"https:\/\/quintett.eu\/index.php?rest_route=%2Fwp%2Fv2%2Fcomments&post=11887"}],"wp:featuredmedia":[{"embeddable":true,"href":"https:\/\/quintett.eu\/index.php?rest_route=\/wp\/v2\/media\/11888"}],"wp:attachment":[{"href":"https:\/\/quintett.eu\/index.php?rest_route=%2Fwp%2Fv2%2Fmedia&parent=11887"}],"wp:term":[{"taxonomy":"product_brand","embeddable":true,"href":"https:\/\/quintett.eu\/index.php?rest_route=%2Fwp%2Fv2%2Fproduct_brand&post=11887"},{"taxonomy":"product_cat","embeddable":true,"href":"https:\/\/quintett.eu\/index.php?rest_route=%2Fwp%2Fv2%2Fproduct_cat&post=11887"},{"taxonomy":"product_tag","embeddable":true,"href":"https:\/\/quintett.eu\/index.php?rest_route=%2Fwp%2Fv2%2Fproduct_tag&post=11887"}],"curies":[{"name":"wp","href":"https:\/\/api.w.org\/{rel}","templated":true}]}}